{"id":5461,"date":"2023-05-19T11:52:41","date_gmt":"2023-05-19T09:52:41","guid":{"rendered":"https:\/\/wearevillage.org\/?post_type=product&#038;p=5461"},"modified":"2023-06-08T23:03:28","modified_gmt":"2023-06-08T21:03:28","slug":"queer-trans-focused-yoga-class-w21","status":"publish","type":"product","link":"https:\/\/wearevillage.org\/shop\/trans-focused-yoga-w21\/","title":{"rendered":"Queer Trans*-focused Yoga Class"},"content":{"rendered":"<div class=\"wpb-content-wrapper\"><div class=\"vc_row wpb_row vc_row-fluid\"><div class=\"wpb_column vc_column_container vc_col-sm-10\"><div class=\"vc_column-inner\"><div class=\"wpb_wrapper\"><div class=\"vc_row wpb_row vc_inner vc_row-fluid\"><div class=\"wpb_column vc_column_container vc_col-sm-2\"><div class=\"vc_column-inner\"><div class=\"wpb_wrapper\"><\/div><\/div><\/div><\/div><\/div><\/div><\/div><div class=\"wpb_column vc_column_container vc_col-sm-2\"><div class=\"vc_column-inner\"><div class=\"wpb_wrapper\"><\/div><\/div><\/div><\/div><div class=\"vc_row wpb_row vc_row-fluid\"><div class=\"wpb_column vc_column_container vc_col-sm-12\"><div class=\"vc_column-inner\"><div class=\"wpb_wrapper\"><h4 style=\"text-align: left\" class=\"vc_custom_heading vc_do_custom_heading\" >Queer Trans*-focused Yoga Class<\/h4><h5 style=\"text-align: left\" class=\"vc_custom_heading vc_do_custom_heading\" >Heart<\/h5>\n\t<div class=\"wpb_text_column wpb_content_element\" >\n\t\t<div class=\"wpb_wrapper\">\n\t\t\t<div class=\"x11i5rnm xat24cr x1mh8g0r x1vvkbs xtlvy1s\">\n<p>Das ist eine Einladung an jene, die sich in traditionellen Yoga-R\u00e4umen nicht gesehen und geh\u00f6rt f\u00fchlen. Die Yogastunde ist f\u00fcr queere, trans* und\/oder sich hinterfragende Menschen gedacht. Sowie f\u00fcr jene, die Binder nutzen, sich von der Mastektomie erholen oder fett sind.<\/p>\n<p>Fett-positiv! Queer-affirmativ! Geschlechtsneutrale und geschlechter\u00fcbergreifende Gemeinschaft! Sei du selbst!<\/p>\n<p>Was erwartet dich?<\/p>\n<p>\u2022 Erdung, gef\u00fchrte Meditation<br \/>\n\u2022 Sanftes Yoga<br \/>\n\u2022 Gender-affirmative und fett-positive\/gewichtsneutrale Sprache + Anweisungen<br \/>\n\u2022 Gemeinschaft<br \/>\n\u2022 Tiefe Entspannung<\/p>\n<p>Dich erwartet eine zug\u00e4ngliche Yogastunde f\u00fcr Anf\u00e4nger.<br \/>\nDie Yoga Stunde wird sich auf queere, trans und fette Menschen fokussieren.<\/p>\n<\/div>\n\n\t\t<\/div>\n\t<\/div>\n\n\t<div class=\"wpb_text_column wpb_content_element\" >\n\t\t<div class=\"wpb_wrapper\">\n\t\t\t<div class=\"x11i5rnm xat24cr x1mh8g0r x1vvkbs xtlvy1s\"><em>Dieses Event wird je nach Teilnehmerbed\u00fcrfnissen auf Deutsch und\/oder Englisch sein.<\/em><\/div>\n\n\t\t<\/div>\n\t<\/div>\n<\/div><\/div><\/div><\/div>\n<\/div>","protected":false},"excerpt":{"rendered":"<h5>Special Event<br \/>\nauf 25 Personen begrenzt<br \/>\nAnmeldung events@wearevillage.org<br \/>\nSliding scale 5 \u2013 20 \u20ac<br \/>\nZahlung an der T\u00fcr.<\/h5>\n<p class=\"p1\"><strong>| <span style=\"color: #ec6c23;\">GBTQ men*<\/span>\u00a0|<\/strong><\/p>\n<p>Das ist eine Einladung an jene, die sich in traditionellen Yoga-R\u00e4umen nicht gesehen und geh\u00f6rt f\u00fchlen. Die Yogastunde ist f\u00fcr queere, trans* und\/oder hinterfragende Menschen gedacht. Sowie f\u00fcr jene, die Binder nutzen, sich von der Mastektomie erholen oder fett sind.<br \/>\nDiese Veranstaltung ist eine freudige Zusammenarbeit zwischen Heart_the transyoga teacher, Transmasc berlin und Village.<\/p>\n","protected":false},"author":11,"featured_media":5468,"template":"","meta":{"pmpro_default_level":"","inline_featured_image":false},"product_brand":[],"product_cat":[134],"product_tag":[756],"class_list":{"0":"post-5461","1":"product","2":"type-product","3":"status-publish","4":"has-post-thumbnail","6":"product_cat-einmalige-events","7":"product_tag-trans-masc","8":"pmpro-has-access","10":"first","11":"outofstock","12":"purchasable","13":"product-type-variable"},"wpml_current_locale":"de_DE","wpml_translations":{"en_US":{"locale":"en_US","id":5464,"slug":"yoga-for-strength-and-flexibility-kopie-3-10","post_title":"Queer Trans*-focused Yoga Class","href":"https:\/\/wearevillage.org\/en\/shop\/trans-focused-yoga-w21"}},"language":{"code":"de","locale":"","name":"","is_rtl":false},"_links":{"self":[{"href":"https:\/\/wearevillage.org\/wp-json\/wp\/v2\/product\/5461","targetHints":{"allow":["GET"]}}],"collection":[{"href":"https:\/\/wearevillage.org\/wp-json\/wp\/v2\/product"}],"about":[{"href":"https:\/\/wearevillage.org\/wp-json\/wp\/v2\/types\/product"}],"author":[{"embeddable":true,"href":"https:\/\/wearevillage.org\/wp-json\/wp\/v2\/users\/11"}],"wp:featuredmedia":[{"embeddable":true,"href":"https:\/\/wearevillage.org\/wp-json\/wp\/v2\/media\/5468"}],"wp:attachment":[{"href":"https:\/\/wearevillage.org\/wp-json\/wp\/v2\/media?parent=5461"}],"wp:term":[{"taxonomy":"product_brand","embeddable":true,"href":"https:\/\/wearevillage.org\/wp-json\/wp\/v2\/product_brand?post=5461"},{"taxonomy":"product_cat","embeddable":true,"href":"https:\/\/wearevillage.org\/wp-json\/wp\/v2\/product_cat?post=5461"},{"taxonomy":"product_tag","embeddable":true,"href":"https:\/\/wearevillage.org\/wp-json\/wp\/v2\/product_tag?post=5461"}],"curies":[{"name":"wp","href":"https:\/\/api.w.org\/{rel}","templated":true}]}}