{"id":5475,"date":"2023-05-22T06:17:44","date_gmt":"2023-05-22T04:17:44","guid":{"rendered":"https:\/\/wearevillage.org\/?post_type=product&#038;p=5475"},"modified":"2023-05-31T06:36:26","modified_gmt":"2023-05-31T04:36:26","slug":"village-book-club","status":"publish","type":"product","link":"https:\/\/wearevillage.org\/shop\/book-club-w23\/","title":{"rendered":"Village Book Club"},"content":{"rendered":"<div class=\"wpb-content-wrapper\"><div class=\"vc_row wpb_row vc_row-fluid\"><div class=\"wpb_column vc_column_container vc_col-sm-10\"><div class=\"vc_column-inner\"><div class=\"wpb_wrapper\"><\/div><\/div><\/div><div class=\"wpb_column vc_column_container vc_col-sm-2\"><div class=\"vc_column-inner\"><div class=\"wpb_wrapper\"><\/div><\/div><\/div><\/div><div class=\"vc_row wpb_row vc_row-fluid\"><div class=\"wpb_column vc_column_container vc_col-sm-12\"><div class=\"vc_column-inner\"><div class=\"wpb_wrapper\"><h4 style=\"text-align: left\" class=\"vc_custom_heading vc_do_custom_heading\" >Village Book Club: \"Confessions of a Mask\" by Yukio Mishima (1949)<\/h4><h5 style=\"text-align: left\" class=\"vc_custom_heading vc_do_custom_heading\" >Moderator: Marco Astolfi<\/h5>\n\t<div class=\"wpb_text_column wpb_content_element\" >\n\t\t<div class=\"wpb_wrapper\">\n\t\t\t<div class=\"page\" title=\"Page 1\">\n<div class=\"section\">\n<div class=\"layoutArea\">\n<div class=\"column\">\n<div class=\"page\" title=\"Page 1\">\n<div class=\"section\">\n<div class=\"layoutArea\">\n<div class=\"column\">\n<p>Buch-Club \u201eBekenntnisse einer Maske\u201c von Yukio Mishima (1949)<\/p>\n<p>Obwohl als Roman geschrieben, ist \u201eBekenntnisse einer Maske\u201c eine kaum fiktionalisierte Autobiographie von Mishimas Leben von der Geburt in 1925 bis zum jungen Erwachsenenalter. Die Hauptfigur, Kochan, ist ein sch\u00fcchterner und schw\u00e4chliche Junge, der abgeschirmt von anderen Jungen seines Alters bei seiner Gro\u00dfmutter aufw\u00e4chst. Als Jugendlicher wird er von seiner aufkeimenden Anziehung zu M\u00e4nnern gequ\u00e4lt: Er stellt sich vor, wie der K\u00f6rper eines seiner Klassenkameraden von Pfeilen durchbohrt wird, wie der K\u00f6rper des Heiligen Sebastian auf dem Gem\u00e4lde, von dem er besessen ist. Doch in der strengen Welt des kaiserlichen Japans der Kriegszeit gibt es keinen Platz f\u00fcr solche transgressiven W\u00fcnsche. Er muss eine Maske tragen und seine wahre Natur verbergen, koste es, was es wolle. Um seine Homosexualit\u00e4t zu verbergen, wirbt er um ein M\u00e4dchen, wird aber st\u00e4ndig von seinen latenten sexuellen Trieben gequ\u00e4lt und ist nicht in der Lage, sie jemals wirklich zu lieben. Das Buch wurde \u00fcber Nacht ein internationaler Gro\u00dferfolg und machte den bis dato unbekannten Mishima im jungen Alter von 24 Jahren weltweit ber\u00fchmt.<\/p>\n<\/div>\n<\/div>\n<\/div>\n<\/div>\n<\/div>\n<\/div>\n<\/div>\n<\/div>\n\n\t\t<\/div>\n\t<\/div>\n\n\t<div class=\"wpb_text_column wpb_content_element\" >\n\t\t<div class=\"wpb_wrapper\">\n\t\t\t<div class=\"page\" title=\"Page 1\">\n<div class=\"section\">\n<div class=\"layoutArea\">\n<div class=\"column\">\n<div class=\"page\" title=\"Page 1\">\n<div class=\"section\">\n<div class=\"layoutArea\">\n<div class=\"column\">\n<p>Die Diskussion werden wir auf Englisch f\u00fchren (mit \u00dcbersetzung vom und ins Deutsche, wenn n\u00f6tig).<br \/>\nViel Freude beim Lesen!<\/p>\n<p>Der Village Book Club lief im September 2017 auf mit einer Diskussion \u00fcber \u201eThe Velvet Rage\u201c. Seitdem treffen sich B\u00fccherliebhaber und B\u00fcchernarren alle zwei Monate live oder online und diskutieren sie \u00fcber Belletristik und Sachb\u00fccher (Romane, Biografien und Essays) die mit GBTQ-Themen und -Pers\u00f6nlichkeiten zu tun haben. Die B\u00fccher sind sowohl in englischer als auch in deutscher Sprache erh\u00e4ltlich.<\/p>\n<\/div>\n<\/div>\n<\/div>\n<\/div>\n<\/div>\n<\/div>\n<\/div>\n<\/div>\n\n\t\t<\/div>\n\t<\/div>\n<\/div><\/div><\/div><\/div>\n<\/div>","protected":false},"excerpt":{"rendered":"<h5>Dienstags (jeden zweiten Monat)<br \/>\n20:00 \u2013 22:00<br \/>\nEintritt frei<\/h5>\n<p class=\"p1\"><strong>| <span style=\"color: #ec6c23;\">GBTQ men*<\/span>\u00a0|<\/strong><\/p>\n<p class=\"x11i5rnm xat24cr x1mh8g0r x1vvkbs xtlvy1s\">Obwohl als Roman geschrieben, ist \u201eBekenntnisse einer Maske\u201c eine kaum fiktionalisierte Autobiographie von Mishimas Leben von der Geburt in 1925 bis zum jungen Erwachsenenalter.<\/p>\n","protected":false},"author":14,"featured_media":5478,"template":"","meta":{"pmpro_default_level":"","inline_featured_image":false},"product_brand":[],"product_cat":[77,79],"product_tag":[256],"class_list":{"0":"post-5475","1":"product","2":"type-product","3":"status-publish","4":"has-post-thumbnail","6":"product_cat-community-events","7":"product_cat-monatliche-events","8":"product_tag-gbtq-men","9":"pmpro-has-access","11":"first","12":"outofstock","13":"purchasable","14":"product-type-variable"},"wpml_current_locale":"de_DE","wpml_translations":{"en_US":{"locale":"en_US","id":5476,"slug":"village-film-night-mysterious-skin-kopie-2","post_title":"Village Book Club","href":"https:\/\/wearevillage.org\/en\/shop\/book-club-w23"}},"language":{"code":"de","locale":"","name":"","is_rtl":false},"_links":{"self":[{"href":"https:\/\/wearevillage.org\/wp-json\/wp\/v2\/product\/5475","targetHints":{"allow":["GET"]}}],"collection":[{"href":"https:\/\/wearevillage.org\/wp-json\/wp\/v2\/product"}],"about":[{"href":"https:\/\/wearevillage.org\/wp-json\/wp\/v2\/types\/product"}],"author":[{"embeddable":true,"href":"https:\/\/wearevillage.org\/wp-json\/wp\/v2\/users\/14"}],"wp:featuredmedia":[{"embeddable":true,"href":"https:\/\/wearevillage.org\/wp-json\/wp\/v2\/media\/5478"}],"wp:attachment":[{"href":"https:\/\/wearevillage.org\/wp-json\/wp\/v2\/media?parent=5475"}],"wp:term":[{"taxonomy":"product_brand","embeddable":true,"href":"https:\/\/wearevillage.org\/wp-json\/wp\/v2\/product_brand?post=5475"},{"taxonomy":"product_cat","embeddable":true,"href":"https:\/\/wearevillage.org\/wp-json\/wp\/v2\/product_cat?post=5475"},{"taxonomy":"product_tag","embeddable":true,"href":"https:\/\/wearevillage.org\/wp-json\/wp\/v2\/product_tag?post=5475"}],"curies":[{"name":"wp","href":"https:\/\/api.w.org\/{rel}","templated":true}]}}