{"id":5481,"date":"2023-05-22T07:44:30","date_gmt":"2023-05-22T05:44:30","guid":{"rendered":"https:\/\/wearevillage.org\/?post_type=product&#038;p=5481"},"modified":"2023-06-07T16:47:12","modified_gmt":"2023-06-07T14:47:12","slug":"authentic-eros-weekend-amsterdam","status":"publish","type":"product","link":"https:\/\/wearevillage.org\/shop\/authentic-eros-weekend-w24\/","title":{"rendered":"Authentic Eros Weekend AMSTERDAM"},"content":{"rendered":"<div class=\"wpb-content-wrapper\"><div class=\"vc_row wpb_row vc_row-fluid\"><div class=\"wpb_column vc_column_container vc_col-sm-10\"><div class=\"vc_column-inner\"><div class=\"wpb_wrapper\"><div class=\"vc_row wpb_row vc_inner vc_row-fluid\"><div class=\"wpb_column vc_column_container vc_col-sm-2\"><div class=\"vc_column-inner\"><div class=\"wpb_wrapper\"><\/div><\/div><\/div><\/div><\/div><\/div><\/div><div class=\"wpb_column vc_column_container vc_col-sm-2\"><div class=\"vc_column-inner\"><div class=\"wpb_wrapper\"><\/div><\/div><\/div><\/div><div class=\"vc_row wpb_row vc_row-fluid\"><div class=\"wpb_column vc_column_container vc_col-sm-12\"><div class=\"vc_column-inner\"><div class=\"wpb_wrapper\"><h4 style=\"text-align: left\" class=\"vc_custom_heading vc_do_custom_heading\" >Authentic Eros Weekend<\/h4><h4 style=\"text-align: left\" class=\"vc_custom_heading vc_do_custom_heading\" >exploring skills in support of a deeper connection<\/h4><h5 style=\"text-align: left\" class=\"vc_custom_heading vc_do_custom_heading\" >Kai Ehrhardt<\/h5>\n\t<div class=\"wpb_text_column wpb_content_element\" >\n\t\t<div class=\"wpb_wrapper\">\n\t\t\t<div class=\"x11i5rnm xat24cr x1mh8g0r x1vvkbs xtlvy1s\">\n<div class=\"x11i5rnm xat24cr x1mh8g0r x1vvkbs xtlvy1s\">\n<div class=\"x11i5rnm xat24cr x1mh8g0r x1vvkbs xtlvy1s\">\n<p>Auf intimer Ebene gesehen und gesch\u00e4tzt zu werden, sexuell lebendig und verbunden zu sein, entspringt einem tiefen menschlichen Bed\u00fcrfnis und bindet so viel von unserer (oft unbewussten) Handlungsmotivation. Orte, an denen wir unsere Entwicklung, unsere Bef\u00e4higung und unser Wohlergehen in diesem Bereich unterst\u00fctzen k\u00f6nnen, sind rar und notwendig.<\/p>\n<p>Als schwule \/ queere M\u00e4nner* nehmen wir unsere Referenzen f\u00fcr Sexualit\u00e4t und Intimit\u00e4t zu gro\u00dfen Anteilen \u00fcber unsere Umgebung auf: soziale und famili\u00e4re Normen, Medien, Internet, Clubs, Pornos, Dating-Apps oder st\u00e4dtische Umgebungen, die stark aufgeladen oder \u201cbet\u00e4ubend\u201d, wertend oder ungesund sein k\u00f6nnen.<\/p>\n<p><strong>Dieser\u00a0Workshop schafft einen sichereren und spielerischen Rahmen,\u00a0um zu reflektieren, was wir wirklich wollen, denken, f\u00fchlen oder erleben, wenn es um Intimit\u00e4t und Sex geht. Wir werden eine Art Lupe \u00fcber einige Aspekte der zwischenmenschlichen Begegnung legen, damit wir voneinander und von unseren Gewohnheiten lernen und uns auf der Grundlage unserer individuellen Bed\u00fcrfnisse auf neues Verhaltens- und Beziehungsterritorium ausdehnen k\u00f6nnen.<\/strong><\/p>\n<\/div>\n<\/div>\n<\/div>\n\n\t\t<\/div>\n\t<\/div>\n\n\t<div class=\"wpb_text_column wpb_content_element\" >\n\t\t<div class=\"wpb_wrapper\">\n\t\t\t<div class=\"x11i5rnm xat24cr x1mh8g0r x1vvkbs xtlvy1s\">\n<div class=\"x11i5rnm xat24cr x1mh8g0r x1vvkbs xtlvy1s\">\n<div class=\"x11i5rnm xat24cr x1mh8g0r x1vvkbs xtlvy1s\">\n<p><strong>Was du erwarten kannst:<\/strong><\/p>\n<ul>\n<li>einen Raum f\u00fcr Fragen zu Sexualit\u00e4t, Intimit\u00e4t und Beziehungsdynamiken<\/li>\n<li>eine Praxis, deine Bed\u00fcrfnisse auszudr\u00fccken<\/li>\n<li>Mit unerf\u00fcllten W\u00fcnschen und der Angst vor Ablehnung umzugehen<\/li>\n<li>Tats\u00e4chliche Gedanken, Gef\u00fchle und Handlungen befragen<\/li>\n<li>Raus aus dem Kopf und rein in den K\u00f6rper gehen<\/li>\n<li>\u00dcber das Erfahren des eigenen K\u00f6rpers mit der M\u00f6glichkeit des schon Gen\u00fcgens und schon Erf\u00fclltseins in Kontakt kommen<\/li>\n<li>St\u00e4rkere Pr\u00e4senz entwickeln: Verlangsamen, um den aktuellen Kontext besser lesen und erleben zu k\u00f6nnen<\/li>\n<li>das Ungewisse & Spiel erlauben und willkommen hei\u00dfen<\/li>\n<li>Gewohnheiten, die du transformieren m\u00f6chtest andere Szenarien gegen\u00fcber stellen. (zum Beispiel:\u00a0Grenzen artikulieren, Kontakt ohne den Konsum von Substanzen herstellen, Begegnung proaktiv initiieren oder initiieren lassen, den W\u00fcnschen anderer mit einem ehrlichen aber verbundenem Ja oder Nein begegnen, usw\u2026)<\/li>\n<\/ul>\n<p>Wir k\u00f6nnen klarer erkennen, was wir in unserem Sex-\/Intimleben tats\u00e4chlich tun, und wir k\u00f6nnen eine Wahl treffen. Wir k\u00f6nnen erforschen, was im Einklang mit dem steht, was wir wirklich sch\u00e4tzen und wollen, und was nicht. Wir k\u00f6nnen experimentieren und neue Formen des Begegnens ausprobieren.<\/p>\n<p>Wir bieten einen Raum, in dem du entscheidest, wie weit du innerhalb des vorgegebenen Rahmens gehen m\u00f6chtest, wobei gegenseitiges Einvernehmen die Voraussetzung ist.<\/p>\n<p>Wenn du deine F\u00e4higkeit zur Intimit\u00e4t entwickeln, deine Grenzen erforschen, dich in einer liebevollen Umgebung n\u00e4hren oder einfach eine tolle Zeit mit dir selbst und anderen Explorierenden haben m\u00f6chtest, dann ist dies der richtige Workshop f\u00fcr dich.<\/p>\n<\/div>\n<\/div>\n<\/div>\n\n\t\t<\/div>\n\t<\/div>\n\n\t<div class=\"wpb_text_column wpb_content_element\" >\n\t\t<div class=\"wpb_wrapper\">\n\t\t\t<div class=\"x11i5rnm xat24cr x1mh8g0r x1vvkbs xtlvy1s\">\n<div class=\"x11i5rnm xat24cr x1mh8g0r x1vvkbs xtlvy1s\">\n<div class=\"x11i5rnm xat24cr x1mh8g0r x1vvkbs xtlvy1s\">\n<p>Veranstaltungsort: <a href=\"http:\/\/www.deruimteamsterdam.nl\/\" target=\"_blank\" rel=\"noopener\">DE RUIMTE <\/a>Weesperzijde 79 a \u2013 Amsterdam<\/p>\n<\/div>\n<\/div>\n<\/div>\n\n\t\t<\/div>\n\t<\/div>\n<\/div><\/div><\/div><\/div>\n<\/div>","protected":false},"excerpt":{"rendered":"<h5>2 Tage Workshop<br \/>\n10:00 \u2013 17:30<\/h5>\n<p class=\"p1\"><strong>| <span style=\"color: #ec6c23;\">GBTQ men*<\/span>\u00a0|<\/strong><\/p>\n<p>Dieser Workshop schafft einen sicheren und spielerischen Rahmen,\u00a0um zu reflektieren, was wir wirklich wollen, denken, f\u00fchlen oder erleben, wenn es um Intimit\u00e4t und Sex geht. Wir werden eine Art Lupe \u00fcber einige Aspekte der Begegnung legen, damit wir voneinander und von unseren Gewohnheiten lernen und uns auf der Grundlage unserer individuellen Bed\u00fcrfnisse auf neues Verhaltens- und Beziehungsterritorium ausdehnen k\u00f6nnen.<\/p>\n","protected":false},"author":14,"featured_media":1876,"template":"","meta":{"pmpro_default_level":"","inline_featured_image":false},"product_brand":[],"product_cat":[83],"product_tag":[256],"class_list":{"0":"post-5481","1":"product","2":"type-product","3":"status-publish","4":"has-post-thumbnail","6":"product_cat-workshops","7":"product_tag-gbtq-men","8":"pmpro-has-access","10":"first","11":"instock","12":"purchasable","13":"product-type-variable"},"wpml_current_locale":"de_DE","wpml_translations":{"en_US":{"locale":"en_US","id":5486,"slug":"authentic-eros-weekend-kopie","post_title":"Authentic Eros Weekend AMSTERDAM","href":"https:\/\/wearevillage.org\/en\/shop\/authentic-eros-weekend-w24"}},"language":{"code":"de","locale":"","name":"","is_rtl":false},"_links":{"self":[{"href":"https:\/\/wearevillage.org\/wp-json\/wp\/v2\/product\/5481","targetHints":{"allow":["GET"]}}],"collection":[{"href":"https:\/\/wearevillage.org\/wp-json\/wp\/v2\/product"}],"about":[{"href":"https:\/\/wearevillage.org\/wp-json\/wp\/v2\/types\/product"}],"author":[{"embeddable":true,"href":"https:\/\/wearevillage.org\/wp-json\/wp\/v2\/users\/14"}],"wp:featuredmedia":[{"embeddable":true,"href":"https:\/\/wearevillage.org\/wp-json\/wp\/v2\/media\/1876"}],"wp:attachment":[{"href":"https:\/\/wearevillage.org\/wp-json\/wp\/v2\/media?parent=5481"}],"wp:term":[{"taxonomy":"product_brand","embeddable":true,"href":"https:\/\/wearevillage.org\/wp-json\/wp\/v2\/product_brand?post=5481"},{"taxonomy":"product_cat","embeddable":true,"href":"https:\/\/wearevillage.org\/wp-json\/wp\/v2\/product_cat?post=5481"},{"taxonomy":"product_tag","embeddable":true,"href":"https:\/\/wearevillage.org\/wp-json\/wp\/v2\/product_tag?post=5481"}],"curies":[{"name":"wp","href":"https:\/\/api.w.org\/{rel}","templated":true}]}}