{"id":5526,"date":"2023-05-22T09:06:51","date_gmt":"2023-05-22T07:06:51","guid":{"rendered":"https:\/\/wearevillage.org\/?post_type=product&#038;p=5526"},"modified":"2025-04-22T14:17:04","modified_gmt":"2025-04-22T12:17:04","slug":"summer-stretch-festival","status":"publish","type":"product","link":"https:\/\/wearevillage.org\/shop\/stretch-festival-w28\/","title":{"rendered":"Summer Stretch Festival"},"content":{"rendered":"<div class=\"wpb-content-wrapper\"><div class=\"vc_row wpb_row vc_row-fluid\"><div class=\"wpb_column vc_column_container vc_col-sm-10\"><div class=\"vc_column-inner\"><div class=\"wpb_wrapper\"><div class=\"vc_row wpb_row vc_inner vc_row-fluid\"><div class=\"wpb_column vc_column_container vc_col-sm-2\"><div class=\"vc_column-inner\"><div class=\"wpb_wrapper\"><\/div><\/div><\/div><\/div><\/div><\/div><\/div><div class=\"wpb_column vc_column_container vc_col-sm-2\"><div class=\"vc_column-inner\"><div class=\"wpb_wrapper\"><\/div><\/div><\/div><\/div><div class=\"vc_row wpb_row vc_row-fluid\"><div class=\"wpb_column vc_column_container vc_col-sm-12\"><div class=\"vc_column-inner\"><div class=\"wpb_wrapper\"><h4 style=\"text-align: left\" class=\"vc_custom_heading vc_do_custom_heading\" >Summer Stretch Festival<\/h4><h5 style=\"text-align: left\" class=\"vc_custom_heading vc_do_custom_heading\" >Stretch Festival Team<\/h5>\n\t<div class=\"wpb_text_column wpb_content_element\" >\n\t\t<div class=\"wpb_wrapper\">\n\t\t\t<div class=\"x11i5rnm xat24cr x1mh8g0r x1vvkbs xtlvy1s\">\n<p>Das <strong>STRETCH FESTIVAL<\/strong>\u00a0ist ein Wochenendfestival f\u00fcr schwule, bisexuelle, trans und queere M\u00e4nner* und Menschen, die sich irgendwo auf dem Spektrum von m\u00e4nnlich-fluid bis nicht-bin\u00e4r identifizieren. Wir hei\u00dfen alle K\u00f6rper, Hintergr\u00fcnde und Identit\u00e4ten innerhalb dieses gr\u00f6\u00dferen und nicht so definierbaren Containers von queeren M\u00e4nnlichkeiten willkommen.<\/p>\n<div class=\"wpb_text_column wpb_content_element \">\n<div class=\"wpb_wrapper\">\n<div class=\"x11i5rnm xat24cr x1mh8g0r x1vvkbs xtlvy1s\">\n<p>Nutzt die Chance, neue Wege des Seins zu entdecken und zu erforschen, um euren K\u00f6rper, euren Geist und eure Seele zu n\u00e4hren. Wir freuen uns auf neugierige und abenteuerlustige Teilnehmende.<\/p>\n<p>Das Festival findet dreimal im Jahr im Herzen von Berlin statt.<\/p>\n<p>Experten*, Praktiker*, Therapeuten*, Heiler*, Rebellen* und K\u00fcnstler* laden euch zu dieser einzigartigen Zusammenkunft ein.<\/p>\n<p>Es gibt eine F\u00fclle von Angeboten aus den Bereichen K\u00f6rperarbeit, Achtsamkeit, Kunst, Bewegung, Sexualit\u00e4t, Psychologie, Spiritualit\u00e4t, Gender, Identit\u00e4t, Ritual, Performance und sozialem Engagement zu erkunden.<\/p>\n<p>Teilnehmende k\u00f6nnen ihren Ablauf aus 36 Workshops oder Vortr\u00e4gen zusammenstellen.<\/p>\n<p>Au\u00dferhalb der Workshops habt ihr die M\u00f6glichkeit, Kontakte zu kn\u00fcpfen, euch zu unterhalten oder den Austausch mit Menschen aus vielen verschiedenen L\u00e4ndern zu vertiefen. Wir freuen uns darauf, euch willkommen zu hei\u00dfen!<\/p>\n<\/div>\n<\/div>\n<\/div>\n<\/div>\n\n\t\t<\/div>\n\t<\/div>\n\n\t<div class=\"wpb_text_column wpb_content_element\" >\n\t\t<div class=\"wpb_wrapper\">\n\t\t\t<p><em>Das Stretch Festival Team und das Programm k\u00f6nnen in letzter Minute ge\u00e4ndert werden. Sprache: Englisch<\/em><\/p>\n\n\t\t<\/div>\n\t<\/div>\n\n\t<div class=\"wpb_text_column wpb_content_element\" >\n\t\t<div class=\"wpb_wrapper\">\n\t\t\t<div class=\"x11i5rnm xat24cr x1mh8g0r x1vvkbs xtlvy1s\"><strong>Pr\u00e4sentation des Teams und detailliertes Programm auf der Festivalseite <a class=\"_ps2id\" href=\"https:\/\/www.stretch.berlin\" data-ps2id-offset=\"\">www.stretch.berlin<\/a><\/strong><\/div>\n\n\t\t<\/div>\n\t<\/div>\n<\/div><\/div><\/div><\/div>\n<\/div>","protected":false},"excerpt":{"rendered":"<p class=\"p1\"><strong>Sensual | Experimental | Spiritual<br \/>\n<a class=\"_ps2id\" href=\"https:\/\/www.stretch.berlin\" data-ps2id-offset=\"\">www.stretch.berlin<\/a><br \/>\n<\/strong><\/p>\n<p><strong>| <span style=\"color: #ec6c23;\">GBTQ men*<\/span>\u00a0|<\/strong><\/p>\n<p>STRETCH FESTIVAL ist ein Wochenendfestival f\u00fcr schwule, bi, trans und queere M\u00e4nner* und Menschen, die ihre Identit\u00e4t auf dem genderfluiden Spektrum zwischen m\u00e4nnlich und nonbin\u00e4r verorten. Pr\u00e4sentation des Teams und detailliertes Programm auf der Festivalseite www.stretch.berlin<\/p>\n","protected":false},"author":14,"featured_media":5543,"template":"","meta":{"pmpro_default_level":"","inline_featured_image":false},"product_brand":[],"product_cat":[78],"product_tag":[256],"class_list":{"0":"post-5526","1":"product","2":"type-product","3":"status-publish","4":"has-post-thumbnail","6":"product_cat-festivals","7":"product_tag-gbtq-men","8":"pmpro-has-access","10":"first","11":"instock","12":"purchasable","13":"product-type-variable"},"wpml_current_locale":"de_DE","wpml_translations":{"en_US":{"locale":"en_US","id":5529,"slug":"yoga-for-strength-and-flexibility-kopie-3-11","post_title":"Summer Stretch Festival","href":"https:\/\/wearevillage.org\/en\/shop\/stretch-festival-w28"}},"language":{"code":"de","locale":"","name":"","is_rtl":false},"_links":{"self":[{"href":"https:\/\/wearevillage.org\/wp-json\/wp\/v2\/product\/5526","targetHints":{"allow":["GET"]}}],"collection":[{"href":"https:\/\/wearevillage.org\/wp-json\/wp\/v2\/product"}],"about":[{"href":"https:\/\/wearevillage.org\/wp-json\/wp\/v2\/types\/product"}],"author":[{"embeddable":true,"href":"https:\/\/wearevillage.org\/wp-json\/wp\/v2\/users\/14"}],"wp:featuredmedia":[{"embeddable":true,"href":"https:\/\/wearevillage.org\/wp-json\/wp\/v2\/media\/5543"}],"wp:attachment":[{"href":"https:\/\/wearevillage.org\/wp-json\/wp\/v2\/media?parent=5526"}],"wp:term":[{"taxonomy":"product_brand","embeddable":true,"href":"https:\/\/wearevillage.org\/wp-json\/wp\/v2\/product_brand?post=5526"},{"taxonomy":"product_cat","embeddable":true,"href":"https:\/\/wearevillage.org\/wp-json\/wp\/v2\/product_cat?post=5526"},{"taxonomy":"product_tag","embeddable":true,"href":"https:\/\/wearevillage.org\/wp-json\/wp\/v2\/product_tag?post=5526"}],"curies":[{"name":"wp","href":"https:\/\/api.w.org\/{rel}","templated":true}]}}