{"id":5550,"date":"2023-05-22T10:35:27","date_gmt":"2023-05-22T08:35:27","guid":{"rendered":"https:\/\/wearevillage.org\/?post_type=product&#038;p=5550"},"modified":"2023-06-07T05:11:21","modified_gmt":"2023-06-07T03:11:21","slug":"das-erotische-kernthema","status":"publish","type":"product","link":"https:\/\/wearevillage.org\/shop\/core-erotic-theme-w19\/","title":{"rendered":"Das Erotische Kernthema"},"content":{"rendered":"<div class=\"wpb-content-wrapper\"><div class=\"vc_row wpb_row vc_row-fluid\"><div class=\"wpb_column vc_column_container vc_col-sm-10\"><div class=\"vc_column-inner\"><div class=\"wpb_wrapper\"><div class=\"vc_row wpb_row vc_inner vc_row-fluid\"><div class=\"wpb_column vc_column_container vc_col-sm-2\"><div class=\"vc_column-inner\"><div class=\"wpb_wrapper\"><\/div><\/div><\/div><\/div><\/div><\/div><\/div><div class=\"wpb_column vc_column_container vc_col-sm-2\"><div class=\"vc_column-inner\"><div class=\"wpb_wrapper\"><\/div><\/div><\/div><\/div><div class=\"vc_row wpb_row vc_row-fluid\"><div class=\"wpb_column vc_column_container vc_col-sm-12\"><div class=\"vc_column-inner\"><div class=\"wpb_wrapper\"><h4 style=\"text-align: left\" class=\"vc_custom_heading vc_do_custom_heading\" >Das erotische Kernthema <\/h4><h4 style=\"text-align: left\" class=\"vc_custom_heading vc_do_custom_heading\" >Was Dein Sexleben im Innersten motiviert<\/h4><h5 style=\"text-align: left\" class=\"vc_custom_heading vc_do_custom_heading\" >Kai Ehrhardt<\/h5>\n\t<div class=\"wpb_text_column wpb_content_element\" >\n\t\t<div class=\"wpb_wrapper\">\n\t\t\t<div class=\"x11i5rnm xat24cr x1mh8g0r x1vvkbs xtlvy1s\">\n<div class=\"x11i5rnm xat24cr x1mh8g0r x1vvkbs xtlvy1s\">\n<div class=\"x11i5rnm xat24cr x1mh8g0r x1vvkbs xtlvy1s\">\n<p>Das \u201cErotische Kernthema\u201d beschreibt ein Konzept des Sexualtherapeuten Jack Morin. Seinen Erkenntnissen zufolge ziehen sich bestimmte Themen durch unser Sex- und Intimleben.<\/p>\n<p>Sie sind intelligente Reaktionen des Unbewussten auf das emotionale Klima, dem wir in unseren Entwicklungsjahren ausgesetzt waren. Wenn sich diese Muster \u00fcber Jahre wiederholen und mit Erregung gekoppelt sind, kann es schwer werden, etwas dar\u00fcber hinaus sehen, f\u00fchlen oder erfahren zu k\u00f6nnen.<\/p>\n<p>Dieser Workshop ist eine Gelegenheit, eines oder mehrere deiner erotischen Kernthemen zu erforschen. Dieses bildet dann einen Referenzpunkt ab, von dem aus wir auf verschiedene Weise damit arbeiten k\u00f6nnen, so dass Du Deine Sexualit\u00e4t besser verstehen kannst und sich daraus wiederum mehr Wahlm\u00f6glichkeiten ergeben k\u00f6nnen.<\/p>\n<p>Der Hauptfokus des Wochenendes ist das Erotische Kernthema. Es wird in eine Reihe von Aktivit\u00e4ten eingebettet sein, die emotionale Sicherheit und N\u00e4he schaffen und Vertrauen aufbauen. Dazu geh\u00f6ren K\u00f6rper-, Partner- und Gruppen\u00fcbungen, in welchen Nacktheit m\u00f6glich ist. Die Arbeit mit dem erotischen Kernthema beinhaltet Theorie, Selbsterforschung, individualisierte Partner\u00fcbungen und Austausch.<\/p>\n<p>Das Wochenende ist im Wesentlichen ein Prozess f\u00fcr Dich selbst. Deine Einsichten und Entdeckungen werden so gehandhabt, dass Du davon soviel oder so wenig wie Du m\u00f6chtest mit anderen teilen kannst.<\/p>\n<p>Die Partnerarbeit im Gruppenkontext kann so adaptiert werden, dass Sie innerhalb Deiner Grenzen und der der anderen durchgef\u00fchrt werden kann.<\/p>\n<\/div>\n<\/div>\n<\/div>\n\n\t\t<\/div>\n\t<\/div>\n<\/div><\/div><\/div><\/div>\n<\/div>","protected":false},"excerpt":{"rendered":"<h5>2 Tage Workshop<br \/>\n10:00 \u2013 17:30<\/h5>\n<p class=\"p1\"><strong>| <span style=\"color: #ec6c23;\">GBTQ men*<\/span>\u00a0|<\/strong><\/p>\n<p>Das \u201cErotische Kernthema\u201d beschreibt ein Konzept des Sexualtherapeuten Jack Morin. Seinen Erkenntnissen zufolge ziehen sich bestimmte Themen durch unser Sex- und Intimleben. Dieser Workshop ist eine Gelegenheit, eines oder mehrere deiner erotischen Kernthemen zu erforschen und damit zu arbeiten, so dass Du Deine Sexualit\u00e4t besser verstehen kannst und sich daraus wiederum mehr Wahlm\u00f6glichkeiten ergeben k\u00f6nnen.<\/p>\n","protected":false},"author":14,"featured_media":1875,"template":"","meta":{"pmpro_default_level":"","inline_featured_image":false},"product_brand":[],"product_cat":[83],"product_tag":[256],"class_list":{"0":"post-5550","1":"product","2":"type-product","3":"status-publish","4":"has-post-thumbnail","6":"product_cat-workshops","7":"product_tag-gbtq-men","8":"pmpro-has-access","10":"first","11":"instock","12":"purchasable","13":"product-type-variable"},"wpml_current_locale":"de_DE","wpml_translations":{"en_US":{"locale":"en_US","id":5555,"slug":"authentic-eros-weekend-amsterdam-copy","post_title":"The Core Erotic Theme","href":"https:\/\/wearevillage.org\/en\/shop\/core-erotic-theme-w19"}},"language":{"code":"de","locale":"","name":"","is_rtl":false},"_links":{"self":[{"href":"https:\/\/wearevillage.org\/wp-json\/wp\/v2\/product\/5550","targetHints":{"allow":["GET"]}}],"collection":[{"href":"https:\/\/wearevillage.org\/wp-json\/wp\/v2\/product"}],"about":[{"href":"https:\/\/wearevillage.org\/wp-json\/wp\/v2\/types\/product"}],"author":[{"embeddable":true,"href":"https:\/\/wearevillage.org\/wp-json\/wp\/v2\/users\/14"}],"wp:featuredmedia":[{"embeddable":true,"href":"https:\/\/wearevillage.org\/wp-json\/wp\/v2\/media\/1875"}],"wp:attachment":[{"href":"https:\/\/wearevillage.org\/wp-json\/wp\/v2\/media?parent=5550"}],"wp:term":[{"taxonomy":"product_brand","embeddable":true,"href":"https:\/\/wearevillage.org\/wp-json\/wp\/v2\/product_brand?post=5550"},{"taxonomy":"product_cat","embeddable":true,"href":"https:\/\/wearevillage.org\/wp-json\/wp\/v2\/product_cat?post=5550"},{"taxonomy":"product_tag","embeddable":true,"href":"https:\/\/wearevillage.org\/wp-json\/wp\/v2\/product_tag?post=5550"}],"curies":[{"name":"wp","href":"https:\/\/api.w.org\/{rel}","templated":true}]}}