{"id":5572,"date":"2023-05-22T20:33:14","date_gmt":"2023-05-22T18:33:14","guid":{"rendered":"https:\/\/wearevillage.org\/?post_type=product&#038;p=5572"},"modified":"2023-06-07T05:11:21","modified_gmt":"2023-06-07T03:11:21","slug":"playfight-ritual","status":"publish","type":"product","link":"https:\/\/wearevillage.org\/shop\/playfight-ritual-w22\/","title":{"rendered":"Playfight Ritual"},"content":{"rendered":"<div class=\"wpb-content-wrapper\"><div class=\"vc_row wpb_row vc_row-fluid\"><div class=\"wpb_column vc_column_container vc_col-sm-10\"><div class=\"vc_column-inner\"><div class=\"wpb_wrapper\"><div class=\"vc_row wpb_row vc_inner vc_row-fluid\"><div class=\"wpb_column vc_column_container vc_col-sm-2\"><div class=\"vc_column-inner\"><div class=\"wpb_wrapper\"><\/div><\/div><\/div><\/div><\/div><\/div><\/div><div class=\"wpb_column vc_column_container vc_col-sm-2\"><div class=\"vc_column-inner\"><div class=\"wpb_wrapper\"><\/div><\/div><\/div><\/div><div class=\"vc_row wpb_row vc_row-fluid\"><div class=\"wpb_column vc_column_container vc_col-sm-12\"><div class=\"vc_column-inner\"><div class=\"wpb_wrapper\"><h4 style=\"text-align: left\" class=\"vc_custom_heading vc_do_custom_heading\" >Playfight Ritual<\/h4><h5 style=\"text-align: left\" class=\"vc_custom_heading vc_do_custom_heading\" >Playfight Ritual Collective (LoveDragon & Jan)<\/h5>\n\t<div class=\"wpb_text_column wpb_content_element\" >\n\t\t<div class=\"wpb_wrapper\">\n\t\t\t<div class=\"x11i5rnm xat24cr x1mh8g0r x1vvkbs xtlvy1s\">\n<div class=\"x11i5rnm xat24cr x1mh8g0r x1vvkbs xtlvy1s\">\n<div class=\"x11i5rnm xat24cr x1mh8g0r x1vvkbs xtlvy1s\">\n<p>Das Playfight Ritual schafft einen sichereren Raum f\u00fcr M\u00e4nner* in dem man physische 1:1-Begegnungen zu erleben kann. W\u00e4hrend des Rituals verwenden wir fast keine Worte, sodass unsere K\u00f6rper die Kommunikation \u00fcbernehmen.<\/p>\n<p>Vor einem Playfight legen die Teilnehmenden eine Intention fest, diese geheime, innerliche Entscheidung f\u00fchrt dazu, dass sich jede Begegnung unterschiedlich gestaltet. Manche sind t\u00e4nzerisch-verspielt fast ohne K\u00f6rperkontakt, andere Teilnehmer wollen kuscheln oder gemeinsam herumrollen, wieder andere suchen testen mit viel Schwei\u00df ihre St\u00e4rke und Agilit\u00e4t.<\/p>\n<p>Es gibt kein externes Beurteilungssystem, welches Gewinner* festlegt. Jeder Playfight kann jederzeit ohne Begr\u00fcndung beendet werden. Aus Sicherheitsgr\u00fcnden werden die Playfights bodennah gehalten.<\/p>\n<p>Es gibt eine Aufw\u00e4rmphase mit Demonstration und Erkl\u00e4rung der Regeln. Niemand muss Playfighteinladungen annehmen. Ablehnungen sind ein wertvoller Teil des Rituals und erm\u00f6glichen sich ganz den stattfindenden Begegnungen hinzugeben. Bitte kommt rechtzeitig zur Veranstaltung und plant auch Zeit ein im Raum anzukommen, sodass wir alle gemeinsam beginnen k\u00f6nnen und nicht von Versp\u00e4tungen unterbrochen werden.<\/p>\n<p>Bitte bleibt entweder ganz bis zum Schluss oder zieht euch in der Halbzeitpause zur\u00fcck, auch wenn ihr Zeugen* seid, tragt ihr das Ritual mit.<\/p>\n<p>Tragt bequeme Kleidung in denen ihr euch gut bewegen k\u00f6nnt. Gegebenenfalls sind Wechselklamotten f\u00fcr danach angebracht. Empfohlen werden au\u00dferdem lange Hosen, um sich nicht die Knie auf den Matten aufzureiben.<\/p>\n<\/div>\n<\/div>\n<\/div>\n\n\t\t<\/div>\n\t<\/div>\n\n\t<div class=\"wpb_text_column wpb_content_element\" >\n\t\t<div class=\"wpb_wrapper\">\n\t\t\t<div class=\"x11i5rnm xat24cr x1mh8g0r x1vvkbs xtlvy1s\">\n<div class=\"x11i5rnm xat24cr x1mh8g0r x1vvkbs xtlvy1s\">\n<div class=\"x11i5rnm xat24cr x1mh8g0r x1vvkbs xtlvy1s\">\n<p><em>Dieses Event wird je nach Teilnehmerbed\u00fcrfnissen auf Deutsch und\/oder Englisch sein.<\/em><\/p>\n<\/div>\n<\/div>\n<\/div>\n\n\t\t<\/div>\n\t<\/div>\n<\/div><\/div><\/div><\/div>\n<\/div>","protected":false},"excerpt":{"rendered":"<h5>Sonntag (einmal pro Monat)<br \/>\n17:30 \u2013 20:30<br \/>\nZahlung an der T\u00fcr<\/h5>\n<p class=\"p1\"><strong>| <span style=\"color: #ec6c23;\">GBTQ men*<\/span>\u00a0|<\/strong><\/p>\n<p>Das Playfight Ritual schafft einen sichereren Raum f\u00fcr M\u00e4nner* in dem man physische 1:1-Begegnungen zu erleben kann.<br \/>\nW\u00e4hrend des Rituals verwenden wir fast keine Worte, sodass unsere K\u00f6rper die Kommunikation \u00fcbernehmen.<br \/>\nDie Teilnehmer* treten zu zweit gegeneinander an und interagieren auf unterschiedlichste Weise miteinander. Beim jeweiligen Playfight wird ein Gewinner gew\u00e4hlt. Dieses Ritual erm\u00f6glicht es K\u00f6rpergrenzen zu erfahren und aus zu loten.<\/p>\n","protected":false},"author":11,"featured_media":1845,"template":"","meta":{"pmpro_default_level":"","inline_featured_image":false},"product_brand":[],"product_cat":[79],"product_tag":[256],"class_list":{"0":"post-5572","1":"product","2":"type-product","3":"status-publish","4":"has-post-thumbnail","6":"product_cat-monatliche-events","7":"product_tag-gbtq-men","8":"pmpro-has-access","10":"first","11":"instock","12":"purchasable","13":"product-type-variable"},"wpml_current_locale":"de_DE","wpml_translations":{"en_US":{"locale":"en_US","id":5575,"slug":"cuddle-puddle-kopie-3","post_title":"Playfight Ritual","href":"https:\/\/wearevillage.org\/en\/shop\/playfight-ritual-w22"}},"language":{"code":"de","locale":"","name":"","is_rtl":false},"_links":{"self":[{"href":"https:\/\/wearevillage.org\/wp-json\/wp\/v2\/product\/5572","targetHints":{"allow":["GET"]}}],"collection":[{"href":"https:\/\/wearevillage.org\/wp-json\/wp\/v2\/product"}],"about":[{"href":"https:\/\/wearevillage.org\/wp-json\/wp\/v2\/types\/product"}],"author":[{"embeddable":true,"href":"https:\/\/wearevillage.org\/wp-json\/wp\/v2\/users\/11"}],"wp:featuredmedia":[{"embeddable":true,"href":"https:\/\/wearevillage.org\/wp-json\/wp\/v2\/media\/1845"}],"wp:attachment":[{"href":"https:\/\/wearevillage.org\/wp-json\/wp\/v2\/media?parent=5572"}],"wp:term":[{"taxonomy":"product_brand","embeddable":true,"href":"https:\/\/wearevillage.org\/wp-json\/wp\/v2\/product_brand?post=5572"},{"taxonomy":"product_cat","embeddable":true,"href":"https:\/\/wearevillage.org\/wp-json\/wp\/v2\/product_cat?post=5572"},{"taxonomy":"product_tag","embeddable":true,"href":"https:\/\/wearevillage.org\/wp-json\/wp\/v2\/product_tag?post=5572"}],"curies":[{"name":"wp","href":"https:\/\/api.w.org\/{rel}","templated":true}]}}