{"id":5599,"date":"2023-05-23T17:30:35","date_gmt":"2023-05-23T15:30:35","guid":{"rendered":"https:\/\/wearevillage.org\/?post_type=product&#038;p=5599"},"modified":"2023-05-31T06:35:55","modified_gmt":"2023-05-31T04:35:55","slug":"village-film-night-the-garden","status":"publish","type":"product","link":"https:\/\/wearevillage.org\/shop\/village-film-w26\/","title":{"rendered":"Village Film Night: The Garden"},"content":{"rendered":"<div class=\"wpb-content-wrapper\"><div class=\"vc_row wpb_row vc_row-fluid\"><div class=\"wpb_column vc_column_container vc_col-sm-10\"><div class=\"vc_column-inner\"><div class=\"wpb_wrapper\"><\/div><\/div><\/div><div class=\"wpb_column vc_column_container vc_col-sm-2\"><div class=\"vc_column-inner\"><div class=\"wpb_wrapper\"><\/div><\/div><\/div><\/div><div class=\"vc_row wpb_row vc_row-fluid\"><div class=\"wpb_column vc_column_container vc_col-sm-12\"><div class=\"vc_column-inner\"><div class=\"wpb_wrapper\"><h4 style=\"text-align: left\" class=\"vc_custom_heading vc_do_custom_heading\" >Village Film Night: The Garden<\/h4><h5 style=\"text-align: left\" class=\"vc_custom_heading vc_do_custom_heading\" >David Le Guillermic<\/h5>\n\t<div class=\"wpb_text_column wpb_content_element\" >\n\t\t<div class=\"wpb_wrapper\">\n\t\t\t<div class=\"page\" title=\"Page 1\">\n<div class=\"section\">\n<div class=\"layoutArea\">\n<div class=\"column\">\n<div class=\"page\" title=\"Page 1\">\n<div class=\"section\">\n<div class=\"layoutArea\">\n<div class=\"column\">\n<p>The Garden<br \/>\nDIrector: Derek Jarman<br \/>\nDrama, 1990, 95 mins<br \/>\nEngl.<\/p>\n<p>\u201eThe Garden\u201c wurde in der kahlen Umgebung von Derek Jarmans Haus an der K\u00fcste im Schatten des Kraftwerks von Dungeness gedreht und ist eine kraftvolle und bewegende Serie von allegorischen Traumlandschaften. Die Erz\u00e4hlung beginnt damit, dass Jarman an seinem Schreibtisch schl\u00e4ft und von christlichen Bildern umgeben ist. Seine Tr\u00e4ume \u00fcbertragen Ereignisse aus dem Neuen Testament in einen zeitgen\u00f6ssischen Kontext und untersuchen die repressive Haltung gegen\u00fcber Homosexualit\u00e4t, die AIDS-Krise und Jarmans eigene Gef\u00fchle gegen\u00fcber der Kirche. Mit einer brillanten Filmmusik von Simon Fisher-Turner ist \u201eThe Garden\u201c eine visuelle Meisterleistung des gefeierten Regisseurs von Sebastiane und Jubilee.<\/p>\n<p>Gefolgt von einem kurzen Video: Saintmaking: Die Heiligsprechung von Derek Jarman durch queere Nonnen\u201c<\/p>\n<\/div>\n<\/div>\n<\/div>\n<\/div>\n<\/div>\n<\/div>\n<\/div>\n<\/div>\n\n\t\t<\/div>\n\t<\/div>\n\n\t<div class=\"wpb_text_column wpb_content_element\" >\n\t\t<div class=\"wpb_wrapper\">\n\t\t\t<div class=\"page\" title=\"Page 1\">\n<div class=\"section\">\n<div class=\"layoutArea\">\n<div class=\"column\">\n<div class=\"page\" title=\"Page 1\">\n<div class=\"section\">\n<div class=\"layoutArea\">\n<div class=\"column\">\n<p>Die monatliche Filmnacht von Village.Berlin begann als informelle Zusammenkunft von Mitgliedern, um einige unserer liebsten Camp-Klassiker zu zeigen. Im Laufe der Jahre hat sich das Programm \u00fcber GBTQ-Filme hinaus erweitert, um mehr queere \/ nicht-normative Sichtweisen in einer Vielzahl von Genres und Stilen zu erkunden. Nach jeder Filmvorf\u00fchrung sind die Besucher*innen herzlich eingeladen, zu bleiben und die Filme und die damit verbundenen Themen in einer informellen Gruppe zu diskutieren.<\/p>\n<\/div>\n<\/div>\n<\/div>\n<\/div>\n<\/div>\n<\/div>\n<\/div>\n<\/div>\n\n\t\t<\/div>\n\t<\/div>\n<\/div><\/div><\/div><\/div>\n<\/div>","protected":false},"excerpt":{"rendered":"<h5>Tuesdays (once a month)<br \/>\n19:30 \u2013 22:30<br \/>\nEintritt frei<\/h5>\n<p class=\"p1\"><strong>| <span style=\"color: #ec6c23;\">LGBTQI+ & Friends<\/span>\u00a0|<\/strong><\/p>\n<p class=\"x11i5rnm xat24cr x1mh8g0r x1vvkbs xtlvy1s\">Der Film \u201eThe Garden\u201c \u00fcbertr\u00e4gt Ereignisse aus dem Neuen Testament in einen zeitgen\u00f6ssischen Kontext und untersucht die repressive Haltung gegen\u00fcber Homosexualit\u00e4t, der AIDS-Krise und Jarmans eigenen Gef\u00fchlen gegen\u00fcber der Kirche.<\/p>\n<div dir=\"auto\">\n<p>The Garden<br \/>\nDIrector: Derek Jarman<br \/>\nDrama, 1990, 95 mins<br \/>\nEngl.<\/p>\n<\/div>\n","protected":false},"author":14,"featured_media":5602,"template":"","meta":{"pmpro_default_level":"","inline_featured_image":false},"product_brand":[],"product_cat":[77,79],"product_tag":[469],"class_list":{"0":"post-5599","1":"product","2":"type-product","3":"status-publish","4":"has-post-thumbnail","6":"product_cat-community-events","7":"product_cat-monatliche-events","8":"product_tag-lgbtqiaplus","9":"pmpro-has-access","11":"first","12":"outofstock","13":"purchasable","14":"product-type-variable"},"wpml_current_locale":"de_DE","wpml_translations":{"en_US":{"locale":"en_US","id":5600,"slug":"village-film-night-mysterious-skin-kopie-3","post_title":"Village Film Night: The Garden","href":"https:\/\/wearevillage.org\/en\/shop\/village-film-w26"}},"language":{"code":"de","locale":"","name":"","is_rtl":false},"_links":{"self":[{"href":"https:\/\/wearevillage.org\/wp-json\/wp\/v2\/product\/5599","targetHints":{"allow":["GET"]}}],"collection":[{"href":"https:\/\/wearevillage.org\/wp-json\/wp\/v2\/product"}],"about":[{"href":"https:\/\/wearevillage.org\/wp-json\/wp\/v2\/types\/product"}],"author":[{"embeddable":true,"href":"https:\/\/wearevillage.org\/wp-json\/wp\/v2\/users\/14"}],"wp:featuredmedia":[{"embeddable":true,"href":"https:\/\/wearevillage.org\/wp-json\/wp\/v2\/media\/5602"}],"wp:attachment":[{"href":"https:\/\/wearevillage.org\/wp-json\/wp\/v2\/media?parent=5599"}],"wp:term":[{"taxonomy":"product_brand","embeddable":true,"href":"https:\/\/wearevillage.org\/wp-json\/wp\/v2\/product_brand?post=5599"},{"taxonomy":"product_cat","embeddable":true,"href":"https:\/\/wearevillage.org\/wp-json\/wp\/v2\/product_cat?post=5599"},{"taxonomy":"product_tag","embeddable":true,"href":"https:\/\/wearevillage.org\/wp-json\/wp\/v2\/product_tag?post=5599"}],"curies":[{"name":"wp","href":"https:\/\/api.w.org\/{rel}","templated":true}]}}