{"id":5657,"date":"2023-05-25T13:07:23","date_gmt":"2023-05-25T11:07:23","guid":{"rendered":"https:\/\/wearevillage.org\/?post_type=product&#038;p=5657"},"modified":"2023-06-13T10:58:43","modified_gmt":"2023-06-13T08:58:43","slug":"village-film-night-taxi-zum-klo","status":"publish","type":"product","link":"https:\/\/wearevillage.org\/shop\/village-film-w30\/","title":{"rendered":"Village Film Night \u2013 Taxi zum Klo"},"content":{"rendered":"<div class=\"wpb-content-wrapper\"><div class=\"vc_row wpb_row vc_row-fluid\"><div class=\"wpb_column vc_column_container vc_col-sm-10\"><div class=\"vc_column-inner\"><div class=\"wpb_wrapper\"><\/div><\/div><\/div><div class=\"wpb_column vc_column_container vc_col-sm-2\"><div class=\"vc_column-inner\"><div class=\"wpb_wrapper\"><\/div><\/div><\/div><\/div><div class=\"vc_row wpb_row vc_row-fluid\"><div class=\"wpb_column vc_column_container vc_col-sm-12\"><div class=\"vc_column-inner\"><div class=\"wpb_wrapper\"><h4 style=\"text-align: left\" class=\"vc_custom_heading vc_do_custom_heading\" >Village Film Night \u2013 Taxi zum Klo<\/h4><h5 style=\"text-align: left\" class=\"vc_custom_heading vc_do_custom_heading\" >David Le Guillermic & Pierre Em\u00f6<\/h5>\n\t<div class=\"wpb_text_column wpb_content_element\" >\n\t\t<div class=\"wpb_wrapper\">\n\t\t\t<div class=\"page\" title=\"Page 1\">\n<div class=\"section\">\n<div class=\"layoutArea\">\n<div class=\"column\">\n<div class=\"page\" title=\"Page 1\">\n<div class=\"section\">\n<div class=\"layoutArea\">\n<div class=\"column\">\n<p>Taxi zum Klo<br \/>\nDirector: Frank Ripploh<br \/>\nComedie, 1980, 95 mins<br \/>\nOF mit englischen Untertiteln<\/p>\n<p>\u201eIch mag M\u00e4nner, bin 30 Jahre alt, von Beruf Lehrer\u201c, sagt Frank, der abends auch schon mal als Peggy ausgeht. Im Fummel lernt er Bernd kennen \u2013 und nimmt ihn aus dem Kino direkt mit nach Hause. Von da an sind die beiden ein Paar. Frank genie\u00dft das Zusammensein mit Bernd, aber er will auch weiter seine Freiheiten jenseits des trauten Heims: Treffen mit anderen M\u00e4nnern, vor allem anonymen Sex in Parks und auf \u00f6ffentlichen Toiletten, das Abenteuer, den Exzess. F\u00fcr die monogame Partnerschaft und ein ruhiges Leben auf dem Bauernhof, wie Bernd es sich w\u00fcnscht, ist er nicht zu haben. Auf dem j\u00e4hrlichen Tuntenball kommt es zum Eklat.<\/p>\n<\/div>\n<\/div>\n<\/div>\n<\/div>\n<\/div>\n<\/div>\n<\/div>\n<\/div>\n\n\t\t<\/div>\n\t<\/div>\n\n\t<div class=\"wpb_text_column wpb_content_element\" >\n\t\t<div class=\"wpb_wrapper\">\n\t\t\t<div class=\"page\" title=\"Page 1\">\n<div class=\"section\">\n<div class=\"layoutArea\">\n<div class=\"column\">\n<div class=\"page\" title=\"Page 1\">\n<div class=\"section\">\n<div class=\"layoutArea\">\n<div class=\"column\">\n<p>Die monatliche Filmnacht von Village.Berlin begann als informelle Zusammenkunft von Mitgliedern, um einige unserer liebsten Camp-Klassiker zu zeigen. Im Laufe der Jahre hat sich das Programm \u00fcber GBTQ-Filme hinaus erweitert, um mehr queere \/ nicht-normative Sichtweisen in einer Vielzahl von Genres und Stilen zu erkunden. Nach jeder Filmvorf\u00fchrung sind die Besucher*innen herzlich eingeladen, zu bleiben und die Filme und die damit verbundenen Themen in einer informellen Gruppe zu diskutieren.<\/p>\n<\/div>\n<\/div>\n<\/div>\n<\/div>\n<\/div>\n<\/div>\n<\/div>\n<\/div>\n\n\t\t<\/div>\n\t<\/div>\n<\/div><\/div><\/div><\/div>\n<\/div>","protected":false},"excerpt":{"rendered":"<h5>Tuesdays (once a month)<br \/>\n19:30 \u2013 22:30<br \/>\nEintritt frei<\/h5>\n<p class=\"p1\"><strong>| <span style=\"color: #ec6c23;\">LGBTQI+ & Friends<\/span>\u00a0|<\/strong><\/p>\n<p class=\"x11i5rnm xat24cr x1mh8g0r x1vvkbs xtlvy1s\">\u201eTaxi zum Klo\u201c ist ein absoluter Kultklassiker von Regisseur Frank Ripploh. Frank ist ein schwuler Lehrer und der Film zeigt sein Leben zwischen Job, Liebe, sexuellen Eskapaden und ein wenig Tuntenfummel<\/p>\n<div dir=\"auto\">\n<p><strong>Taxi zum Klo<br \/>\n<\/strong>Director: Frank Ripploh<br \/>\nComedie, 1980, 95 mins<br \/>\nOF mit englischen Untertiteln<\/p>\n<\/div>\n","protected":false},"author":14,"featured_media":5660,"template":"","meta":{"pmpro_default_level":"","inline_featured_image":false},"product_brand":[],"product_cat":[77,79],"product_tag":[469],"class_list":{"0":"post-5657","1":"product","2":"type-product","3":"status-publish","4":"has-post-thumbnail","6":"product_cat-community-events","7":"product_cat-monatliche-events","8":"product_tag-lgbtqiaplus","9":"pmpro-has-access","11":"first","12":"outofstock","13":"purchasable","14":"product-type-variable"},"wpml_current_locale":"de_DE","wpml_translations":{"en_US":{"locale":"en_US","id":5658,"slug":"village-film-night-the-garden-kopie","post_title":"Village Film Night \u2013 Taxi zum Klo","href":"https:\/\/wearevillage.org\/en\/shop\/village-film-w30"}},"language":{"code":"de","locale":"","name":"","is_rtl":false},"_links":{"self":[{"href":"https:\/\/wearevillage.org\/wp-json\/wp\/v2\/product\/5657","targetHints":{"allow":["GET"]}}],"collection":[{"href":"https:\/\/wearevillage.org\/wp-json\/wp\/v2\/product"}],"about":[{"href":"https:\/\/wearevillage.org\/wp-json\/wp\/v2\/types\/product"}],"author":[{"embeddable":true,"href":"https:\/\/wearevillage.org\/wp-json\/wp\/v2\/users\/14"}],"wp:featuredmedia":[{"embeddable":true,"href":"https:\/\/wearevillage.org\/wp-json\/wp\/v2\/media\/5660"}],"wp:attachment":[{"href":"https:\/\/wearevillage.org\/wp-json\/wp\/v2\/media?parent=5657"}],"wp:term":[{"taxonomy":"product_brand","embeddable":true,"href":"https:\/\/wearevillage.org\/wp-json\/wp\/v2\/product_brand?post=5657"},{"taxonomy":"product_cat","embeddable":true,"href":"https:\/\/wearevillage.org\/wp-json\/wp\/v2\/product_cat?post=5657"},{"taxonomy":"product_tag","embeddable":true,"href":"https:\/\/wearevillage.org\/wp-json\/wp\/v2\/product_tag?post=5657"}],"curies":[{"name":"wp","href":"https:\/\/api.w.org\/{rel}","templated":true}]}}