{"id":5810,"date":"2023-05-28T13:12:18","date_gmt":"2023-05-28T11:12:18","guid":{"rendered":"https:\/\/wearevillage.org\/?post_type=product&#038;p=5810"},"modified":"2023-07-06T11:35:49","modified_gmt":"2023-07-06T09:35:49","slug":"village-outdoor-potsdam","status":"publish","type":"product","link":"https:\/\/wearevillage.org\/shop\/village-outdoor-w27\/","title":{"rendered":"Village Outdoor \u2013 Potsdam"},"content":{"rendered":"<div class=\"wpb-content-wrapper\"><div class=\"vc_row wpb_row vc_row-fluid\"><div class=\"wpb_column vc_column_container vc_col-sm-10\"><div class=\"vc_column-inner\"><div class=\"wpb_wrapper\"><\/div><\/div><\/div><div class=\"wpb_column vc_column_container vc_col-sm-2\"><div class=\"vc_column-inner\"><div class=\"wpb_wrapper\"><\/div><\/div><\/div><\/div><div class=\"vc_row wpb_row vc_row-fluid\"><div class=\"wpb_column vc_column_container vc_col-sm-12\"><div class=\"vc_column-inner\"><div class=\"wpb_wrapper\"><h4 style=\"text-align: left\" class=\"vc_custom_heading vc_do_custom_heading\" >Village Outdoor - Potsdam: Babelsberg & Neuen Garten<\/h4><h5 style=\"text-align: left\" class=\"vc_custom_heading vc_do_custom_heading\" >with Harms & Bence<\/h5>\n\t<div class=\"wpb_text_column wpb_content_element\" >\n\t\t<div class=\"wpb_wrapper\">\n\t\t\t<div class=\"x11i5rnm xat24cr x1mh8g0r x1vvkbs xtlvy1s\">\n<div class=\"x11i5rnm xat24cr x1mh8g0r x1vvkbs xtlvy1s\">\n<div class=\"x11i5rnm xat24cr x1mh8g0r x1vvkbs xtlvy1s\">\n<div class=\"x11i5rnm xat24cr x1mh8g0r x1vvkbs xtlvy1s\">\n<p>Begleite uns auf eine bezaubernde Reise durch die historischen Parkanlagen von Babelsberg und dem Neuen Garten in Potsdam. Tauche auf einem Rundweg in die Sch\u00f6nheit und Gelassenheit dieser bemerkenswerten Landschaften ein.Die Veranstaltung wird von Harms und Bence organisiert, die jedes Detail geplant haben, um allen Teilnehmern ein angenehmes Erlebnis zu garantieren.Die Rundwanderung dauert etwa 3,5 Stunden und verl\u00e4uft haupts\u00e4chlich auf einem ausgebauten Wanderweg. Unterwegs gibt es diverse Treppen und leichte Steigungen, die die k\u00f6rperlicher Aktivit\u00e4t f\u00f6rdern. Die Route ist auch f\u00fcr unge\u00fcbte Teilnehmer geeignet.<\/p>\n<p>Unterwegs haben Ihr mehrere Gelegenheiten, eine Pause einzulegen und sich in den charmanten Caf\u00e9s entlang der Strecke zu st\u00e4rken.<\/p>\n<p>Es fallen keine Kosten an!<\/p>\n<p>Vorregistrierung: events@wearevillage.org, Kontakt Harms: +491723936250<\/p>\n<p>Treffpunkt: 11:00 \u2013 S-Bahn (S7) \u2013 Potsdam Hauptbahnhof \u2013 ABC-Ticket<\/p>\n<p>\u00a0<\/p>\n<\/div>\n<\/div>\n<\/div>\n<\/div>\n\n\t\t<\/div>\n\t<\/div>\n<\/div><\/div><\/div><\/div>\n<\/div>","protected":false},"excerpt":{"rendered":"<h5>Outdoor Event<br \/>\nTreffpunkt: Potsdam Hbf<\/h5>\n<p class=\"p1\"><strong>| <span style=\"color: #ec6c23;\">LGBTQI+ Friends <\/span>|<\/strong><\/p>\n<div class=\"x11i5rnm xat24cr x1mh8g0r x1vvkbs xtlvy1s\">\n<div class=\"x11i5rnm xat24cr x1mh8g0r x1vvkbs xtlvy1s\">\n<p>Begleite uns auf eine bezaubernde Wanderung durch die historischen Parkanlagen von Babelsberg und dem Neuen Garten in Potsdam.<\/p>\n<\/div>\n<\/div>\n","protected":false},"author":14,"featured_media":5805,"template":"","meta":{"pmpro_default_level":"","inline_featured_image":false},"product_brand":[],"product_cat":[77,79],"product_tag":[469],"class_list":{"0":"post-5810","1":"product","2":"type-product","3":"status-publish","4":"has-post-thumbnail","6":"product_cat-community-events","7":"product_cat-monatliche-events","8":"product_tag-lgbtqiaplus","9":"pmpro-has-access","11":"first","12":"outofstock","13":"purchasable","14":"product-type-variable"},"wpml_current_locale":"de_DE","wpml_translations":{"en_US":{"locale":"en_US","id":5811,"slug":"village-outdoor-bike-excursion-havelradweg-kopie","post_title":"Village Outdoor - Potsdam","href":"https:\/\/wearevillage.org\/en\/shop\/village-outdoor-w27"}},"language":{"code":"de","locale":"","name":"","is_rtl":false},"_links":{"self":[{"href":"https:\/\/wearevillage.org\/wp-json\/wp\/v2\/product\/5810","targetHints":{"allow":["GET"]}}],"collection":[{"href":"https:\/\/wearevillage.org\/wp-json\/wp\/v2\/product"}],"about":[{"href":"https:\/\/wearevillage.org\/wp-json\/wp\/v2\/types\/product"}],"author":[{"embeddable":true,"href":"https:\/\/wearevillage.org\/wp-json\/wp\/v2\/users\/14"}],"wp:featuredmedia":[{"embeddable":true,"href":"https:\/\/wearevillage.org\/wp-json\/wp\/v2\/media\/5805"}],"wp:attachment":[{"href":"https:\/\/wearevillage.org\/wp-json\/wp\/v2\/media?parent=5810"}],"wp:term":[{"taxonomy":"product_brand","embeddable":true,"href":"https:\/\/wearevillage.org\/wp-json\/wp\/v2\/product_brand?post=5810"},{"taxonomy":"product_cat","embeddable":true,"href":"https:\/\/wearevillage.org\/wp-json\/wp\/v2\/product_cat?post=5810"},{"taxonomy":"product_tag","embeddable":true,"href":"https:\/\/wearevillage.org\/wp-json\/wp\/v2\/product_tag?post=5810"}],"curies":[{"name":"wp","href":"https:\/\/api.w.org\/{rel}","templated":true}]}}