{"id":5859,"date":"2023-05-28T15:19:33","date_gmt":"2023-05-28T13:19:33","guid":{"rendered":"https:\/\/wearevillage.org\/?post_type=product&#038;p=5859"},"modified":"2023-06-07T05:53:09","modified_gmt":"2023-06-07T03:53:09","slug":"village-outdoor-along-the-shore-of-the-panke","status":"publish","type":"product","link":"https:\/\/wearevillage.org\/shop\/village-outdoor-w25\/","title":{"rendered":"Village Outdoor \u2013 Spaziergang entlang der Panke"},"content":{"rendered":"<div class=\"wpb-content-wrapper\"><div class=\"vc_row wpb_row vc_row-fluid\"><div class=\"wpb_column vc_column_container vc_col-sm-10\"><div class=\"vc_column-inner\"><div class=\"wpb_wrapper\"><\/div><\/div><\/div><div class=\"wpb_column vc_column_container vc_col-sm-2\"><div class=\"vc_column-inner\"><div class=\"wpb_wrapper\"><\/div><\/div><\/div><\/div><div class=\"vc_row wpb_row vc_row-fluid\"><div class=\"wpb_column vc_column_container vc_col-sm-12\"><div class=\"vc_column-inner\"><div class=\"wpb_wrapper\"><h4 style=\"text-align: left\" class=\"vc_custom_heading vc_do_custom_heading\" >Village Outdoor - Along the shore of the Panke<\/h4><h5 style=\"text-align: left\" class=\"vc_custom_heading vc_do_custom_heading\" >with Harms & Daniel<\/h5>\n\t<div class=\"wpb_text_column wpb_content_element\" >\n\t\t<div class=\"wpb_wrapper\">\n\t\t\t<div class=\"x11i5rnm xat24cr x1mh8g0r x1vvkbs xtlvy1s\">\n<div class=\"x11i5rnm xat24cr x1mh8g0r x1vvkbs xtlvy1s\">\n<div class=\"x11i5rnm xat24cr x1mh8g0r x1vvkbs xtlvy1s\">\n<div class=\"x11i5rnm xat24cr x1mh8g0r x1vvkbs xtlvy1s\">\n<p>Bei unserem Sonntagsspaziergang folgen wir dem Lauf der wenig bekannten Panke (neben Havel und Spree der drittl\u00e4ngste Fluss Berlins) von der M\u00fcndung der Panke bis zum Schlosspark Sch\u00f6nhausen in Pankow.<\/p>\n<p>Die Route f\u00fchrt uns vom Bertold-Brecht-Platz in Berlin-Mitte \u00fcber das Gel\u00e4nde der Charit\u00e9 in n\u00f6rdlicher Richtung. Entlang des Ufers erleben wir sehr abwechslungsreiche Gr\u00fcnfl\u00e4chen und Stadtr\u00e4ume mit interessanten Geb\u00e4uden.<\/p>\n<p>Eine Pause ist im B\u00fcrgerpark Pankow geplant, bevor die letzte (kurze) Etappe durch das ehemalige Wohngebiet der DDR-Regierung Majakowskiring im Schlosspark Sch\u00f6nhausen (Berlin-Pankow) endet.<\/p>\n<p>Treffpunkt 11:00 Uhr: <span style=\"font-weight: 400;\">Bertolt-Brecht-Platz,\u00a0 Berlin Mitte<\/span><\/p>\n<p>Wir freuen uns auf Euch! <span class=\"x3nfvp2 x1j61x8r x1fcty0u xdj266r xhhsvwb xat24cr xgzva0m xxymvpz xlup9mm x1kky2od\"><img loading=\"lazy\" decoding=\"async\" src=\"https:\/\/static.xx.fbcdn.net\/images\/emoji.php\/v9\/t6c\/1\/16\/2764.png\" alt=\"\u2764\ufe0f\" width=\"16\" height=\"16\" \/><\/span><\/p>\n<\/div>\n<\/div>\n<\/div>\n<\/div>\n\n\t\t<\/div>\n\t<\/div>\n<\/div><\/div><\/div><\/div>\n<\/div>","protected":false},"excerpt":{"rendered":"<h5>Outdoor Event<br \/>\nTreffpunkt: Bertolt-Brecht-Platz,\u00a0 Berlin Mitte<\/h5>\n<p class=\"p1\"><strong>| <span style=\"color: #ec6c23;\">GBTQ men* <\/span>|<\/strong><\/p>\n<div class=\"x11i5rnm xat24cr x1mh8g0r x1vvkbs xtlvy1s\">\n<div class=\"x11i5rnm xat24cr x1mh8g0r x1vvkbs xtlvy1s\">\n<p>Sonntangsspaziergang entlang der Panke bis zum Schlosspark Sch\u00f6nhausen.<br \/>\nDie Route f\u00fchrt uns vom Bertold-Brecht-Platz in Berlin-Mitte \u00fcber das Gel\u00e4nde der Charit\u00e9 in n\u00f6rdlicher Richtung.<\/p>\n<\/div>\n<\/div>\n","protected":false},"author":14,"featured_media":5863,"template":"","meta":{"pmpro_default_level":"","inline_featured_image":false},"product_brand":[],"product_cat":[77,79],"product_tag":[469],"class_list":{"0":"post-5859","1":"product","2":"type-product","3":"status-publish","4":"has-post-thumbnail","6":"product_cat-community-events","7":"product_cat-monatliche-events","8":"product_tag-lgbtqiaplus","9":"pmpro-has-access","11":"first","12":"outofstock","13":"purchasable","14":"product-type-variable"},"wpml_current_locale":"de_DE","wpml_translations":{"en_US":{"locale":"en_US","id":5860,"slug":"village-outdoor-bike-excursion-havelradweg-kopie-2","post_title":"Village Outdoor - Along the shore of the Panke","href":"https:\/\/wearevillage.org\/en\/shop\/village-outdoor-w25"}},"language":{"code":"de","locale":"","name":"","is_rtl":false},"_links":{"self":[{"href":"https:\/\/wearevillage.org\/wp-json\/wp\/v2\/product\/5859","targetHints":{"allow":["GET"]}}],"collection":[{"href":"https:\/\/wearevillage.org\/wp-json\/wp\/v2\/product"}],"about":[{"href":"https:\/\/wearevillage.org\/wp-json\/wp\/v2\/types\/product"}],"author":[{"embeddable":true,"href":"https:\/\/wearevillage.org\/wp-json\/wp\/v2\/users\/14"}],"wp:featuredmedia":[{"embeddable":true,"href":"https:\/\/wearevillage.org\/wp-json\/wp\/v2\/media\/5863"}],"wp:attachment":[{"href":"https:\/\/wearevillage.org\/wp-json\/wp\/v2\/media?parent=5859"}],"wp:term":[{"taxonomy":"product_brand","embeddable":true,"href":"https:\/\/wearevillage.org\/wp-json\/wp\/v2\/product_brand?post=5859"},{"taxonomy":"product_cat","embeddable":true,"href":"https:\/\/wearevillage.org\/wp-json\/wp\/v2\/product_cat?post=5859"},{"taxonomy":"product_tag","embeddable":true,"href":"https:\/\/wearevillage.org\/wp-json\/wp\/v2\/product_tag?post=5859"}],"curies":[{"name":"wp","href":"https:\/\/api.w.org\/{rel}","templated":true}]}}