{"id":6474,"date":"2023-06-13T10:14:37","date_gmt":"2023-06-13T08:14:37","guid":{"rendered":"https:\/\/wearevillage.org\/?post_type=product&#038;p=6474"},"modified":"2023-11-01T13:22:23","modified_gmt":"2023-11-01T12:22:23","slug":"artistic-awakening","status":"publish","type":"product","link":"https:\/\/wearevillage.org\/shop\/artistic-awakening-w25\/","title":{"rendered":"Artistic Awakening"},"content":{"rendered":"<div class=\"wpb-content-wrapper\"><div class=\"vc_row wpb_row vc_row-fluid\"><div class=\"wpb_column vc_column_container vc_col-sm-10\"><div class=\"vc_column-inner\"><div class=\"wpb_wrapper\"><div class=\"vc_row wpb_row vc_inner vc_row-fluid\"><div class=\"wpb_column vc_column_container vc_col-sm-2\"><div class=\"vc_column-inner\"><div class=\"wpb_wrapper\"><\/div><\/div><\/div><\/div><\/div><\/div><\/div><div class=\"wpb_column vc_column_container vc_col-sm-2\"><div class=\"vc_column-inner\"><div class=\"wpb_wrapper\"><\/div><\/div><\/div><\/div><div class=\"vc_row wpb_row vc_row-fluid\"><div class=\"wpb_column vc_column_container vc_col-sm-12\"><div class=\"vc_column-inner\"><div class=\"wpb_wrapper\"><h4 style=\"text-align: left\" class=\"vc_custom_heading vc_do_custom_heading\" >Artistic Awakening: sich durch Bewegung und Kunst f\u00fcr Ausdruck und Kreativit\u00e4t \u00f6ffnen <\/h4><h5 style=\"text-align: left\" class=\"vc_custom_heading vc_do_custom_heading\" >Michael Rolnick<\/h5>\n\t<div class=\"wpb_text_column wpb_content_element\" >\n\t\t<div class=\"wpb_wrapper\">\n\t\t\t<div class=\"x11i5rnm xat24cr x1mh8g0r x1vvkbs xtlvy1s\">\n<div class=\"x11i5rnm xat24cr x1mh8g0r x1vvkbs xtlvy1s\">\n<div class=\"x11i5rnm xat24cr x1mh8g0r x1vvkbs xtlvy1s\">\n<p>In diesem Workshop-Session tauchen wir in die Welt der Bewegung und der Ausdruckskunst ein. In jeder einzelnen Session besch\u00e4ftigen wir uns mit einer Reihe von Aktivit\u00e4ten, wie somatischen Bewegungs\u00fcbungen, Tanz, Zeichnen und Meditation, um unsere pers\u00f6nliche Kreativit\u00e4t zu f\u00f6rdern und eine tiefere Verbindung zu unserem inneren Selbst herzustellen.<\/p>\n<p>Wir werden auch die Gelegenheit haben, unsere Erfahrungen mit anderen in der Gruppe zu teilen, um ein Gef\u00fchl des Zusammenseins und der gegenseitigen Unterst\u00fctzung zu f\u00f6rdern. Dieser Workshop ist f\u00fcr Menschen mit allen Erfahrungsstufen gedacht, um den Einzelnen zu st\u00e4rken und zu inspirieren, sich kreativ mit sich selbst und der Welt um uns herum zu besch\u00e4ftigen.<\/p>\n<p>Begebt euch auf diese aufregende Reise der Selbstentdeckung und des k\u00fcnstlerischen Ausdrucks.<\/p>\n<\/div>\n<\/div>\n<\/div>\n\n\t\t<\/div>\n\t<\/div>\n\n\t<div class=\"wpb_text_column wpb_content_element\" >\n\t\t<div class=\"wpb_wrapper\">\n\t\t\t<div class=\"x11i5rnm xat24cr x1mh8g0r x1vvkbs xtlvy1s\">\n<div class=\"x11i5rnm xat24cr x1mh8g0r x1vvkbs xtlvy1s\">\n<div class=\"x11i5rnm xat24cr x1mh8g0r x1vvkbs xtlvy1s\">\n<p><em>Dieses Event wird je nach Teilnehmerbed\u00fcrfnissen auf Deutsch und\/oder Englisch sein.<\/em><\/p>\n<\/div>\n<\/div>\n<\/div>\n\n\t\t<\/div>\n\t<\/div>\n<\/div><\/div><\/div><\/div>\n<\/div>","protected":false},"excerpt":{"rendered":"<h5>14:00 \u2013 17:00<br \/>\nFree Event<\/h5>\n<p class=\"p1\"><strong>| <span style=\"color: #ec6c23;\">LGBTQIA+\u00a0<\/span>|<\/strong><\/p>\n<p>In diesen Workshop-Sessions tauchen wir in die Welt der Bewegung und der Ausdruckskunst ein, um unsere pers\u00f6nliche Kreativit\u00e4t zu f\u00f6rdern und eine tiefere Verbindung zu unserem inneren Selbst herzustellen. Wir werden uns mit Aktivit\u00e4ten wie somatischen Bewegungs\u00fcbungen, Tanz, Zeichnen und Meditation besch\u00e4ftigen.<\/p>\n","protected":false},"author":14,"featured_media":9404,"template":"","meta":{"pmpro_default_level":"","inline_featured_image":false},"product_brand":[],"product_cat":[77,79],"product_tag":[469],"class_list":{"0":"post-6474","1":"product","2":"type-product","3":"status-publish","4":"has-post-thumbnail","6":"product_cat-community-events","7":"product_cat-monatliche-events","8":"product_tag-lgbtqiaplus","9":"pmpro-has-access","11":"first","12":"outofstock","13":"purchasable","14":"product-type-variable"},"wpml_current_locale":"de_DE","wpml_translations":{"en_US":{"locale":"en_US","id":6477,"slug":"playfight-ritual-kopie-3","post_title":"Artistic Awakening","href":"https:\/\/wearevillage.org\/en\/shop\/artistic-awakening-w25"}},"language":{"code":"de","locale":"","name":"","is_rtl":false},"_links":{"self":[{"href":"https:\/\/wearevillage.org\/wp-json\/wp\/v2\/product\/6474","targetHints":{"allow":["GET"]}}],"collection":[{"href":"https:\/\/wearevillage.org\/wp-json\/wp\/v2\/product"}],"about":[{"href":"https:\/\/wearevillage.org\/wp-json\/wp\/v2\/types\/product"}],"author":[{"embeddable":true,"href":"https:\/\/wearevillage.org\/wp-json\/wp\/v2\/users\/14"}],"wp:featuredmedia":[{"embeddable":true,"href":"https:\/\/wearevillage.org\/wp-json\/wp\/v2\/media\/9404"}],"wp:attachment":[{"href":"https:\/\/wearevillage.org\/wp-json\/wp\/v2\/media?parent=6474"}],"wp:term":[{"taxonomy":"product_brand","embeddable":true,"href":"https:\/\/wearevillage.org\/wp-json\/wp\/v2\/product_brand?post=6474"},{"taxonomy":"product_cat","embeddable":true,"href":"https:\/\/wearevillage.org\/wp-json\/wp\/v2\/product_cat?post=6474"},{"taxonomy":"product_tag","embeddable":true,"href":"https:\/\/wearevillage.org\/wp-json\/wp\/v2\/product_tag?post=6474"}],"curies":[{"name":"wp","href":"https:\/\/api.w.org\/{rel}","templated":true}]}}