{"id":6514,"date":"2023-06-14T16:41:40","date_gmt":"2023-06-14T14:41:40","guid":{"rendered":"http:\/\/shop\/acroyoga-eine-art-in-kontakt-zu-treten-kopie\/"},"modified":"2023-07-24T17:04:11","modified_gmt":"2023-07-24T15:04:11","slug":"acroyoga-eine-art-in-kontakt-zu-treten-7","status":"publish","type":"product","link":"https:\/\/wearevillage.org\/shop\/acroyoga\/w39\/","title":{"rendered":"Acroyoga \u2013 eine Art in Kontakt zu treten"},"content":{"rendered":"<div class=\"wpb-content-wrapper\"><div class=\"vc_row wpb_row vc_row-fluid\"><div class=\"wpb_column vc_column_container vc_col-sm-10\"><div class=\"vc_column-inner\"><div class=\"wpb_wrapper\"><div class=\"vc_row wpb_row vc_inner vc_row-fluid\"><div class=\"wpb_column vc_column_container vc_col-sm-2\"><div class=\"vc_column-inner\"><div class=\"wpb_wrapper\"><\/div><\/div><\/div><\/div><\/div><\/div><\/div><div class=\"wpb_column vc_column_container vc_col-sm-2\"><div class=\"vc_column-inner\"><div class=\"wpb_wrapper\"><\/div><\/div><\/div><\/div><div class=\"vc_row wpb_row vc_row-fluid\"><div class=\"wpb_column vc_column_container vc_col-sm-12\"><div class=\"vc_column-inner\"><div class=\"wpb_wrapper\"><h4 style=\"text-align: left\" class=\"vc_custom_heading vc_do_custom_heading\" >Acroyoga - eine Art in Kontakt zu treten<\/h4><h5 style=\"text-align: left\" class=\"vc_custom_heading vc_do_custom_heading\" >Jens Dube<\/h5>\n\t<div class=\"wpb_text_column wpb_content_element\" >\n\t\t<div class=\"wpb_wrapper\">\n\t\t\t<div class=\"x11i5rnm xat24cr x1mh8g0r x1vvkbs xtlvy1s\">Acroyoga ist eine k\u00f6rperliche Praxis, die Yoga und Akrobatik kombiniert. Dieser Workshop umfasst verschiedene Arten von Partner- und Gruppen\u00fcbungen. Wir werden einen Raum schaffen, um physisch mit anderen in Verbindung zu treten und m\u00f6glicherweise etwas Einzigartiges zu erleben.<\/div>\n<div><\/div>\n<div class=\"x11i5rnm xat24cr x1mh8g0r x1vvkbs xtlvy1s\">Es ist eine gro\u00dfartige Gelegenheit, in Beziehung zu treten, sich selbst auf neue Weise zu erleben und einschr\u00e4nkende \u00dcberzeugungen zu \u00fcberwinden. Es kann verspielt, herausfordernd, n\u00e4hrend und zutiefst befriedigend sein.<\/div>\n\n\t\t<\/div>\n\t<\/div>\n\n\t<div class=\"wpb_text_column wpb_content_element\" >\n\t\t<div class=\"wpb_wrapper\">\n\t\t\t<div class=\"x11i5rnm xat24cr x1mh8g0r x1vvkbs xtlvy1s\"><em>Dieses Event wird je nach Teilnehmerbed\u00fcrfnissen auf Deutsch und\/oder Englisch sein.<\/em><\/div>\n\n\t\t<\/div>\n\t<\/div>\n<\/div><\/div><\/div><\/div>\n<\/div>","protected":false},"excerpt":{"rendered":"<h5>Mittwochs, alle 2 Wochen<br \/>\n18:00 \u2013 19:30<br \/>\nZahlung an der T\u00fcr<\/h5>\n<p class=\"p1\"><strong>| <span style=\"color: #ec6c23;\">GBTQ men*<\/span>\u00a0|<\/strong><\/p>\n<p>Acroyoga ist eine k\u00f6rperliche Praxis, die Yoga und Akrobatik kombiniert. Dieser Workshop umfasst verschiedene Arten von Partner- und Gruppen\u00fcbungen. Wir werden einen Raum schaffen, um physisch mit anderen in Verbindung zu treten und m\u00f6glicherweise etwas Einzigartiges zu erleben.<\/p>\n","protected":false},"author":11,"featured_media":1743,"template":"","meta":{"pmpro_default_level":"","inline_featured_image":false},"product_brand":[],"product_cat":[84],"product_tag":[256],"class_list":{"0":"post-6514","1":"product","2":"type-product","3":"status-publish","4":"has-post-thumbnail","6":"product_cat-zweiwoechentlich","7":"product_tag-gbtq-men","8":"pmpro-has-access","10":"first","11":"instock","12":"purchasable","13":"product-type-variable"},"wpml_current_locale":"de_DE","wpml_translations":{"en_US":{"locale":"en_US","id":6517,"slug":"acroyoga-a-way-of-getting-in-touch-kopie-2","post_title":"Acroyoga \u2013 a way of getting in touch","href":"https:\/\/wearevillage.org\/en\/shop\/acroyoga\/w39"}},"language":{"code":"de","locale":"","name":"","is_rtl":false},"_links":{"self":[{"href":"https:\/\/wearevillage.org\/wp-json\/wp\/v2\/product\/6514","targetHints":{"allow":["GET"]}}],"collection":[{"href":"https:\/\/wearevillage.org\/wp-json\/wp\/v2\/product"}],"about":[{"href":"https:\/\/wearevillage.org\/wp-json\/wp\/v2\/types\/product"}],"author":[{"embeddable":true,"href":"https:\/\/wearevillage.org\/wp-json\/wp\/v2\/users\/11"}],"wp:featuredmedia":[{"embeddable":true,"href":"https:\/\/wearevillage.org\/wp-json\/wp\/v2\/media\/1743"}],"wp:attachment":[{"href":"https:\/\/wearevillage.org\/wp-json\/wp\/v2\/media?parent=6514"}],"wp:term":[{"taxonomy":"product_brand","embeddable":true,"href":"https:\/\/wearevillage.org\/wp-json\/wp\/v2\/product_brand?post=6514"},{"taxonomy":"product_cat","embeddable":true,"href":"https:\/\/wearevillage.org\/wp-json\/wp\/v2\/product_cat?post=6514"},{"taxonomy":"product_tag","embeddable":true,"href":"https:\/\/wearevillage.org\/wp-json\/wp\/v2\/product_tag?post=6514"}],"curies":[{"name":"wp","href":"https:\/\/api.w.org\/{rel}","templated":true}]}}