{"id":6641,"date":"2023-06-15T17:27:48","date_gmt":"2023-06-15T15:27:48","guid":{"rendered":"https:\/\/wearevillage.org\/?post_type=product&#038;p=6641"},"modified":"2023-06-19T18:42:08","modified_gmt":"2023-06-19T16:42:08","slug":"village-heart-circle-5","status":"publish","type":"product","link":"https:\/\/wearevillage.org\/shop\/hear-circle\/w42\/","title":{"rendered":"Village Heart Circle"},"content":{"rendered":"<div class=\"wpb-content-wrapper\"><div class=\"vc_row wpb_row vc_row-fluid\"><div class=\"wpb_column vc_column_container vc_col-sm-10\"><div class=\"vc_column-inner\"><div class=\"wpb_wrapper\"><div class=\"vc_row wpb_row vc_inner vc_row-fluid\"><div class=\"wpb_column vc_column_container vc_col-sm-2\"><div class=\"vc_column-inner\"><div class=\"wpb_wrapper\"><\/div><\/div><\/div><\/div><\/div><\/div><\/div><div class=\"wpb_column vc_column_container vc_col-sm-2\"><div class=\"vc_column-inner\"><div class=\"wpb_wrapper\"><\/div><\/div><\/div><\/div><div class=\"vc_row wpb_row vc_row-fluid\"><div class=\"wpb_column vc_column_container vc_col-sm-12\"><div class=\"vc_column-inner\"><div class=\"wpb_wrapper\"><h4 style=\"text-align: left\" class=\"vc_custom_heading vc_do_custom_heading\" >Village Heart Circle<\/h4><h5 style=\"text-align: left\" class=\"vc_custom_heading vc_do_custom_heading\" >Torsten Bless & Marco Astolfi<\/h5>\n\t<div class=\"wpb_text_column wpb_content_element\" >\n\t\t<div class=\"wpb_wrapper\">\n\t\t\t<div class=\"x11i5rnm xat24cr x1mh8g0r x1vvkbs xtlvy1s\">\n<p>Suchst du nach einem Ort, an dem du deine Gef\u00fchle und Erfahrungen teilen kannst, in einer unterst\u00fctzenden Gemeinschaft von schwulen, bisexuellen, trans und queeren M\u00e4nnern*? Der Kreis ist ein Ort, an dem wir friedlich zusammensitzen, aus dem Herzen sprechen und mit dem Herzen zuh\u00f6ren k\u00f6nnen. Ein Ort, an dem wir die unterschiedlichen Lebensumst\u00e4nde, aus denen wir kommen, respektieren, ohne zu urteilen.<\/p>\n<p>Der Heart Circle ist eine Praxis, die von den Ureinwohnern Nordamerikas stammt und von den Radical Faeries \u00fcbernommen wurde, um Gemeinschaft zu bilden.<\/p>\n<\/div>\n\n\t\t<\/div>\n\t<\/div>\n\n\t<div class=\"wpb_text_column wpb_content_element\" >\n\t\t<div class=\"wpb_wrapper\">\n\t\t\t<div class=\"x11i5rnm xat24cr x1mh8g0r x1vvkbs xtlvy1s\">\n<div class=\"x11i5rnm xat24cr x1mh8g0r x1vvkbs xtlvy1s\"><em>Wir \u00f6ffnen die T\u00fcren um 19.30 Uhr. Um die Unversehrtheit des Heart Circles zu bewahren, bitten wir dich, vor 20:00 Uhr zu erscheinen.<\/em><\/div>\n<div class=\"x11i5rnm xat24cr x1mh8g0r x1vvkbs xtlvy1s\"><em>Dieses Event wird je nach Teilnehmerbed\u00fcrfnissen auf Deutsch und\/oder Englisch sein.<\/em><\/div>\n<\/div>\n\n\t\t<\/div>\n\t<\/div>\n<\/div><\/div><\/div><\/div>\n<\/div>","protected":false},"excerpt":{"rendered":"<h5>Freitags (einmal pro Monat)<br \/>\n20:00 \u2013 22:30<br \/>\nEintritt frei<\/h5>\n<p class=\"p1\"><strong>| <span style=\"color: #ec6c23;\">GBTQ men*<\/span>\u00a0|<\/strong><\/p>\n<p>Heart Circle ist ein Ort, an dem wir friedlich zusammensitzen, aus dem Herzen sprechen und mit dem Herzen zuh\u00f6ren k\u00f6nnen. Ein Ort, an dem wir die unterschiedlichen Lebensumst\u00e4nde, aus denen wir kommen, respektieren, ohne zu urteilen.<\/p>\n","protected":false},"author":11,"featured_media":1827,"template":"","meta":{"pmpro_default_level":"","inline_featured_image":false},"product_brand":[],"product_cat":[77,79],"product_tag":[256],"class_list":{"0":"post-6641","1":"product","2":"type-product","3":"status-publish","4":"has-post-thumbnail","6":"product_cat-community-events","7":"product_cat-monatliche-events","8":"product_tag-gbtq-men","9":"pmpro-has-access","11":"first","12":"outofstock","13":"purchasable","14":"product-type-variable"},"wpml_current_locale":"de_DE","wpml_translations":{"en_US":{"locale":"en_US","id":6642,"slug":"village-heart-circle-kopie-5","post_title":"Village Heart Circle","href":"https:\/\/wearevillage.org\/en\/shop\/hear-circle\/w42"}},"language":{"code":"de","locale":"","name":"","is_rtl":false},"_links":{"self":[{"href":"https:\/\/wearevillage.org\/wp-json\/wp\/v2\/product\/6641","targetHints":{"allow":["GET"]}}],"collection":[{"href":"https:\/\/wearevillage.org\/wp-json\/wp\/v2\/product"}],"about":[{"href":"https:\/\/wearevillage.org\/wp-json\/wp\/v2\/types\/product"}],"author":[{"embeddable":true,"href":"https:\/\/wearevillage.org\/wp-json\/wp\/v2\/users\/11"}],"wp:featuredmedia":[{"embeddable":true,"href":"https:\/\/wearevillage.org\/wp-json\/wp\/v2\/media\/1827"}],"wp:attachment":[{"href":"https:\/\/wearevillage.org\/wp-json\/wp\/v2\/media?parent=6641"}],"wp:term":[{"taxonomy":"product_brand","embeddable":true,"href":"https:\/\/wearevillage.org\/wp-json\/wp\/v2\/product_brand?post=6641"},{"taxonomy":"product_cat","embeddable":true,"href":"https:\/\/wearevillage.org\/wp-json\/wp\/v2\/product_cat?post=6641"},{"taxonomy":"product_tag","embeddable":true,"href":"https:\/\/wearevillage.org\/wp-json\/wp\/v2\/product_tag?post=6641"}],"curies":[{"name":"wp","href":"https:\/\/api.w.org\/{rel}","templated":true}]}}