{"id":7543,"date":"2023-06-24T13:33:07","date_gmt":"2023-06-24T11:33:07","guid":{"rendered":"https:\/\/wearevillage.org\/?post_type=product&#038;p=7543"},"modified":"2023-12-15T10:43:14","modified_gmt":"2023-12-15T09:43:14","slug":"wege-aus-dem-chemsex","status":"publish","type":"product","link":"https:\/\/wearevillage.org\/shop\/ways-out-of-chemsex\/w40\/","title":{"rendered":"Schritte zur N\u00e4he & Verbundenheit \/  Wissenswertes & praktische F\u00e4higkeiten f\u00fcr die Reise nach dem Chemsex"},"content":{"rendered":"<div class=\"wpb-content-wrapper\"><div class=\"vc_row wpb_row vc_row-fluid\"><div class=\"wpb_column vc_column_container vc_col-sm-10\"><div class=\"vc_column-inner\"><div class=\"wpb_wrapper\"><\/div><\/div><\/div><div class=\"wpb_column vc_column_container vc_col-sm-2\"><div class=\"vc_column-inner\"><div class=\"wpb_wrapper\"><\/div><\/div><\/div><\/div><div class=\"vc_row wpb_row vc_row-fluid\"><div class=\"wpb_column vc_column_container vc_col-sm-12\"><div class=\"vc_column-inner\"><div class=\"wpb_wrapper\"><h4 style=\"text-align: left\" class=\"vc_custom_heading vc_do_custom_heading\" >Schritte zur N\u00e4he & Verbundenheit \/ Wissenswertes & praktische F\u00e4higkeiten f\u00fcr die Reise nach dem Chemsex f\u00fcr schwule, bi und Trans M\u00e4nner*<\/h4><h5 style=\"text-align: left\" class=\"vc_custom_heading vc_do_custom_heading\" >Jan Gro\u00dfer & Kai Ehrhardt<\/h5>\n\t<div class=\"wpb_text_column wpb_content_element\" >\n\t\t<div class=\"wpb_wrapper\">\n\t\t\t<div class=\"x11i5rnm xat24cr x1mh8g0r x1vvkbs xtlvy1s\">\n<div class=\"x11i5rnm xat24cr x1mh8g0r x1vvkbs xtlvy1s\">\n<div class=\"x11i5rnm xat24cr x1mh8g0r x1vvkbs xtlvy1s\">\n<div class=\"x11i5rnm xat24cr x1mh8g0r x1vvkbs xtlvy1s\">\n<div class=\"x11i5rnm xat24cr x1mh8g0r x1vvkbs xtlvy1s\">\n<div class=\"x11i5rnm xat24cr x1mh8g0r x1vvkbs xtlvy1s\">\n<div class=\"x11i5rnm xat24cr x1mh8g0r x1vvkbs xtlvy1s\">\n<p>Im Rahmen der Gesundheitsf\u00f6rderung bieten wir in Zusammenarbeit mit der Berliner Aidshilfe, Jan Gro\u00dfer und Kai Ehrhardt einen 6-Tage Workshop (verteilt \u00fcber 3 Wochenenden) zum Thema \u201cWege aus und Begegnungen nach dem Chemsex\u201d an.<\/p>\n<p>Der kostenlose Workshop (\u00fcber 3 Wochenenden) richtet sich an schwule M\u00e4nner*, die Chemsex praktizieren und Abstinenz oder eine gr\u00f6\u00dfere Kontrolle \u00fcber ihren Substanzkonsum und ihre sexuelle Praxis anstreben.<\/p>\n<p>K\u00f6rpertherapeutische \u00dcbungen vermitteln praktische Erfahrungen und Einsicht in Themen wie K\u00f6rperwahrnehmung, K\u00f6rper & Emotionen, Kommunikation, Konflikterleben, Scham, pers\u00f6nliche Grenzen und ihre \u00dcberschreitung neben anderen.<\/p>\n<p>In Gespr\u00e4chen in der Gruppe werden die Erfahrungen aus der K\u00f6rperarbeit reflektiert, und Teilnehmer k\u00f6nnen eigene Anliegen und Erlebnisse besprechen<s>.<\/s>\u00a0In kurzen Impulsvortr\u00e4gen werden Aspekte schwuler Sexualit\u00e4t und Sexkultur sowie zwischenmenschliche und intime Beziehungen thematisiert.<\/p>\n<p>Da wir Vertrauen zueinander aufbauen werden, ist ein Einstieg nach dem ersten Wochenende nicht mehr m\u00f6glich. Die Wochenenden bauen aufeinander auf. Wir bitten dich, zu den Terminen n\u00fcchtern zu sein<\/p>\n<p><strong>Diese Gruppe besteht aus maximal 20 Teilnehmern mit vorheriger, verbindlicher Anmeldung per <a href=\"mailto:events@wearevillage.org\">Email. \u00a0<\/a><\/strong><strong>events@wearevillage.org<\/strong><\/p>\n<p><strong>Wichtig: Die Teilnahme ist kostenfrei. Du musst dich f\u00fcr die 3 Wochenenden verpflichten.<\/strong><\/p>\n<p>WE1: 7.-8. Oktober 2023<br \/>\nWE2: 4.-5. November 2023<br \/>\nWE2: 2.-3. Dezember 2023<\/p>\n<\/div>\n<\/div>\n<\/div>\n<\/div>\n<\/div>\n<\/div>\n<\/div>\n\n\t\t<\/div>\n\t<\/div>\n\n\t<div class=\"wpb_text_column wpb_content_element\" >\n\t\t<div class=\"wpb_wrapper\">\n\t\t\t<div class=\"x11i5rnm xat24cr x1mh8g0r x1vvkbs xtlvy1s\">\n<div class=\"x11i5rnm xat24cr x1mh8g0r x1vvkbs xtlvy1s\">\n<div class=\"x11i5rnm xat24cr x1mh8g0r x1vvkbs xtlvy1s\">\n<p><em><strong>Dieses Event wird auf Englisch sein. <\/strong><\/em><em>Dieser Workshop ist eine Zusammenarbeit von we are village | queer matters & der Berliner Aidshilfe<\/em><\/p>\n<p><strong>Mit freundlicher Unterst\u00fctzung von<\/strong><br \/>\n<img loading=\"lazy\" decoding=\"async\" class=\"alignnone size-full wp-image-12045\" src=\"https:\/\/wearevillage.org\/wp-content\/uploads\/2023\/10\/Screenshot-2023-12-13-at-12.58.48.png\" alt=\"\" width=\"260\" height=\"43\" srcset=\"https:\/\/wearevillage.org\/wp-content\/uploads\/2023\/10\/Screenshot-2023-12-13-at-12.58.48.png 260w, https:\/\/wearevillage.org\/wp-content\/uploads\/2023\/10\/Screenshot-2023-12-13-at-12.58.48-150x25.png 150w\" sizes=\"auto, (max-width: 260px) 100vw, 260px\" \/><\/p>\n<p><em><strong>\u00a0<\/strong><\/em><\/p>\n<\/div>\n<\/div>\n<\/div>\n\n\t\t<\/div>\n\t<\/div>\n<\/div><\/div><\/div><\/div>\n<\/div>","protected":false},"excerpt":{"rendered":"<h5>Serie von 3 Wochenenden<br \/>\n10:00-17:00<br \/>\nVoranmeldung erforderlich<\/h5>\n<h5><strong>Event auf Englisch<\/strong><\/h5>\n<p class=\"p1\"><strong>| <span style=\"color: #ec6c23;\">GBTQ men*<\/span>\u00a0|<\/strong><\/p>\n<p><strong>Wege aus dem Chemsex | Gruppenorientierte K\u00f6rperarbeit f\u00fcr schwule, bi und Trans M\u00e4nner*.<\/strong><br \/>\nDer kostenlose Workshop (\u00fcber 3 Wochenenden) richtet sich an schwule M\u00e4nner*, die Chemsex praktizieren und Abstinenz oder eine gr\u00f6\u00dfere Kontrolle \u00fcber ihren Substanzkonsum und ihre sexuelle Praxis anstreben.<\/p>\n<div class=\"woocommerce-product-details__short-description\">\n<p>Die Teilnehmerpl\u00e4tze sind auf 20 Personen begrenzt.<br \/>\nVorherige Anmeldung erforderlich<\/p>\n<\/div>\n","protected":false},"author":12,"featured_media":1829,"template":"","meta":{"pmpro_default_level":"","inline_featured_image":false},"product_brand":[],"product_cat":[769,80,83],"product_tag":[256],"class_list":{"0":"post-7543","1":"product","2":"type-product","3":"status-publish","4":"has-post-thumbnail","6":"product_cat-kostenloser-zugang","7":"product_cat-queer-matters","8":"product_cat-workshops","9":"product_tag-gbtq-men","10":"pmpro-has-access","12":"first","13":"outofstock","14":"purchasable","15":"product-type-variable"},"wpml_current_locale":"de_DE","wpml_translations":{"en_US":{"locale":"en_US","id":7544,"slug":"village-salon-loneliness-and-lgbtqia-health-kopie","post_title":"Steps toward intimacy & connection \/  tools & practical skills for the journey after Chemsex","href":"https:\/\/wearevillage.org\/en\/shop\/ways-out-of-chemsex\/w40"}},"language":{"code":"de","locale":"","name":"","is_rtl":false},"_links":{"self":[{"href":"https:\/\/wearevillage.org\/wp-json\/wp\/v2\/product\/7543","targetHints":{"allow":["GET"]}}],"collection":[{"href":"https:\/\/wearevillage.org\/wp-json\/wp\/v2\/product"}],"about":[{"href":"https:\/\/wearevillage.org\/wp-json\/wp\/v2\/types\/product"}],"author":[{"embeddable":true,"href":"https:\/\/wearevillage.org\/wp-json\/wp\/v2\/users\/12"}],"wp:featuredmedia":[{"embeddable":true,"href":"https:\/\/wearevillage.org\/wp-json\/wp\/v2\/media\/1829"}],"wp:attachment":[{"href":"https:\/\/wearevillage.org\/wp-json\/wp\/v2\/media?parent=7543"}],"wp:term":[{"taxonomy":"product_brand","embeddable":true,"href":"https:\/\/wearevillage.org\/wp-json\/wp\/v2\/product_brand?post=7543"},{"taxonomy":"product_cat","embeddable":true,"href":"https:\/\/wearevillage.org\/wp-json\/wp\/v2\/product_cat?post=7543"},{"taxonomy":"product_tag","embeddable":true,"href":"https:\/\/wearevillage.org\/wp-json\/wp\/v2\/product_tag?post=7543"}],"curies":[{"name":"wp","href":"https:\/\/api.w.org\/{rel}","templated":true}]}}