{"id":7549,"date":"2023-06-24T14:25:26","date_gmt":"2023-06-24T12:25:26","guid":{"rendered":"https:\/\/wearevillage.org\/?post_type=product&#038;p=7549"},"modified":"2023-07-25T14:29:16","modified_gmt":"2023-07-25T12:29:16","slug":"queer-flirting","status":"publish","type":"product","link":"https:\/\/wearevillage.org\/shop\/queer-flirting\/w31\/","title":{"rendered":"Queer Flirting"},"content":{"rendered":"<div class=\"wpb-content-wrapper\"><div class=\"vc_row wpb_row vc_row-fluid\"><div class=\"wpb_column vc_column_container vc_col-sm-10\"><div class=\"vc_column-inner\"><div class=\"wpb_wrapper\"><div class=\"vc_row wpb_row vc_inner vc_row-fluid\"><div class=\"wpb_column vc_column_container vc_col-sm-2\"><div class=\"vc_column-inner\"><div class=\"wpb_wrapper\"><\/div><\/div><\/div><\/div><\/div><\/div><\/div><div class=\"wpb_column vc_column_container vc_col-sm-2\"><div class=\"vc_column-inner\"><div class=\"wpb_wrapper\"><\/div><\/div><\/div><\/div><div class=\"vc_row wpb_row vc_row-fluid\"><div class=\"wpb_column vc_column_container vc_col-sm-12\"><div class=\"vc_column-inner\"><div class=\"wpb_wrapper\"><h4 style=\"text-align: left\" class=\"vc_custom_heading vc_do_custom_heading\" >Queer Flirting<\/h4><h5 style=\"text-align: left\" class=\"vc_custom_heading vc_do_custom_heading\" >mit Jeremy Shub<\/h5>\n\t<div class=\"wpb_text_column wpb_content_element\" >\n\t\t<div class=\"wpb_wrapper\">\n\t\t\t<div class=\"x11i5rnm xat24cr x1mh8g0r x1vvkbs xtlvy1s\">\n<div class=\"x11i5rnm xat24cr x1mh8g0r x1vvkbs xtlvy1s\">\n<div class=\"x11i5rnm xat24cr x1mh8g0r x1vvkbs xtlvy1s\">\n<p>Entdecke die Kunst der spielerischen, sicheren und authentischen Beziehungen innerhalb der LGBTIQ+ Community bei unserem Queer Flirting Workshop! Diese inklusive und erm\u00e4chtigende Veranstaltung bietet einen sicheren Raum f\u00fcr Menschen aller Geschlechter und sexuellen Orientierungen, um die Sch\u00f6nheit des Queer Flirting zu erkunden.<\/p>\n<p>Findest du flirten verwirrend?<\/p>\n<p>Willst du es lernen und mit anderen Queers \u00fcben?<\/p>\n<p>Durch interaktive Aktivit\u00e4ten werden die TeilnehmerInnen etwas \u00fcber K\u00f6rpersprache, nonverbale Signale, verbale Kommunikation und die Bedeutung von enthusiastischer Zustimmung lernen.<\/p>\n<p>Dieser Workshop ermutigt zum offenen Austausch von Erfahrungen und Fragen und f\u00f6rdert so ein unterst\u00fctzendes Umfeld. Unabh\u00e4ngig davon, ob du dich als schwul, lesbisch, bisexuell, transgender, nicht-bin\u00e4r, AFAB, AMAB oder eine andere Identit\u00e4t im queeren Spektrum identifizieren, bist du herzlich eingeladen, mitzumachen.<\/p>\n<p>Unser Queer Flirting Workshop zielt darauf ab, Selbstvertrauen und Respekt beim Flirten aufzubauen und die TeilnehmerInnen zu bef\u00e4higen, Beziehungen mit Authentizit\u00e4t anzugehen.<\/p>\n<p>Lasst uns zusammenkommen, um zu spielen und zu erforschen \u2013 in einem unterhaltsamen, sicheren und unvergesslichen Workshop!<\/p>\n<p>Voranmeldung erw\u00fcnscht: events@wearevillage.org<\/p>\n<\/div>\n<\/div>\n<\/div>\n\n\t\t<\/div>\n\t<\/div>\n\n\t<div class=\"wpb_text_column wpb_content_element\" >\n\t\t<div class=\"wpb_wrapper\">\n\t\t\t<div class=\"x11i5rnm xat24cr x1mh8g0r x1vvkbs xtlvy1s\">\n<div class=\"x11i5rnm xat24cr x1mh8g0r x1vvkbs xtlvy1s\">\n<div class=\"x11i5rnm xat24cr x1mh8g0r x1vvkbs xtlvy1s\">\n<p><em>Dieses Event wird je nach Teilnehmerbed\u00fcrfnissen auf Deutsch und\/oder Englisch sein.<br \/>\n<\/em><\/p>\n<\/div>\n<\/div>\n<\/div>\n\n\t\t<\/div>\n\t<\/div>\n<\/div><\/div><\/div><\/div>\n<\/div>","protected":false},"excerpt":{"rendered":"<h5>19:00 \u2013 21:00<br \/>\nKostenlose Veranstaltung<\/h5>\n<p class=\"p1\"><strong>| <span style=\"color: #ec6c23;\">LGBTIQA+<\/span>\u00a0|<\/strong><\/p>\n<p>Dieser Workshop ist f\u00fcr alle Geschlechter und LGBTIQA+ K\u00f6rper. \u00dcbungen und Gespr\u00e4che, um zu verstehen, wie man einen Flirtkontakt herstellt. Einschlie\u00dflich K\u00f6rpersprache, Blickkontakt, Worte und Gesten. Mit praktischen \u00dcbungen, die Freude machen. Der Kurs ist sicher, sanft und offen f\u00fcr alle Level.<\/p>\n<p>Voranmeldung erw\u00fcnscht: events@wearevillage.org<\/p>\n","protected":false},"author":14,"featured_media":7601,"template":"","meta":{"pmpro_default_level":"","inline_featured_image":false},"product_brand":[],"product_cat":[77,83],"product_tag":[469],"class_list":{"0":"post-7549","1":"product","2":"type-product","3":"status-publish","4":"has-post-thumbnail","6":"product_cat-community-events","7":"product_cat-workshops","8":"product_tag-lgbtqiaplus","9":"pmpro-has-access","11":"first","12":"outofstock","13":"purchasable","14":"product-type-variable"},"wpml_current_locale":"de_DE","wpml_translations":{"en_US":{"locale":"en_US","id":7550,"slug":"vocal-coaching-for-transmasc-people-kopie","post_title":"Queer Flirting","href":"https:\/\/wearevillage.org\/en\/shop\/queer-flirting\/w31"}},"language":{"code":"de","locale":"","name":"","is_rtl":false},"_links":{"self":[{"href":"https:\/\/wearevillage.org\/wp-json\/wp\/v2\/product\/7549","targetHints":{"allow":["GET"]}}],"collection":[{"href":"https:\/\/wearevillage.org\/wp-json\/wp\/v2\/product"}],"about":[{"href":"https:\/\/wearevillage.org\/wp-json\/wp\/v2\/types\/product"}],"author":[{"embeddable":true,"href":"https:\/\/wearevillage.org\/wp-json\/wp\/v2\/users\/14"}],"wp:featuredmedia":[{"embeddable":true,"href":"https:\/\/wearevillage.org\/wp-json\/wp\/v2\/media\/7601"}],"wp:attachment":[{"href":"https:\/\/wearevillage.org\/wp-json\/wp\/v2\/media?parent=7549"}],"wp:term":[{"taxonomy":"product_brand","embeddable":true,"href":"https:\/\/wearevillage.org\/wp-json\/wp\/v2\/product_brand?post=7549"},{"taxonomy":"product_cat","embeddable":true,"href":"https:\/\/wearevillage.org\/wp-json\/wp\/v2\/product_cat?post=7549"},{"taxonomy":"product_tag","embeddable":true,"href":"https:\/\/wearevillage.org\/wp-json\/wp\/v2\/product_tag?post=7549"}],"curies":[{"name":"wp","href":"https:\/\/api.w.org\/{rel}","templated":true}]}}