{"id":7560,"date":"2023-06-25T10:14:11","date_gmt":"2023-06-25T08:14:11","guid":{"rendered":"https:\/\/wearevillage.org\/?post_type=product&#038;p=7560"},"modified":"2023-06-25T10:19:48","modified_gmt":"2023-06-25T08:19:48","slug":"queer-needlework-circle-5","status":"publish","type":"product","link":"https:\/\/wearevillage.org\/shop\/queer-needlework-circle\/29\/","title":{"rendered":"Queer Needlework Circle"},"content":{"rendered":"<div class=\"wpb-content-wrapper\"><div class=\"vc_row wpb_row vc_row-fluid\"><div class=\"wpb_column vc_column_container vc_col-sm-2\"><div class=\"vc_column-inner\"><div class=\"wpb_wrapper\"><\/div><\/div><\/div><\/div><div class=\"vc_row wpb_row vc_row-fluid\"><div class=\"wpb_column vc_column_container vc_col-sm-12\"><div class=\"vc_column-inner\"><div class=\"wpb_wrapper\"><h4 style=\"text-align: left\" class=\"vc_custom_heading vc_do_custom_heading\" >Queer Needlework Circle<\/h4><h5 style=\"text-align: left\" class=\"vc_custom_heading vc_do_custom_heading\" >Theodorus Johannes<\/h5>\n\t<div class=\"wpb_text_column wpb_content_element\" >\n\t\t<div class=\"wpb_wrapper\">\n\t\t\t<div class=\"x11i5rnm xat24cr x1mh8g0r x1vvkbs xtlvy1s\">\n<div class=\"x11i5rnm xat24cr x1mh8g0r x1vvkbs xtlvy1s\">\n<div class=\"x11i5rnm xat24cr x1mh8g0r x1vvkbs xtlvy1s\">\n<p>Mach mit beim Queer Needlework Circle im Village Berlin! In diesen w\u00f6chentlichen Zirkeln werden wir lernen, wie wir unser eigenes Kost\u00fcm entwickeln k\u00f6nnen. Unter der Anleitung von Theodorus Johannes werden wir eine Modekollektion entwerfen, die die queeren Menschen des 21. Jahrhunderts repr\u00e4sentiert. Gemeinsam suchen wir nach Techniken, Formen, Motiven und Farben, die der Kleidung einen symbolischen Wert verleihen.<\/p>\n<\/div>\n<\/div>\n<\/div>\n\n\t\t<\/div>\n\t<\/div>\n\n\t<div class=\"wpb_text_column wpb_content_element\" >\n\t\t<div class=\"wpb_wrapper\">\n\t\t\t<div class=\"x11i5rnm xat24cr x1mh8g0r x1vvkbs xtlvy1s\">\n<div class=\"x11i5rnm xat24cr x1mh8g0r x1vvkbs xtlvy1s\">\n<div class=\"x11i5rnm xat24cr x1mh8g0r x1vvkbs xtlvy1s\">\n<p><em>Event facilitated in English.<\/em><\/p>\n<\/div>\n<\/div>\n<\/div>\n\n\t\t<\/div>\n\t<\/div>\n<\/div><\/div><\/div><\/div>\n<\/div>","protected":false},"excerpt":{"rendered":"<h5>Mittwochs<br \/>\n19:30 \u2013 21:00<br \/>\nkostenlos<\/h5>\n<p class=\"p1\"><strong>| <span style=\"color: #ec6c23;\">LGBTQI+ Friends<\/span>|\u00a0<\/strong><\/p>\n<p>Mach mit beim Queer Needlework Circle im Village Berlin! In diesen w\u00f6chentlichen Zirkeln werden wir lernen, wie wir unser eigenes Kost\u00fcm entwickeln k\u00f6nnen. Unter der Anleitung von Theodorus Johannes werden wir nach Techniken, Formen, Motiven und Farben suchen, die der Kleidung einen symbolischen Wert verleihen. Please join the telegram group to stay informed: <a class=\"text-blue underline focus-visible\" contenteditable=\"plaintext-only\" href=\"https:\/\/t.me\/+l4eaMUE6xPEzNDc0\" target=\"_blank\" rel=\"noreferrer noopener\">https:\/\/t.me\/+l4eaMUE6xPEzNDc0<\/a><\/p>\n","protected":false},"author":14,"featured_media":3981,"template":"","meta":{"pmpro_default_level":"","inline_featured_image":false},"product_brand":[],"product_cat":[77,80],"product_tag":[469],"class_list":{"0":"post-7560","1":"product","2":"type-product","3":"status-publish","4":"has-post-thumbnail","6":"product_cat-community-events","7":"product_cat-queer-matters","8":"product_tag-lgbtqiaplus","9":"pmpro-has-access","11":"first","12":"outofstock","13":"purchasable","14":"product-type-variable"},"wpml_current_locale":"de_DE","wpml_translations":{"en_US":{"locale":"en_US","id":7561,"slug":"queer-needlework-circle-kopie-5","post_title":"Queer Needlework Circle","href":"https:\/\/wearevillage.org\/en\/shop\/queer-needlework-circle\/29"}},"language":{"code":"de","locale":"","name":"","is_rtl":false},"_links":{"self":[{"href":"https:\/\/wearevillage.org\/wp-json\/wp\/v2\/product\/7560","targetHints":{"allow":["GET"]}}],"collection":[{"href":"https:\/\/wearevillage.org\/wp-json\/wp\/v2\/product"}],"about":[{"href":"https:\/\/wearevillage.org\/wp-json\/wp\/v2\/types\/product"}],"author":[{"embeddable":true,"href":"https:\/\/wearevillage.org\/wp-json\/wp\/v2\/users\/14"}],"wp:featuredmedia":[{"embeddable":true,"href":"https:\/\/wearevillage.org\/wp-json\/wp\/v2\/media\/3981"}],"wp:attachment":[{"href":"https:\/\/wearevillage.org\/wp-json\/wp\/v2\/media?parent=7560"}],"wp:term":[{"taxonomy":"product_brand","embeddable":true,"href":"https:\/\/wearevillage.org\/wp-json\/wp\/v2\/product_brand?post=7560"},{"taxonomy":"product_cat","embeddable":true,"href":"https:\/\/wearevillage.org\/wp-json\/wp\/v2\/product_cat?post=7560"},{"taxonomy":"product_tag","embeddable":true,"href":"https:\/\/wearevillage.org\/wp-json\/wp\/v2\/product_tag?post=7560"}],"curies":[{"name":"wp","href":"https:\/\/api.w.org\/{rel}","templated":true}]}}