{"id":7605,"date":"2023-06-27T16:19:25","date_gmt":"2023-06-27T14:19:25","guid":{"rendered":"https:\/\/wearevillage.org\/?post_type=product&#038;p=7605"},"modified":"2023-09-18T16:10:48","modified_gmt":"2023-09-18T14:10:48","slug":"village-film-night","status":"publish","type":"product","link":"https:\/\/wearevillage.org\/shop\/village-film\/w38\/","title":{"rendered":"Village Film Night \u2013 Kiki. Live your truth"},"content":{"rendered":"<div class=\"wpb-content-wrapper\"><div class=\"vc_row wpb_row vc_row-fluid\"><div class=\"wpb_column vc_column_container vc_col-sm-10\"><div class=\"vc_column-inner\"><div class=\"wpb_wrapper\"><\/div><\/div><\/div><div class=\"wpb_column vc_column_container vc_col-sm-2\"><div class=\"vc_column-inner\"><div class=\"wpb_wrapper\"><\/div><\/div><\/div><\/div><div class=\"vc_row wpb_row vc_row-fluid\"><div class=\"wpb_column vc_column_container vc_col-sm-12\"><div class=\"vc_column-inner\"><div class=\"wpb_wrapper\"><h4 style=\"text-align: left\" class=\"vc_custom_heading vc_do_custom_heading\" >Village Film Night - Kiki. Live your truth<\/h4><h5 style=\"text-align: left\" class=\"vc_custom_heading vc_do_custom_heading\" >mit David Le Guillermic & Pierre Em\u00f6<\/h5>\n\t<div class=\"wpb_text_column wpb_content_element\" >\n\t\t<div class=\"wpb_wrapper\">\n\t\t\t<p><strong>Kiki. Live your truth (US 2016, dir. Sara Jorden\u00f6, 94 mins) \u2013\u00a0<\/strong><\/p>\n<p><strong>Engl. mit Engl. Untertiteln<\/strong><\/p>\n<p>25 Jahre nachdem Paris Is Burning die Kunst des Voguing in die Welt gebracht hat, besucht Kiki erneut die bl\u00fchende New Yorker Ballroomszene.<\/p>\n<p>Es ist eine \u00fcberlebensgro\u00dfe Welt, in der farbige LGBTQ-Jugendliche durch aufwendige Tanzwettbewerbe gest\u00e4rkt werden, bei denen sie ihre dynamischen Choreografien, fabelhaften Kost\u00fcme und ihre k\u00e4mpferische Einstellung zur Schau stellen. Es ist auch ein sicherer Hafen f\u00fcr gef\u00e4hrdete Teenager, die in der Kiki-Community Akzeptanz, Unterst\u00fctzung und Freundschaft finden.<\/p>\n<p>Die Filmemacherin Sara Jorden\u00f6 erh\u00e4lt intimen Zugang zur Szene und stellt den Zuschauern einige der prominentesten Pers\u00f6nlichkeiten der Kiki-Kultur vor. Dabei geht sie \u00fcber den Glamour der B\u00e4lle hinaus und beleuchtet die ernsten Herausforderungen, denen sich schwarze und lateinamerikanische junge Menschen gegen\u00fcbersehen.<\/p>\n<p>Kiki vereint herzzerrei\u00dfende pers\u00f6nliche Geschichten mit unglaublichen Darbietungen kreativen Ausdrucks und ist \u201eberauschend\u2026 eine unausl\u00f6schliche Ode an das schwule New York, die man gesehen haben muss\u201c.<\/p>\n\n\t\t<\/div>\n\t<\/div>\n<\/div><\/div><\/div><\/div>\n<\/div>","protected":false},"excerpt":{"rendered":"<h5>Donnerstag<br \/>\n19:30 \u2013 22:30<br \/>\nEintritt frei<\/h5>\n<p class=\"p1\"><strong>| <span style=\"color: #ec6c23;\">LGBTQI+ & Friends<\/span>\u00a0|<\/strong><\/p>\n<p>25 Jahre nachdem Paris Is Burning die Kunst des Voguing in die Welt gebracht hat, besucht Kiki erneut die bl\u00fchende New Yorker Ballroomszene.<\/p>\n","protected":false},"author":14,"featured_media":7884,"template":"","meta":{"pmpro_default_level":"","inline_featured_image":false},"product_brand":[],"product_cat":[77,79],"product_tag":[469],"class_list":{"0":"post-7605","1":"product","2":"type-product","3":"status-publish","4":"has-post-thumbnail","6":"product_cat-community-events","7":"product_cat-monatliche-events","8":"product_tag-lgbtqiaplus","9":"pmpro-has-access","11":"first","12":"outofstock","13":"purchasable","14":"product-type-variable"},"wpml_current_locale":"de_DE","wpml_translations":{"en_US":{"locale":"en_US","id":7606,"slug":"village-film-night-kopie-2","post_title":"Village Film Night \u2013 Kiki. Live your truth","href":"https:\/\/wearevillage.org\/en\/shop\/village-film\/w38"}},"language":{"code":"de","locale":"","name":"","is_rtl":false},"_links":{"self":[{"href":"https:\/\/wearevillage.org\/wp-json\/wp\/v2\/product\/7605","targetHints":{"allow":["GET"]}}],"collection":[{"href":"https:\/\/wearevillage.org\/wp-json\/wp\/v2\/product"}],"about":[{"href":"https:\/\/wearevillage.org\/wp-json\/wp\/v2\/types\/product"}],"author":[{"embeddable":true,"href":"https:\/\/wearevillage.org\/wp-json\/wp\/v2\/users\/14"}],"wp:featuredmedia":[{"embeddable":true,"href":"https:\/\/wearevillage.org\/wp-json\/wp\/v2\/media\/7884"}],"wp:attachment":[{"href":"https:\/\/wearevillage.org\/wp-json\/wp\/v2\/media?parent=7605"}],"wp:term":[{"taxonomy":"product_brand","embeddable":true,"href":"https:\/\/wearevillage.org\/wp-json\/wp\/v2\/product_brand?post=7605"},{"taxonomy":"product_cat","embeddable":true,"href":"https:\/\/wearevillage.org\/wp-json\/wp\/v2\/product_cat?post=7605"},{"taxonomy":"product_tag","embeddable":true,"href":"https:\/\/wearevillage.org\/wp-json\/wp\/v2\/product_tag?post=7605"}],"curies":[{"name":"wp","href":"https:\/\/api.w.org\/{rel}","templated":true}]}}