{"id":7607,"date":"2023-06-27T16:19:27","date_gmt":"2023-06-27T14:19:27","guid":{"rendered":"https:\/\/wearevillage.org\/?post_type=product&#038;p=7607"},"modified":"2023-11-22T13:58:30","modified_gmt":"2023-11-22T12:58:30","slug":"village-film-night-2","status":"publish","type":"product","link":"https:\/\/wearevillage.org\/shop\/village-film\/w44\/","title":{"rendered":"Village Film Night \u2013 L\u2019Inconnu du lac"},"content":{"rendered":"<div class=\"wpb-content-wrapper\"><div class=\"vc_row wpb_row vc_row-fluid\"><div class=\"wpb_column vc_column_container vc_col-sm-10\"><div class=\"vc_column-inner\"><div class=\"wpb_wrapper\"><\/div><\/div><\/div><div class=\"wpb_column vc_column_container vc_col-sm-2\"><div class=\"vc_column-inner\"><div class=\"wpb_wrapper\"><\/div><\/div><\/div><\/div><div class=\"vc_row wpb_row vc_row-fluid\"><div class=\"wpb_column vc_column_container vc_col-sm-12\"><div class=\"vc_column-inner\"><div class=\"wpb_wrapper\"><h4 style=\"text-align: left\" class=\"vc_custom_heading vc_do_custom_heading\" >Village Film Night \u2013 L\u2019Inconnu du lac<\/h4><h5 style=\"text-align: left\" class=\"vc_custom_heading vc_do_custom_heading\" >David Le Guillermic und Pierre Em\u00f6<\/h5>\n\t<div class=\"wpb_text_column wpb_content_element\" >\n\t\t<div class=\"wpb_wrapper\">\n\t\t\t<p>L\u2019Inconnu du lac (Engl. title: Stranger by the Lake), Alain Guiraudie, 2013 \u2013 97 mins, Fanz\u00f6sisch mit englischen Untertiteln<\/p>\n<p>Hochsommer in Frankreich. Sonne, Wind, das Rauschen der B\u00e4ume, ein idyllisch abgelegener t\u00fcrkisgr\u00fcner See mit angrenzendem Waldst\u00fcck. Der gutaussehende Franck kommt fast t\u00e4glich an den beliebten Cruising Spot. Er trifft den attraktiven Michel und ist von der ersten Sekunde elektrisiert. Doch Michel ist nicht nur charismatisch, sondern auch \u00e4u\u00dfert gef\u00e4hrlich. Franck wei\u00df das, doch er will seine Leidenschaft um jeden Preis ausleben.<\/p>\n<p>Die monatliche Filmnacht von Village.Berlin hat sich zu einem Muss f\u00fcr Cineasten entwickelt, die eine Auswahl an beliebten Klassikern genie\u00dfen wollen. Das Programm umfasst eine breite Erkundung queerer und nicht-normativer Perspektiven in verschiedenen Genres und k\u00fcnstlerischen Stilen, die \u00fcber LGBTQI+Themen hinausgehen. Nach jeder Vorf\u00fchrung werden die G\u00e4ste zum Verweilen und zur Teilnahme an entspannten Gruppendiskussionen \u00fcber die Filme und damit verbundene Themen eingeladen.<\/p>\n\n\t\t<\/div>\n\t<\/div>\n<\/div><\/div><\/div><\/div>\n<\/div>","protected":false},"excerpt":{"rendered":"<h5>Dienstag (einmal im Monat)<br \/>\n19:30 \u2013 22:30<br \/>\nEintritt frei<\/h5>\n<p class=\"p1\"><strong>| <span style=\"color: #ec6c23;\">LGBTQIA+<\/span>|<\/strong><\/p>\n<p>Hochsommer in Frankreich. Sonne, Wind, das Rauschen der B\u00e4ume, ein idyllisch abgelegener t\u00fcrkisgr\u00fcner See mit angrenzendem Waldst\u00fcck. Der gutaussehende Franck kommt fast t\u00e4glich an den beliebten Cruising Spot. Er trifft den attraktiven Michel und ist von der ersten Sekunde elektrisiert.<\/p>\n","protected":false},"author":12,"featured_media":8878,"template":"","meta":{"pmpro_default_level":"","inline_featured_image":false},"product_brand":[],"product_cat":[77,769,79],"product_tag":[469],"class_list":{"0":"post-7607","1":"product","2":"type-product","3":"status-publish","4":"has-post-thumbnail","6":"product_cat-community-events","7":"product_cat-kostenloser-zugang","8":"product_cat-monatliche-events","9":"product_tag-lgbtqiaplus","10":"pmpro-has-access","12":"first","13":"outofstock","14":"purchasable","15":"product-type-variable"},"wpml_current_locale":"de_DE","wpml_translations":{"en_US":{"locale":"en_US","id":7608,"slug":"village-film-night-kopie-3","post_title":"Village Film Night \u2013 L\u2019Inconnu du lac","href":"https:\/\/wearevillage.org\/en\/shop\/village-film\/w44"}},"language":{"code":"de","locale":"","name":"","is_rtl":false},"_links":{"self":[{"href":"https:\/\/wearevillage.org\/wp-json\/wp\/v2\/product\/7607","targetHints":{"allow":["GET"]}}],"collection":[{"href":"https:\/\/wearevillage.org\/wp-json\/wp\/v2\/product"}],"about":[{"href":"https:\/\/wearevillage.org\/wp-json\/wp\/v2\/types\/product"}],"author":[{"embeddable":true,"href":"https:\/\/wearevillage.org\/wp-json\/wp\/v2\/users\/12"}],"wp:featuredmedia":[{"embeddable":true,"href":"https:\/\/wearevillage.org\/wp-json\/wp\/v2\/media\/8878"}],"wp:attachment":[{"href":"https:\/\/wearevillage.org\/wp-json\/wp\/v2\/media?parent=7607"}],"wp:term":[{"taxonomy":"product_brand","embeddable":true,"href":"https:\/\/wearevillage.org\/wp-json\/wp\/v2\/product_brand?post=7607"},{"taxonomy":"product_cat","embeddable":true,"href":"https:\/\/wearevillage.org\/wp-json\/wp\/v2\/product_cat?post=7607"},{"taxonomy":"product_tag","embeddable":true,"href":"https:\/\/wearevillage.org\/wp-json\/wp\/v2\/product_tag?post=7607"}],"curies":[{"name":"wp","href":"https:\/\/api.w.org\/{rel}","templated":true}]}}