{"id":7646,"date":"2023-07-04T14:46:25","date_gmt":"2023-07-04T12:46:25","guid":{"rendered":"https:\/\/wearevillage.org\/?post_type=product&#038;p=7646"},"modified":"2023-07-25T12:58:20","modified_gmt":"2023-07-25T10:58:20","slug":"akelarre","status":"publish","type":"product","link":"https:\/\/wearevillage.org\/shop\/akelarre-naikee\/w29\/","title":{"rendered":"Akelarre"},"content":{"rendered":"<div class=\"wpb-content-wrapper\"><div class=\"vc_row wpb_row vc_row-fluid\"><div class=\"wpb_column vc_column_container vc_col-sm-10\"><div class=\"vc_column-inner\"><div class=\"wpb_wrapper\"><\/div><\/div><\/div><div class=\"wpb_column vc_column_container vc_col-sm-2\"><div class=\"vc_column-inner\"><div class=\"wpb_wrapper\"><\/div><\/div><\/div><\/div><div class=\"vc_row wpb_row vc_row-fluid\"><div class=\"wpb_column vc_column_container vc_col-sm-12\"><div class=\"vc_column-inner\"><div class=\"wpb_wrapper\"><h4 style=\"text-align: left\" class=\"vc_custom_heading vc_do_custom_heading\" >Akelarre<\/h4><h5 style=\"text-align: left\" class=\"vc_custom_heading vc_do_custom_heading\" >Dinner hosted by Village Femme Team<\/h5>\n\t<div class=\"wpb_text_column wpb_content_element\" >\n\t\t<div class=\"wpb_wrapper\">\n\t\t\t<div class=\"x11i5rnm xat24cr x1mh8g0r x1vvkbs xtlvy1s\">\n<div class=\"x11i5rnm xat24cr x1mh8g0r x1vvkbs xtlvy1s\">\n<div class=\"x11i5rnm xat24cr x1mh8g0r x1vvkbs xtlvy1s\">\n<p>Schwestern- oder Hexentreffen (akelarre auf Baskisch) mit einem ganz besonderen Ehrengast. Wir werden unsere sehr intimen Interviews bei diesem Gala-Dinner im Rahmen des neuen Femme-Programms im Village fortsetzen, mit roten Kerzen, Champagner und einem besonderen Men\u00fc.<\/p>\n<p>Das sollten du dir nicht entgehen lassen: Bitte melden dich bis Montag, den 17. Juli, unter rleveroos@gmail.com an.<\/p>\n<p>Wir freuen uns auf jeden Fall sehr auf deine wunderbare Anwesenheit, aber es gibt extra K\u00fcsse, wenn du etwas zu trinken, einen s\u00fc\u00dfen Look und Glitzer zum Teilen mitbringst. Exklusiv f\u00fcr trans femmes.<\/p>\n<\/div>\n<\/div>\n<\/div>\n\n\t\t<\/div>\n\t<\/div>\n<\/div><\/div><\/div><\/div>\n<\/div>","protected":false},"excerpt":{"rendered":"<h5>Donnerstag<br \/>\n20:00-23:00<\/h5>\n<h5><strong style=\"font-size: 16px;\">| <span style=\"color: #ec6c23;\">Trans fem*<\/span>\u00a0|<\/strong><\/h5>\n<div class=\"x11i5rnm xat24cr x1mh8g0r x1vvkbs xtlvy1s\">\n<div class=\"x11i5rnm xat24cr x1mh8g0r x1vvkbs xtlvy1s\">\n<p>Schwestern- oder Hexentreffen (akelarre auf Baskisch). Wir werden ein sehr intimes Abendessen im Gala-Stil veranstalten, das zweite im Rahmen des neuen Femme-Programms im Village. Bitte melden Sie sich bis Montag, 17. Juli, bei rleveroos@gmail.com an.<\/p>\n<\/div>\n<\/div>\n","protected":false},"author":14,"featured_media":7853,"template":"","meta":{"pmpro_default_level":"","inline_featured_image":false},"product_brand":[],"product_cat":[77,80],"product_tag":[421],"class_list":{"0":"post-7646","1":"product","2":"type-product","3":"status-publish","4":"has-post-thumbnail","6":"product_cat-community-events","7":"product_cat-queer-matters","8":"product_tag-trans-fem","9":"pmpro-has-access","11":"first","12":"outofstock","13":"purchasable","14":"product-type-variable"},"wpml_current_locale":"de_DE","wpml_translations":{"en_US":{"locale":"en_US","id":7647,"slug":"akelarre-naikee-kopie","post_title":"Akelarre","href":"https:\/\/wearevillage.org\/en\/shop\/akelarre-naikee\/w29"}},"language":{"code":"de","locale":"","name":"","is_rtl":false},"_links":{"self":[{"href":"https:\/\/wearevillage.org\/wp-json\/wp\/v2\/product\/7646","targetHints":{"allow":["GET"]}}],"collection":[{"href":"https:\/\/wearevillage.org\/wp-json\/wp\/v2\/product"}],"about":[{"href":"https:\/\/wearevillage.org\/wp-json\/wp\/v2\/types\/product"}],"author":[{"embeddable":true,"href":"https:\/\/wearevillage.org\/wp-json\/wp\/v2\/users\/14"}],"wp:featuredmedia":[{"embeddable":true,"href":"https:\/\/wearevillage.org\/wp-json\/wp\/v2\/media\/7853"}],"wp:attachment":[{"href":"https:\/\/wearevillage.org\/wp-json\/wp\/v2\/media?parent=7646"}],"wp:term":[{"taxonomy":"product_brand","embeddable":true,"href":"https:\/\/wearevillage.org\/wp-json\/wp\/v2\/product_brand?post=7646"},{"taxonomy":"product_cat","embeddable":true,"href":"https:\/\/wearevillage.org\/wp-json\/wp\/v2\/product_cat?post=7646"},{"taxonomy":"product_tag","embeddable":true,"href":"https:\/\/wearevillage.org\/wp-json\/wp\/v2\/product_tag?post=7646"}],"curies":[{"name":"wp","href":"https:\/\/api.w.org\/{rel}","templated":true}]}}