{"id":7677,"date":"2023-07-12T13:22:34","date_gmt":"2023-07-12T11:22:34","guid":{"rendered":"https:\/\/wearevillage.org\/?post_type=product&#038;p=7677"},"modified":"2025-01-15T08:01:57","modified_gmt":"2025-01-15T07:01:57","slug":"stimmcoaching-fuer-transmasc","status":"publish","type":"product","link":"https:\/\/wearevillage.org\/shop\/vocal-coaching\/w31\/","title":{"rendered":"Stimmcoaching f\u00fcr Transmasc*"},"content":{"rendered":"<div class=\"wpb-content-wrapper\"><div class=\"vc_row wpb_row vc_row-fluid\"><div class=\"wpb_column vc_column_container vc_col-sm-10\"><div class=\"vc_column-inner\"><div class=\"wpb_wrapper\"><div class=\"vc_row wpb_row vc_inner vc_row-fluid\"><div class=\"wpb_column vc_column_container vc_col-sm-2\"><div class=\"vc_column-inner\"><div class=\"wpb_wrapper\"><\/div><\/div><\/div><\/div><\/div><\/div><\/div><div class=\"wpb_column vc_column_container vc_col-sm-2\"><div class=\"vc_column-inner\"><div class=\"wpb_wrapper\"><\/div><\/div><\/div><\/div><div class=\"vc_row wpb_row vc_row-fluid\"><div class=\"wpb_column vc_column_container vc_col-sm-12\"><div class=\"vc_column-inner\"><div class=\"wpb_wrapper\"><h4 style=\"text-align: left\" class=\"vc_custom_heading vc_do_custom_heading\" >Vocal Coaching For Transmasc*<\/h4><h5 style=\"text-align: left\" class=\"vc_custom_heading vc_do_custom_heading\" >mit Noah Elio<\/h5>\n\t<div class=\"wpb_text_column wpb_content_element\" >\n\t\t<div class=\"wpb_wrapper\">\n\t\t\t<div class=\"x11i5rnm xat24cr x1mh8g0r x1vvkbs xtlvy1s\">\n<div class=\"x11i5rnm xat24cr x1mh8g0r x1vvkbs xtlvy1s\">\n<div class=\"x11i5rnm xat24cr x1mh8g0r x1vvkbs xtlvy1s\">\n<p>Unsere Stimme ist ein m\u00e4chtiges Instrument, um Gef\u00fchle auszudr\u00fccken, unsere einzigartige Pers\u00f6nlichkeit zu zeigen und unser Selbstwertgef\u00fchl zu st\u00e4rken. Besonders w\u00e4hrend der Transition, unabh\u00e4ngig davon, ob man sich einer Hormonersatztherapie (HRT) unterzieht oder nicht, spielt unsere Stimme eine zentrale Rolle bei der Gestaltung unseres Selbstbewusstseins.<\/p>\n<p>Ziel dieses Workshops ist es, ein umfassendes Verst\u00e4ndnis f\u00fcr das Stimmsystem zu vermitteln und \u00dcbungen und Aktivit\u00e4ten in einer unterst\u00fctzenden Gruppenumgebung zu erm\u00f6glichen. Durch die Teilnahme an diesem Workshop k\u00f6nnen transmaskuline Menschen selbstbewusst ihre authentische Identit\u00e4t annehmen und behaupten.<\/p>\n<p><strong>Details zum Workshop selbst<\/strong><\/p>\n<p>In diesem Workshop wird Vocal Coach Noah mit den Teilnehmern daran arbeiten, ihren Stimmumfang zu verstehen und zu erweitern. Er wird der Gruppe verschiedene \u00dcbungen zeigen, um die Sprechstimme sicher zu senken und Methoden, um den Stimmbruch zu \u00fcberwinden, falls sie sich einer HRT unterziehen wollen. Dieser Workshop ist f\u00fcr jede trans* Person geeignet, es ist also keine medizinische Umstellung erforderlich!<\/p>\n<p>Die TeilnehmerInnen werden sanft durch klangliche \u00dcbungen gef\u00fchrt, bei denen sie verschiedene Stimmlagen sicher \u00fcben k\u00f6nnen. Menschen mit und ohne musikalische Vorkenntnisse sind willkommen!<\/p>\n<p><strong>\u00dcber den Host<\/strong><\/p>\n<p>Ich bin Noah (er\/they), ein in Berlin lebender Musiker, K\u00fcnstler und nicht-bin\u00e4re transmaskul\u00e4re Person. Ich habe \u00fcber 15 Jahre Erfahrung mit Gesang und Stimmbildung. Jetzt m\u00f6chte ich andere trans* Menschen in Sachen Stimmbildung weiterbilden. Ich freue mich darauf, dich kennenzulernen!<\/p>\n<\/div>\n<\/div>\n<\/div>\n\n\t\t<\/div>\n\t<\/div>\n\n\t<div class=\"wpb_text_column wpb_content_element\" >\n\t\t<div class=\"wpb_wrapper\">\n\t\t\t<div class=\"x11i5rnm xat24cr x1mh8g0r x1vvkbs xtlvy1s\">\n<div class=\"x11i5rnm xat24cr x1mh8g0r x1vvkbs xtlvy1s\">\n<div class=\"x11i5rnm xat24cr x1mh8g0r x1vvkbs xtlvy1s\">\n<p><em>Dieses Event wird je nach Teilnehmerbed\u00fcrfnissen auf Deutsch und\/oder Englisch sein.<br \/>\nAnmeldung unter: events@wearevillage.org<\/em><\/p>\n<\/div>\n<\/div>\n<\/div>\n\n\t\t<\/div>\n\t<\/div>\n<\/div><\/div><\/div><\/div>\n<\/div>","protected":false},"excerpt":{"rendered":"<h5>13:45 \u2013 19:00<\/h5>\n<h5>Special Event<br \/>\nauf 10 Personen begrenzt<br \/>\nAnmeldung: <span id=\"wpmt-612114-503339\">events@wearevillage.org<\/span><br \/>\nFree Event<\/h5>\n<p class=\"p1\"><strong>| <span style=\"color: #ec6c23;\">Transmasc*<\/span>\u00a0|<\/strong><\/p>\n<p>Nimm an diesem Vocal Coaching Workshop unter der Leitung von Noah teil! Der 5-st\u00fcndige Workshop ist speziell f\u00fcr transmaskuline Menschen (einschlie\u00dflich nicht-bin\u00e4rer Menschen) konzipiert. Ziel ist es, ein umfassendes Verst\u00e4ndnis f\u00fcr das Stimmsystem zu vermitteln und \u00dcbungen und Aktivit\u00e4ten in einer unterst\u00fctzenden Gruppenumgebung zu erm\u00f6glichen. Der Workshop Grundlagen zum Verst\u00e4ndnis und zur Erweiterung des Stimmumfangs geben, sowie allgemeines Wissen \u00fcber die Stimme selbst.<\/p>\n<p>Die Teilnehmerpl\u00e4tze sind auf 10 Personen begrenzt.<\/p>\n","protected":false},"author":11,"featured_media":7975,"template":"","meta":{"pmpro_default_level":"","inline_featured_image":false},"product_brand":[],"product_cat":[83],"product_tag":[756],"class_list":{"0":"post-7677","1":"product","2":"type-product","3":"status-publish","4":"has-post-thumbnail","6":"product_cat-workshops","7":"product_tag-trans-masc","8":"pmpro-has-access","10":"first","11":"outofstock","12":"purchasable","13":"product-type-variable"},"wpml_current_locale":"de_DE","wpml_translations":{"en_US":{"locale":"en_US","id":7678,"slug":"vocal-coaching-for-transmasc-people-kopie-2","post_title":"Vocal Coaching For Transmasc* People","href":"https:\/\/wearevillage.org\/en\/shop\/vocal-coaching\/w31"}},"language":{"code":"de","locale":"","name":"","is_rtl":false},"_links":{"self":[{"href":"https:\/\/wearevillage.org\/wp-json\/wp\/v2\/product\/7677","targetHints":{"allow":["GET"]}}],"collection":[{"href":"https:\/\/wearevillage.org\/wp-json\/wp\/v2\/product"}],"about":[{"href":"https:\/\/wearevillage.org\/wp-json\/wp\/v2\/types\/product"}],"author":[{"embeddable":true,"href":"https:\/\/wearevillage.org\/wp-json\/wp\/v2\/users\/11"}],"wp:featuredmedia":[{"embeddable":true,"href":"https:\/\/wearevillage.org\/wp-json\/wp\/v2\/media\/7975"}],"wp:attachment":[{"href":"https:\/\/wearevillage.org\/wp-json\/wp\/v2\/media?parent=7677"}],"wp:term":[{"taxonomy":"product_brand","embeddable":true,"href":"https:\/\/wearevillage.org\/wp-json\/wp\/v2\/product_brand?post=7677"},{"taxonomy":"product_cat","embeddable":true,"href":"https:\/\/wearevillage.org\/wp-json\/wp\/v2\/product_cat?post=7677"},{"taxonomy":"product_tag","embeddable":true,"href":"https:\/\/wearevillage.org\/wp-json\/wp\/v2\/product_tag?post=7677"}],"curies":[{"name":"wp","href":"https:\/\/api.w.org\/{rel}","templated":true}]}}