{"id":7832,"date":"2023-07-24T18:22:59","date_gmt":"2023-07-24T16:22:59","guid":{"rendered":"https:\/\/wearevillage.org\/?post_type=product&#038;p=7832"},"modified":"2023-11-03T16:05:49","modified_gmt":"2023-11-03T15:05:49","slug":"playfight-ritual-7","status":"publish","type":"product","link":"https:\/\/wearevillage.org\/shop\/playfight-ritual\/w50\/","title":{"rendered":"Playfight Ritual"},"content":{"rendered":"<div class=\"wpb-content-wrapper\"><div class=\"vc_row wpb_row vc_row-fluid\"><div class=\"wpb_column vc_column_container vc_col-sm-10\"><div class=\"vc_column-inner\"><div class=\"wpb_wrapper\"><div class=\"vc_row wpb_row vc_inner vc_row-fluid\"><div class=\"wpb_column vc_column_container vc_col-sm-2\"><div class=\"vc_column-inner\"><div class=\"wpb_wrapper\"><\/div><\/div><\/div><\/div><\/div><\/div><\/div><div class=\"wpb_column vc_column_container vc_col-sm-2\"><div class=\"vc_column-inner\"><div class=\"wpb_wrapper\"><\/div><\/div><\/div><\/div><div class=\"vc_row wpb_row vc_row-fluid\"><div class=\"wpb_column vc_column_container vc_col-sm-12\"><div class=\"vc_column-inner\"><div class=\"wpb_wrapper\"><h4 style=\"text-align: left\" class=\"vc_custom_heading vc_do_custom_heading\" >Playfight Ritual<\/h4><h5 style=\"text-align: left\" class=\"vc_custom_heading vc_do_custom_heading\" >Playfight Ritual Collective (LoveDragon & Su)<\/h5>\n\t<div class=\"wpb_text_column wpb_content_element\" >\n\t\t<div class=\"wpb_wrapper\">\n\t\t\t<div class=\"x11i5rnm xat24cr x1mh8g0r x1vvkbs xtlvy1s\">\n<div class=\"x11i5rnm xat24cr x1mh8g0r x1vvkbs xtlvy1s\">\n<div class=\"x11i5rnm xat24cr x1mh8g0r x1vvkbs xtlvy1s\">\n<p>Das Playfight-Ritual bietet einen sicheren Raum f\u00fcr queere Menschen, um sich in einer Gemeinschaft k\u00f6rperlich zu begegnen. Es findet in Form von Einzelbegegnungen statt, bei denen sich die Kommunikation haupts\u00e4chlich auf die K\u00f6rpersprache und weniger auf den verbalen Ausdruck st\u00fctzt.<\/p>\n<p>Das Ritual kann von einem Tanz mit minimalem K\u00f6rperkontakt \u00fcber gem\u00fctliches Kuscheln und spielerisches Herumrollen bis hin zu energiegeladenen K\u00e4mpfen reichen, bei denen Kraft und Beweglichkeit erprobt werden.<\/p>\n<p>Jeder Playfight wird von den beiden beteiligten Personen bestimmt und kann jederzeit beendet werden durch ein Wort oder durch einen Doppelklopfer<\/p>\n<p>Bevor das eigentliche Ritual beginnt, gibt es eine Aufw\u00e4rmphase und eine Erkl\u00e4rung der Regeln.<\/p>\n<p>Bringt bequeme Kleidung mit, in der man sich frei bewegen kann. Lange Hosen sind ratsam, um Verletzungen an den Knien zu vermeiden. Auf Schmuck sollte verzichtet werden.<\/p>\n<\/div>\n<\/div>\n<\/div>\n\n\t\t<\/div>\n\t<\/div>\n\n\t<div class=\"wpb_text_column wpb_content_element\" >\n\t\t<div class=\"wpb_wrapper\">\n\t\t\t<div class=\"x11i5rnm xat24cr x1mh8g0r x1vvkbs xtlvy1s\">\n<div class=\"x11i5rnm xat24cr x1mh8g0r x1vvkbs xtlvy1s\">\n<div class=\"x11i5rnm xat24cr x1mh8g0r x1vvkbs xtlvy1s\">\n<p><em>Dieses Event wird je nach Teilnehmerbed\u00fcrfnissen auf Deutsch und\/oder Englisch sein.<\/em><\/p>\n<\/div>\n<\/div>\n<\/div>\n\n\t\t<\/div>\n\t<\/div>\n<\/div><\/div><\/div><\/div>\n<\/div>","protected":false},"excerpt":{"rendered":"<h5>Sonntag (einmal pro Monat)<br \/>\n18:00 \u2013 21:00<br \/>\nZahlung an der T\u00fcr<\/h5>\n<p class=\"p1\"><strong>| <span style=\"color: #ec6c23;\">GBTQ men* <\/span>|<\/strong><\/p>\n<p>Das Playfight-Ritual zielt darauf ab, ein sicheres Umfeld zu schaffen, in dem wir uns k\u00f6rperlich miteinander verbinden k\u00f6nnen, indem wir uns einzeln begegnen, wobei die Zeugen einen Kreis um sie herum bilden. W\u00e4hrend dieses Rituals minimieren wir den Gebrauch von Worten und erlauben unseren K\u00f6rpern zu kommunizieren.<\/p>\n","protected":false},"author":14,"featured_media":1845,"template":"","meta":{"pmpro_default_level":"","inline_featured_image":false},"product_brand":[],"product_cat":[79],"product_tag":[256],"class_list":{"0":"post-7832","1":"product","2":"type-product","3":"status-publish","4":"has-post-thumbnail","6":"product_cat-monatliche-events","7":"product_tag-gbtq-men","8":"pmpro-has-access","10":"first","11":"instock","12":"purchasable","13":"product-type-variable"},"wpml_current_locale":"de_DE","wpml_translations":{"en_US":{"locale":"en_US","id":7835,"slug":"playfight-ritual-kopie-7","post_title":"Playfight Ritual","href":"https:\/\/wearevillage.org\/en\/shop\/playfight-ritual\/w50"}},"language":{"code":"de","locale":"","name":"","is_rtl":false},"_links":{"self":[{"href":"https:\/\/wearevillage.org\/wp-json\/wp\/v2\/product\/7832","targetHints":{"allow":["GET"]}}],"collection":[{"href":"https:\/\/wearevillage.org\/wp-json\/wp\/v2\/product"}],"about":[{"href":"https:\/\/wearevillage.org\/wp-json\/wp\/v2\/types\/product"}],"author":[{"embeddable":true,"href":"https:\/\/wearevillage.org\/wp-json\/wp\/v2\/users\/14"}],"wp:featuredmedia":[{"embeddable":true,"href":"https:\/\/wearevillage.org\/wp-json\/wp\/v2\/media\/1845"}],"wp:attachment":[{"href":"https:\/\/wearevillage.org\/wp-json\/wp\/v2\/media?parent=7832"}],"wp:term":[{"taxonomy":"product_brand","embeddable":true,"href":"https:\/\/wearevillage.org\/wp-json\/wp\/v2\/product_brand?post=7832"},{"taxonomy":"product_cat","embeddable":true,"href":"https:\/\/wearevillage.org\/wp-json\/wp\/v2\/product_cat?post=7832"},{"taxonomy":"product_tag","embeddable":true,"href":"https:\/\/wearevillage.org\/wp-json\/wp\/v2\/product_tag?post=7832"}],"curies":[{"name":"wp","href":"https:\/\/api.w.org\/{rel}","templated":true}]}}