{"id":7877,"date":"2023-07-25T16:26:14","date_gmt":"2023-07-25T14:26:14","guid":{"rendered":"https:\/\/wearevillage.org\/?post_type=product&#038;p=7877"},"modified":"2023-09-04T10:18:12","modified_gmt":"2023-09-04T08:18:12","slug":"city-tour-berlins-history-of-sex","status":"publish","type":"product","link":"https:\/\/wearevillage.org\/shop\/village-outdoor\/w36\/","title":{"rendered":"City Tour \u2013 Berlin\u2019s History of Sex"},"content":{"rendered":"<div class=\"wpb-content-wrapper\"><div class=\"vc_row wpb_row vc_row-fluid\"><div class=\"wpb_column vc_column_container vc_col-sm-10\"><div class=\"vc_column-inner\"><div class=\"wpb_wrapper\"><\/div><\/div><\/div><div class=\"wpb_column vc_column_container vc_col-sm-2\"><div class=\"vc_column-inner\"><div class=\"wpb_wrapper\"><\/div><\/div><\/div><\/div><div class=\"vc_row wpb_row vc_row-fluid\"><div class=\"wpb_column vc_column_container vc_col-sm-12\"><div class=\"vc_column-inner\"><div class=\"wpb_wrapper\"><h4 style=\"text-align: left\" class=\"vc_custom_heading vc_do_custom_heading\" >City Tour - Berlin's History of Sex<\/h4><h5 style=\"text-align: left\" class=\"vc_custom_heading vc_do_custom_heading\" >mit Jeff Mannes<\/h5>\n\t<div class=\"wpb_text_column wpb_content_element\" >\n\t\t<div class=\"wpb_wrapper\">\n\t\t\t<div class=\"x11i5rnm xat24cr x1mh8g0r x1vvkbs xtlvy1s\">\n<div class=\"x11i5rnm xat24cr x1mh8g0r x1vvkbs xtlvy1s\">\n<div class=\"x11i5rnm xat24cr x1mh8g0r x1vvkbs xtlvy1s\">\n<div class=\"x11i5rnm xat24cr x1mh8g0r x1vvkbs xtlvy1s\">\n<p>Schon in den 1920er Jahren war Berlin die queere Hauptstadt Europas. Stadtf\u00fchrer Jeff Mannes verr\u00e4t, warum.<\/p>\n<p>Berlin wird oft als die sexuellste Stadt der Welt bezeichnet. Die Deutschen sind \u201edie perverseste Nation Europas\u201c und Berlin ist die unbestrittene queere Hauptstadt Europas. Berlin kann also auf eine lange Tradition der sexuellen Befreiung zur\u00fcckblicken. Schon in den 1920er Jahren war Berlin queer-freundlich und sex-positiv und damit vielen anderen St\u00e4dten weit voraus. Zeichen dieser Zeit lassen sich \u00fcberall in der Stadt wiederentdecken, auch in Sch\u00f6neberg, einem der queeren Zentren.<\/p>\n<p>Auf der Stadtf\u00fchrung \u201eBerlins Geschichte des Sex\u201c wird dieser unglaubliche, spannende und manchmal auch tragische Teil der Berliner Geschichte wieder lebendig. Autor und Stadtf\u00fchrer Jeff Mannes verr\u00e4t hier einige Highlights in Form einer literarischen Stadtf\u00fchrung.<\/p>\n<\/div>\n<\/div>\n<\/div>\n<\/div>\n\n\t\t<\/div>\n\t<\/div>\n\n\t<div class=\"wpb_text_column wpb_content_element\" >\n\t\t<div class=\"wpb_wrapper\">\n\t\t\t<div class=\"x11i5rnm xat24cr x1mh8g0r x1vvkbs xtlvy1s\">\n<div class=\"x11i5rnm xat24cr x1mh8g0r x1vvkbs xtlvy1s\">\n<div class=\"x11i5rnm xat24cr x1mh8g0r x1vvkbs xtlvy1s\">\n<div class=\"x11i5rnm xat24cr x1mh8g0r x1vvkbs xtlvy1s\">\n<p><strong>Anmeldung erforderlich:<\/strong> Bitte melden Sie sich per E-Mail an info@wearevillage.org an, um Ihren Platz zu sichern. Der Treffpunkt wird den angemeldeten Teilnehmern mitgeteilt.<\/p>\n<p>zu Fu\u00df, Dauer: ca. 3,5 Stunden<br \/>\nDas Event ist kostenfrei.<\/p>\n<\/div>\n<p>Voranmeldung unter : <a href=\"mailto:events@wearevillage.org\">events@wearevillage.org<\/a><\/p>\n<\/div>\n<\/div>\n<\/div>\n\n\t\t<\/div>\n\t<\/div>\n<\/div><\/div><\/div><\/div>\n<\/div>","protected":false},"excerpt":{"rendered":"<h5>Outdoor Event<br \/>\nAnmeldung erforderlich an info@wearevillage.org an, um Ihren Platz zu sichern.<br \/>\nDer Treffpunkt wird den angemeldeten Teilnehmern mitgeteilt.<\/h5>\n<h5>11:00-15:00<\/h5>\n<p class=\"p1\"><strong>| <span style=\"color: #ec6c23;\">LGBTQI+ Friends <\/span>|<\/strong><\/p>\n<div class=\"x11i5rnm xat24cr x1mh8g0r x1vvkbs xtlvy1s\">\n<div class=\"x11i5rnm xat24cr x1mh8g0r x1vvkbs xtlvy1s\">\n<p>Schon in den 1920er Jahren war Berlin die queere Hauptstadt Europas. Auf der Stadtf\u00fchrung \u201eBerlins Geschichte des Sex\u201c wird dieser unglaubliche, spannende und manchmal auch tragische Teil der Berliner Geschichte, durch Autor und Stadtf\u00fchrer Jeff Mannes, wieder lebendig.<\/p>\n<p>Das Event ist kostenfrei.<\/p>\n<\/div>\n<\/div>\n","protected":false},"author":14,"featured_media":8437,"template":"","meta":{"pmpro_default_level":"","inline_featured_image":false},"product_brand":[],"product_cat":[77,79],"product_tag":[469],"class_list":{"0":"post-7877","1":"product","2":"type-product","3":"status-publish","4":"has-post-thumbnail","6":"product_cat-community-events","7":"product_cat-monatliche-events","8":"product_tag-lgbtqiaplus","9":"pmpro-has-access","11":"first","12":"outofstock","13":"purchasable","14":"product-type-variable"},"wpml_current_locale":"de_DE","wpml_translations":{"en_US":{"locale":"en_US","id":7878,"slug":"village-outdoor-loecknitz-jungle-kopie","post_title":"City Tour - Berlin's History of Sex","href":"https:\/\/wearevillage.org\/en\/shop\/village-outdoor\/w36"}},"language":{"code":"de","locale":"","name":"","is_rtl":false},"_links":{"self":[{"href":"https:\/\/wearevillage.org\/wp-json\/wp\/v2\/product\/7877","targetHints":{"allow":["GET"]}}],"collection":[{"href":"https:\/\/wearevillage.org\/wp-json\/wp\/v2\/product"}],"about":[{"href":"https:\/\/wearevillage.org\/wp-json\/wp\/v2\/types\/product"}],"author":[{"embeddable":true,"href":"https:\/\/wearevillage.org\/wp-json\/wp\/v2\/users\/14"}],"wp:featuredmedia":[{"embeddable":true,"href":"https:\/\/wearevillage.org\/wp-json\/wp\/v2\/media\/8437"}],"wp:attachment":[{"href":"https:\/\/wearevillage.org\/wp-json\/wp\/v2\/media?parent=7877"}],"wp:term":[{"taxonomy":"product_brand","embeddable":true,"href":"https:\/\/wearevillage.org\/wp-json\/wp\/v2\/product_brand?post=7877"},{"taxonomy":"product_cat","embeddable":true,"href":"https:\/\/wearevillage.org\/wp-json\/wp\/v2\/product_cat?post=7877"},{"taxonomy":"product_tag","embeddable":true,"href":"https:\/\/wearevillage.org\/wp-json\/wp\/v2\/product_tag?post=7877"}],"curies":[{"name":"wp","href":"https:\/\/api.w.org\/{rel}","templated":true}]}}