{"id":7891,"date":"2023-07-25T17:08:09","date_gmt":"2023-07-25T15:08:09","guid":{"rendered":"https:\/\/wearevillage.org\/?post_type=product&#038;p=7891"},"modified":"2023-08-01T15:13:25","modified_gmt":"2023-08-01T13:13:25","slug":"wearable-quilted-identities","status":"publish","type":"product","link":"https:\/\/wearevillage.org\/shop\/queer-needlework-circle\/31\/","title":{"rendered":"Wearable Quilted Identities"},"content":{"rendered":"<div class=\"wpb-content-wrapper\"><div class=\"vc_row wpb_row vc_row-fluid\"><div class=\"wpb_column vc_column_container vc_col-sm-2\"><div class=\"vc_column-inner\"><div class=\"wpb_wrapper\"><\/div><\/div><\/div><\/div><div class=\"vc_row wpb_row vc_row-fluid\"><div class=\"wpb_column vc_column_container vc_col-sm-12\"><div class=\"vc_column-inner\"><div class=\"wpb_wrapper\"><h4 style=\"text-align: left\" class=\"vc_custom_heading vc_do_custom_heading\" >Wearable quilted identities<\/h4><h5 style=\"text-align: left\" class=\"vc_custom_heading vc_do_custom_heading\" >mit Theodorus Johannes\/ Queer Needlework Circle<\/h5>\n\t<div class=\"wpb_text_column wpb_content_element\" >\n\t\t<div class=\"wpb_wrapper\">\n\t\t\t<div class=\"x11i5rnm xat24cr x1mh8g0r x1vvkbs xtlvy1s\">\n<div class=\"x11i5rnm xat24cr x1mh8g0r x1vvkbs xtlvy1s\">\n<div class=\"x11i5rnm xat24cr x1mh8g0r x1vvkbs xtlvy1s\">\n<p>Als queere Menschen entscheiden wir uns bewusst daf\u00fcr, durch unseren oft eigenwilligen Kleidungsstil sichtbar oder unsichtbar zu sein. Aber was sind die Symbole, mit denen wir uns identifizieren? Symbole, die vielleicht unsichtbar sind, die aber viel \u00fcber unsere Identit\u00e4t verraten k\u00f6nnen.<\/p>\n<p>In diesem Workshop sind alle eingeladen, gemeinsam ein tragbares Quiltsegment zu gestalten, das zusammengef\u00fcgt oder am K\u00f6rper getragen werden kann. Bring eigene Stoffe, F\u00e4den, Farben und Stempel, Stoffmarker und andere Materialien mit, mit denen du deine Kreation versch\u00f6nern kannst. Gestalte deine Kreation mit Worten, Symbolen und Bildern, die deine individuellen und gemeinschaftlichen Werte, deine Theorie der Ver\u00e4nderung und deine Ausrichtung im Rahmen des Aktivismus zum Ausdruck bringen.<\/p>\n<p>Du kannst Folgendes mitbringen: ausrangierte Stoffe, Stickgarn, Farben, Stempel, Stoffmarker, Aufb\u00fcgelungen und andere Applikationen, Pailletten und Glitzer, Kn\u00f6pfe und B\u00e4nder sowie alle Bastelmaterialien, die ihr bereits zu Hause habt.<\/p>\n<p>Voranmeldung: events@wearevillage.org<\/p>\n<p>\u00a0<\/p>\n<p>\u00a0<\/p>\n<\/div>\n<\/div>\n<\/div>\n\n\t\t<\/div>\n\t<\/div>\n\n\t<div class=\"wpb_text_column wpb_content_element\" >\n\t\t<div class=\"wpb_wrapper\">\n\t\t\t<div class=\"x11i5rnm xat24cr x1mh8g0r x1vvkbs xtlvy1s\">\n<div class=\"x11i5rnm xat24cr x1mh8g0r x1vvkbs xtlvy1s\">\n<div class=\"x11i5rnm xat24cr x1mh8g0r x1vvkbs xtlvy1s\">\n<p><em>Event in Englisch.<\/em><\/p>\n<\/div>\n<\/div>\n<\/div>\n\n\t\t<\/div>\n\t<\/div>\n<\/div><\/div><\/div><\/div>\n<\/div>","protected":false},"excerpt":{"rendered":"<h5>Samstag<br \/>\n12:30 \u2013 17:00<br \/>\nkostenlos<\/h5>\n<p class=\"p1\"><strong>| <span style=\"color: #ec6c23;\">LGBTQI+ Friends<\/span>|\u00a0<\/strong><\/p>\n<p>Als queere Menschen entscheiden wir uns bewusst daf\u00fcr, durch unseren oft eigenwilligen Kleidungsstil sichtbar oder unsichtbar zu sein. Aber was sind die Symbole, mit denen wir uns identifizieren?<\/p>\n<p>In diesem Workshop sind alle eingeladen, gemeinsam ein tragbares Quiltsegment zu gestalten, das zusammengef\u00fcgt oder am K\u00f6rper getragen werden kann.<\/p>\n<p>Voranmeldung: events@wearevillage.com<\/p>\n<p>Spenden willkommen!<\/p>\n","protected":false},"author":14,"featured_media":7898,"template":"","meta":{"pmpro_default_level":"","inline_featured_image":false},"product_brand":[],"product_cat":[77,80],"product_tag":[469],"class_list":{"0":"post-7891","1":"product","2":"type-product","3":"status-publish","4":"has-post-thumbnail","6":"product_cat-community-events","7":"product_cat-queer-matters","8":"product_tag-lgbtqiaplus","9":"pmpro-has-access","11":"first","12":"outofstock","13":"purchasable","14":"product-type-variable"},"wpml_current_locale":"de_DE","wpml_translations":{"en_US":{"locale":"en_US","id":7892,"slug":"queer-needlework-circle-kopie-6","post_title":"Wearable Quilted Identities","href":"https:\/\/wearevillage.org\/en\/shop\/queer-needlework-circle\/w31"}},"language":{"code":"de","locale":"","name":"","is_rtl":false},"_links":{"self":[{"href":"https:\/\/wearevillage.org\/wp-json\/wp\/v2\/product\/7891","targetHints":{"allow":["GET"]}}],"collection":[{"href":"https:\/\/wearevillage.org\/wp-json\/wp\/v2\/product"}],"about":[{"href":"https:\/\/wearevillage.org\/wp-json\/wp\/v2\/types\/product"}],"author":[{"embeddable":true,"href":"https:\/\/wearevillage.org\/wp-json\/wp\/v2\/users\/14"}],"wp:featuredmedia":[{"embeddable":true,"href":"https:\/\/wearevillage.org\/wp-json\/wp\/v2\/media\/7898"}],"wp:attachment":[{"href":"https:\/\/wearevillage.org\/wp-json\/wp\/v2\/media?parent=7891"}],"wp:term":[{"taxonomy":"product_brand","embeddable":true,"href":"https:\/\/wearevillage.org\/wp-json\/wp\/v2\/product_brand?post=7891"},{"taxonomy":"product_cat","embeddable":true,"href":"https:\/\/wearevillage.org\/wp-json\/wp\/v2\/product_cat?post=7891"},{"taxonomy":"product_tag","embeddable":true,"href":"https:\/\/wearevillage.org\/wp-json\/wp\/v2\/product_tag?post=7891"}],"curies":[{"name":"wp","href":"https:\/\/api.w.org\/{rel}","templated":true}]}}