{"id":7930,"date":"2023-07-26T16:33:24","date_gmt":"2023-07-26T14:33:24","guid":{"rendered":"https:\/\/wearevillage.org\/?post_type=product&#038;p=7930"},"modified":"2023-07-26T22:41:01","modified_gmt":"2023-07-26T20:41:01","slug":"summer-special-massage-ritual","status":"publish","type":"product","link":"https:\/\/wearevillage.org\/shop\/massage-exchange\/w31\/","title":{"rendered":"Summer Special \u2013 Massage Ritual"},"content":{"rendered":"<div class=\"wpb-content-wrapper\"><div class=\"vc_row wpb_row vc_row-fluid\"><div class=\"wpb_column vc_column_container vc_col-sm-2\"><div class=\"vc_column-inner\"><div class=\"wpb_wrapper\"><\/div><\/div><\/div><\/div><div class=\"vc_row wpb_row vc_row-fluid\"><div class=\"wpb_column vc_column_container vc_col-sm-12\"><div class=\"vc_column-inner\"><div class=\"wpb_wrapper\"><h4 style=\"text-align: left\" class=\"vc_custom_heading vc_do_custom_heading\" >Summer Special \u2013 Massage Ritual, Massage exchange for men*<\/h4><h5 style=\"text-align: left\" class=\"vc_custom_heading vc_do_custom_heading\" >Markus Kaufmann<\/h5>\n\t<div class=\"wpb_text_column wpb_content_element\" >\n\t\t<div class=\"wpb_wrapper\">\n\t\t\t<div class=\"x11i5rnm xat24cr x1mh8g0r x1vvkbs xtlvy1s\">\n<div class=\"x11i5rnm xat24cr x1mh8g0r x1vvkbs xtlvy1s\">\n<div class=\"x11i5rnm xat24cr x1mh8g0r x1vvkbs xtlvy1s\">\n<p>Bevor die Sommerpause startet, \u00fcberraschen wir euch noch einmal mit einem Massage Austausch Spezial Ritual.<\/p>\n<p>Markus wird uns durch eine entspannende Massage Sequenz ganz im Sinne eines Sommerabends f\u00fchren, bei der du mit mehreren Massagepartnern in Kontakt gehen kannst.<\/p>\n<p>Hierbei m\u00f6chten wir einen Raum schaffen, bei dem es mehr um das Ber\u00fchrt werden und die Ber\u00fchrung an sich gehen wird als um den Kontakt mit festen Massagepartnern.<\/p>\n<p>Die Teilnehmenden sollten f\u00fcr Nacktheit und Sinnlichkeit offen sein. Es geht bei diesem Austausch allerdings nicht um Sex. Laken, Handtuch und eigenes Massage\u00f6l bitte mitbringen.<\/p>\n<p>Dieses Event wird je nach Teilnehmerbed\u00fcrfnissen auf Deutsch und\/oder Englisch sein.<\/p>\n<\/div>\n<\/div>\n<\/div>\n\n\t\t<\/div>\n\t<\/div>\n\n\t<div class=\"wpb_text_column wpb_content_element\" >\n\t\t<div class=\"wpb_wrapper\">\n\t\t\t<div class=\"x11i5rnm xat24cr x1mh8g0r x1vvkbs xtlvy1s\">\n<div class=\"x11i5rnm xat24cr x1mh8g0r x1vvkbs xtlvy1s\">\n<div class=\"x11i5rnm xat24cr x1mh8g0r x1vvkbs xtlvy1s\">\n<p><em>Dieses Event wird je nach Teilnehmerbed\u00fcrfnissen auf Deutsch und\/oder Englisch sein.<\/em><\/p>\n<\/div>\n<\/div>\n<\/div>\n\n\t\t<\/div>\n\t<\/div>\n<\/div><\/div><\/div><\/div>\n<\/div>","protected":false},"excerpt":{"rendered":"<h5>Dienstag<br \/>\n20:00 \u2013 22:00<br \/>\nZahlung an der T\u00fcr<\/h5>\n<p class=\"p1\"><strong>| <span style=\"color: #ec6c23;\">GBTQ men*<\/span>\u00a0|<\/strong><\/p>\n<div class=\"x11i5rnm xat24cr x1mh8g0r x1vvkbs xtlvy1s\"><span style=\"font-weight: 400;\">Verbring mit uns einen tollen Abend voll von Ber\u00fchrung und k\u00f6rperlichem Austausch in einem sicheren und spielerischen Rahmen. Vorkenntnisse sind nicht erforderlich, es geht weniger um Massage-Techniken als um das bewusst-liebevolle Ber\u00fchren selbst. <\/span><\/div>\n","protected":false},"author":11,"featured_media":7946,"template":"","meta":{"pmpro_default_level":"","inline_featured_image":false},"product_brand":[],"product_cat":[134],"product_tag":[256],"class_list":{"0":"post-7930","1":"product","2":"type-product","3":"status-publish","4":"has-post-thumbnail","6":"product_cat-einmalige-events","7":"product_tag-gbtq-men","8":"pmpro-has-access","10":"first","11":"instock","12":"purchasable","13":"product-type-variable","14":"has-default-attributes"},"wpml_current_locale":"de_DE","wpml_translations":{"en_US":{"locale":"en_US","id":7933,"slug":"massage-exchange-for-men-kopie-2-7","post_title":"Summer Special \u2013 Massage Ritual","href":"https:\/\/wearevillage.org\/en\/shop\/massage-exchange\/w31"}},"language":{"code":"de","locale":"","name":"","is_rtl":false},"_links":{"self":[{"href":"https:\/\/wearevillage.org\/wp-json\/wp\/v2\/product\/7930","targetHints":{"allow":["GET"]}}],"collection":[{"href":"https:\/\/wearevillage.org\/wp-json\/wp\/v2\/product"}],"about":[{"href":"https:\/\/wearevillage.org\/wp-json\/wp\/v2\/types\/product"}],"author":[{"embeddable":true,"href":"https:\/\/wearevillage.org\/wp-json\/wp\/v2\/users\/11"}],"wp:featuredmedia":[{"embeddable":true,"href":"https:\/\/wearevillage.org\/wp-json\/wp\/v2\/media\/7946"}],"wp:attachment":[{"href":"https:\/\/wearevillage.org\/wp-json\/wp\/v2\/media?parent=7930"}],"wp:term":[{"taxonomy":"product_brand","embeddable":true,"href":"https:\/\/wearevillage.org\/wp-json\/wp\/v2\/product_brand?post=7930"},{"taxonomy":"product_cat","embeddable":true,"href":"https:\/\/wearevillage.org\/wp-json\/wp\/v2\/product_cat?post=7930"},{"taxonomy":"product_tag","embeddable":true,"href":"https:\/\/wearevillage.org\/wp-json\/wp\/v2\/product_tag?post=7930"}],"curies":[{"name":"wp","href":"https:\/\/api.w.org\/{rel}","templated":true}]}}