{"id":8222,"date":"2023-08-03T10:27:34","date_gmt":"2023-08-03T08:27:34","guid":{"rendered":"https:\/\/wearevillage.org\/?post_type=product&#038;p=8222"},"modified":"2023-08-28T18:05:57","modified_gmt":"2023-08-28T16:05:57","slug":"instinct14-desir-desire-vernissage","status":"publish","type":"product","link":"https:\/\/wearevillage.org\/shop\/instinct-opening\/w36\/","title":{"rendered":"Instinct#14 D\u00e9|sir \/ Vernissage"},"content":{"rendered":"<div class=\"wpb-content-wrapper\"><div class=\"vc_row wpb_row vc_row-fluid\"><div class=\"wpb_column vc_column_container vc_col-sm-10\"><div class=\"vc_column-inner\"><div class=\"wpb_wrapper\"><\/div><\/div><\/div><div class=\"wpb_column vc_column_container vc_col-sm-2\"><div class=\"vc_column-inner\"><div class=\"wpb_wrapper\"><\/div><\/div><\/div><\/div><div class=\"vc_row wpb_row vc_row-fluid\"><div class=\"wpb_column vc_column_container vc_col-sm-12\"><div class=\"vc_column-inner\"><div class=\"wpb_wrapper\"><h4 style=\"text-align: left\" class=\"vc_custom_heading vc_do_custom_heading\" >Instinct#14 D\u00e9|sir (De|sire)<\/h4><h5 style=\"text-align: left\" class=\"vc_custom_heading vc_do_custom_heading\" >D\u00e9sir<br \/>\nGruppenausstellung<br \/>\nKuratiert von Yves de Brabander und Eric LeRouge<\/h5>\n\t<div class=\"wpb_text_column wpb_content_element\" >\n\t\t<div class=\"wpb_wrapper\">\n\t\t\t\n\t\t<\/div>\n\t<\/div>\n\n\t<div class=\"wpb_text_column wpb_content_element\" >\n\t\t<div class=\"wpb_wrapper\">\n\t\t\t<div class=\"page\" title=\"Page 1\">\n<div class=\"section\">\n<div class=\"layoutArea\">\n<div class=\"column\">\n<div class=\"page\" title=\"Page 1\">\n<div class=\"section\">\n<div class=\"layoutArea\">\n<div class=\"column\">\n<p><span style=\"font-weight: 400;\">Die Ausstellung <\/span><i><span style=\"font-weight: 400;\">Desire<\/span><\/i><span style=\"font-weight: 400;\"> ist eine Untersuchung, die zum Nachdenken \u00fcber sexuelle Orientierungen, Ausdrucksformen von Geschlechteridentit\u00e4ten anregt sowie \u00fcber den tiefgreifenden Einfluss des Verlangens auf unsere Identit\u00e4t und unsere Beziehungen. Wir feiern das vielf\u00e4ltige Spektrum an Verlangen und Sexualit\u00e4t und stellen gleichzeitig traditionelle Perspektiven in Frage, um letztendlich eine integrativere und akzeptierendere Gesellschaft zu f\u00f6rdern.<\/span><\/p>\n<p><span style=\"font-weight: 400;\">Inspiriert von Michel Foucaults Thesen zur Fluidit\u00e4t des Verlangens will die Ausstellung das bin\u00e4re Geschlechtermodell herausfordern und ein differenzierteres Verst\u00e4ndnis von Identit\u00e4t f\u00f6rdern. Wir gehen davon aus, dass Verlangen \u00fcber feste Kategorien hinausgeht und stattdessen als dynamische Kraft wirkt, die beeinflusst, wie wir uns selbst wahrnehmen und mit Anderen interagieren.<\/span><\/p>\n<p><span style=\"font-weight: 400;\">Unser Ziel ist es, traditionelle Vorstellungen von Verlangen und Sexualit\u00e4t in Frage zu stellen und die Bedeutung von Sex Positivity f\u00fcr die Schaffung einer integrativeren und vielf\u00e4ltigeren Gesellschaft hervorzuheben. Wir denken nach \u00fcber die Fortschritte hinsichtlich der Abnahme von Diskriminierung aufgrund von Sexualit\u00e4t, Rasse und Geschlecht, und bennen dabei auch die Arbeit, die noch getan werden muss, um eine wirklich integrative und akzeptierende Gesellschaft zu schaffen.<\/span><\/p>\n<p><span style=\"font-weight: 400;\">Was hat diese Entwicklung m\u00f6glich gemacht?<br \/>\n<\/span><span style=\"font-weight: 400;\">War es eine \u00c4nderung kultureller Normen oder eine akzeptierende Haltung gegen\u00fcber Vielfalt?<br \/>\n<\/span><span style=\"font-weight: 400;\">Oder ist es durch ein gr\u00f6\u00dferes Verst\u00e4ndnis unserer eigenen Bed\u00fcrfnisse entstanden und aufgrund einer Sehnsucht nach dem Unbekannten?<\/span><\/p>\n<\/div>\n<\/div>\n<\/div>\n<\/div>\n<\/div>\n<\/div>\n<\/div>\n<\/div>\n\n\t\t<\/div>\n\t<\/div>\n\n\t<div class=\"wpb_text_column wpb_content_element\" >\n\t\t<div class=\"wpb_wrapper\">\n\t\t\t<div class=\"page\" title=\"Page 1\">\n<div class=\"section\">\n<div class=\"layoutArea\">\n<div class=\"column\">\n<div class=\"page\" title=\"Page 1\">\n<div class=\"section\">\n<div class=\"layoutArea\">\n<div class=\"column\">\n<p><b>Mit Arbeiten von<\/b><\/p>\n<p><span style=\"font-weight: 400;\">Annique Delphine, Bruce LaBruce, Florian Hetz, Gio Black Peter, Hinrich Kroeger, Jack Davey, Mathieu & Leolo, Sacha Cambier de Montravel, Slava Mogutin, Yves de Brabander, Wayne Lucas, und weiteren.<\/span><\/p>\n<\/div>\n<\/div>\n<\/div>\n<\/div>\n<\/div>\n<\/div>\n<\/div>\n<\/div>\n\n\t\t<\/div>\n\t<\/div>\n\n\t<div class=\"wpb_text_column wpb_content_element\" >\n\t\t<div class=\"wpb_wrapper\">\n\t\t\t<div class=\"page\" title=\"Page 1\">\n<div class=\"section\">\n<div class=\"layoutArea\">\n<div class=\"column\">\n<div class=\"page\" title=\"Page 1\">\n<div class=\"section\">\n<div class=\"layoutArea\">\n<div class=\"column\">\n<p><strong><em>\u00a0<a href=\"https:\/\/www.instinct.berlin\/\">www.instinct.berlin<\/a><\/em><\/strong><\/p>\n<\/div>\n<\/div>\n<\/div>\n<\/div>\n<\/div>\n<\/div>\n<\/div>\n<\/div>\n\n\t\t<\/div>\n\t<\/div>\n<\/div><\/div><\/div><\/div>\n<\/div>","protected":false},"excerpt":{"rendered":"<h5>D\u00e9|sir (De|sire)<br \/>\nVernissage<br \/>\nGruppenausstellung<\/h5>\n<p class=\"p1\"><strong>| <span style=\"color: #ec6c23;\">LGBTQI+ <\/span>|<\/strong><\/p>\n<p><span style=\"font-weight: 400;\">Die Ausstellung <\/span><i><span style=\"font-weight: 400;\">Desire<\/span><\/i><span style=\"font-weight: 400;\"> ist eine Untersuchung, die zum Nachdenken \u00fcber sexuelle Orientierungen, Ausdrucksformen von Geschlechteridentit\u00e4ten anregt sowie \u00fcber den tiefgreifenden Einfluss des Verlangens auf unsere Identit\u00e4t und unsere Beziehungen. Wir feiern das vielf\u00e4ltige Spektrum an Verlangen und Sexualit\u00e4t und stellen gleichzeitig traditionelle Perspektiven in Frage, um letztendlich eine integrativere und akzeptierendere Gesellschaft zu f\u00f6rdern.<\/span><\/p>\n<p><strong><a class=\"_ps2id\" href=\"www.instinct.berlin\" data-ps2id-offset=\"\">www.instinct.berlin<\/a><\/strong><\/p>\n","protected":false},"author":14,"featured_media":0,"template":"","meta":{"pmpro_default_level":"","inline_featured_image":false},"product_brand":[],"product_cat":[76],"product_tag":[469],"class_list":{"0":"post-8222","1":"product","2":"type-product","3":"status-publish","5":"product_cat-ausstellung","6":"product_tag-lgbtqiaplus","7":"pmpro-has-access","9":"first","10":"outofstock","11":"purchasable","12":"product-type-variable"},"wpml_current_locale":"de_DE","wpml_translations":{"en_US":{"locale":"en_US","id":8223,"slug":"instinct-performane-art-kopie-2","post_title":"Instinct#14 D\u00e9|sir \/ Vernissage","href":"https:\/\/wearevillage.org\/en\/shop\/instinct-opening\/w36"}},"language":{"code":"de","locale":"","name":"","is_rtl":false},"_links":{"self":[{"href":"https:\/\/wearevillage.org\/wp-json\/wp\/v2\/product\/8222","targetHints":{"allow":["GET"]}}],"collection":[{"href":"https:\/\/wearevillage.org\/wp-json\/wp\/v2\/product"}],"about":[{"href":"https:\/\/wearevillage.org\/wp-json\/wp\/v2\/types\/product"}],"author":[{"embeddable":true,"href":"https:\/\/wearevillage.org\/wp-json\/wp\/v2\/users\/14"}],"wp:attachment":[{"href":"https:\/\/wearevillage.org\/wp-json\/wp\/v2\/media?parent=8222"}],"wp:term":[{"taxonomy":"product_brand","embeddable":true,"href":"https:\/\/wearevillage.org\/wp-json\/wp\/v2\/product_brand?post=8222"},{"taxonomy":"product_cat","embeddable":true,"href":"https:\/\/wearevillage.org\/wp-json\/wp\/v2\/product_cat?post=8222"},{"taxonomy":"product_tag","embeddable":true,"href":"https:\/\/wearevillage.org\/wp-json\/wp\/v2\/product_tag?post=8222"}],"curies":[{"name":"wp","href":"https:\/\/api.w.org\/{rel}","templated":true}]}}