{"id":8279,"date":"2023-08-04T13:10:20","date_gmt":"2023-08-04T11:10:20","guid":{"rendered":"https:\/\/wearevillage.org\/?post_type=product&#038;p=8279"},"modified":"2023-12-15T10:56:54","modified_gmt":"2023-12-15T09:56:54","slug":"informationsveranstaltung-schritte-zur-naehe-verbundenheit-wissenswertes-praktische-faehigkeiten-fuer-die-reise-nach-dem-chemsex","status":"publish","type":"product","link":"https:\/\/wearevillage.org\/shop\/ways-out-of-chemsex\/w36\/","title":{"rendered":"Informationsveranstaltung Way out Chemsex: Wissenswertes & praktische F\u00e4higkeiten"},"content":{"rendered":"<div class=\"wpb-content-wrapper\"><div class=\"vc_row wpb_row vc_row-fluid\"><div class=\"wpb_column vc_column_container vc_col-sm-10\"><div class=\"vc_column-inner\"><div class=\"wpb_wrapper\"><\/div><\/div><\/div><div class=\"wpb_column vc_column_container vc_col-sm-2\"><div class=\"vc_column-inner\"><div class=\"wpb_wrapper\"><\/div><\/div><\/div><\/div><div class=\"vc_row wpb_row vc_row-fluid\"><div class=\"wpb_column vc_column_container vc_col-sm-12\"><div class=\"vc_column-inner\"><div class=\"wpb_wrapper\"><h4 style=\"text-align: left\" class=\"vc_custom_heading vc_do_custom_heading\" >Informationsveranstaltung \/<br \/>\nSchritte zur N\u00e4he & Verbundenheit \/ Wissenswertes & praktische F\u00e4higkeiten f\u00fcr die Reise nach dem Chemsex f\u00fcr schwule, bi und Trans M\u00e4nner*<\/h4><h5 style=\"text-align: left\" class=\"vc_custom_heading vc_do_custom_heading\" >Jan Gro\u00dfer & Kai Ehrhardt<\/h5>\n\t<div class=\"wpb_text_column wpb_content_element\" >\n\t\t<div class=\"wpb_wrapper\">\n\t\t\t<div class=\"x11i5rnm xat24cr x1mh8g0r x1vvkbs xtlvy1s\">\n<div class=\"x11i5rnm xat24cr x1mh8g0r x1vvkbs xtlvy1s\">\n<div class=\"x11i5rnm xat24cr x1mh8g0r x1vvkbs xtlvy1s\">\n<div class=\"x11i5rnm xat24cr x1mh8g0r x1vvkbs xtlvy1s\">\n<div class=\"x11i5rnm xat24cr x1mh8g0r x1vvkbs xtlvy1s\">\n<div class=\"x11i5rnm xat24cr x1mh8g0r x1vvkbs xtlvy1s\">\n<div class=\"x11i5rnm xat24cr x1mh8g0r x1vvkbs xtlvy1s\">\n<div class=\"x11i5rnm xat24cr x1mh8g0r x1vvkbs xtlvy1s\">\n<p>Im Rahmen der Gesundheitsf\u00f6rderung bieten die Berliner Aids Hilfein Zusammenarbeit mit Kai Ehrhardt einen 6-Tage Workshop mit 3 Termine zum Thema Chemsex an. Um das Programm und das Team kennen zu lernen und zu entscheiden, ob es das Richtige f\u00fcr dich ist, veranstalten wir am 2. September einen Infoabend.<\/p>\n<p>Infos zum Workshop:<\/p>\n<p>Im Rahmen der Gesundheitsf\u00f6rderung bieten die Berliner Aids Hilfein Zusammenarbeit mit Kai Ehrhardt einen 6-Tage Workshop mit 3 Termine zum Thema Chemsex an. Der kostenlose Workshop (3 Wochenende) richtet sich an schwule M\u00e4nner*, die Chemsex praktizieren und Abstinenz oder eine gr\u00f6\u00dfere Kontrolle \u00fcber ihren Substanzkonsum und ihre sexuelle Praxis anstreben.<\/p>\n<p>K\u00f6rpertherapeutische \u00dcbungen vermitteln praktische Erfahrungen und Einsicht in Themen wie K\u00f6rperwahrnehmung, K\u00f6rper & Emotionen, Kommunikation, Konflikterleben, Scham, pers\u00f6nliche Grenzen und ihre \u00dcberschreitung neben anderen. In Gespr\u00e4chen in der Gruppe werden die Erfahrungen aus der K\u00f6rperarbeit reflektiert, und Teilnehmer k\u00f6nnen eigene Anliegen und Erlebnisse besprechen. In kurzen Impulsvortr\u00e4gen werden Aspekte schwuler Sexualit\u00e4t und Sexkultur sowie zwischenmenschliche und intime Beziehungen thematisiert.<\/p>\n<p>Da wir Vertrauen zueinander aufbauen werden, ist ein Einstieg nach dem ersten Wochenende nicht mehr m\u00f6glich. Die Workshops bauen aufeinander auf. Wir bitten dich, zu den Terminen n\u00fcchtern zu sein.<\/p>\n<\/div>\n<\/div>\n<\/div>\n<\/div>\n<\/div>\n<\/div>\n<\/div>\n<\/div>\n\n\t\t<\/div>\n\t<\/div>\n\n\t<div class=\"wpb_text_column wpb_content_element\" >\n\t\t<div class=\"wpb_wrapper\">\n\t\t\t<div class=\"x11i5rnm xat24cr x1mh8g0r x1vvkbs xtlvy1s\">\n<div class=\"x11i5rnm xat24cr x1mh8g0r x1vvkbs xtlvy1s\">\n<div class=\"x11i5rnm xat24cr x1mh8g0r x1vvkbs xtlvy1s\">\n<div class=\"x11i5rnm xat24cr x1mh8g0r x1vvkbs xtlvy1s\">\n<div class=\"x11i5rnm xat24cr x1mh8g0r x1vvkbs xtlvy1s\">\n<div class=\"x11i5rnm xat24cr x1mh8g0r x1vvkbs xtlvy1s\">\n<div class=\"x11i5rnm xat24cr x1mh8g0r x1vvkbs xtlvy1s\">\n<div class=\"x11i5rnm xat24cr x1mh8g0r x1vvkbs xtlvy1s\">\ud83d\udccc Wichtig:<br \/>\n\u2022 Diese Gruppe besteht aus maximal 20 Teilnehmern, die sich im Voraus per E-Mail anmelden m\u00fcssen. ( info@wearevillage.org )<br \/>\n\u2022 Die Teilnahme ist kostenlos.<br \/>\n\u2022 Du m\u00fcsst Dich f\u00fcr die 3 Wochenenden verpflichten.<br \/>\n\u2022 Diese Workshop-Reihe wird in englischer Sprache abgehalten, um Menschen, die nicht flie\u00dfend Deutsch sprechen, den Zugang zum Programm zu bieten. Die n\u00e4chste deutschsprachige Reihe beginnt im Jahr 2024. (Februar \/ M\u00e4rz \/ April 2024).<br \/>\n\u2022 Dieses Programm ist speziell f\u00fcr schwule, bi & trans M\u00e4nner* konzipiert.<br \/>\n\u2022 wenn du beim Infoabend nicht teilnehmen kannst, sende uns deine Frage per E-Mail an info@wearevillage.org.<\/div>\n<\/div>\n<\/div>\n<\/div>\n<\/div>\n<\/div>\n<\/div>\n<\/div>\n\n\t\t<\/div>\n\t<\/div>\n\n\t<div class=\"wpb_text_column wpb_content_element\" >\n\t\t<div class=\"wpb_wrapper\">\n\t\t\t<div class=\"x11i5rnm xat24cr x1mh8g0r x1vvkbs xtlvy1s\">\n<div class=\"x11i5rnm xat24cr x1mh8g0r x1vvkbs xtlvy1s\">\n<div class=\"x11i5rnm xat24cr x1mh8g0r x1vvkbs xtlvy1s\">\n<p><span class=\"x3nfvp2 x1j61x8r x1fcty0u xdj266r xhhsvwb xat24cr xgzva0m xxymvpz xlup9mm x1kky2od\"><img loading=\"lazy\" decoding=\"async\" src=\"https:\/\/static.xx.fbcdn.net\/images\/emoji.php\/v9\/t2d\/1\/16\/1f4cd.png\" alt=\"\ud83d\udccd\" width=\"16\" height=\"16\" \/><\/span>\u00a0BAH Cafe Ulrich, Karl-Heinrich-Ulrichs-Stra\u00dfe 11, 10787 Berlin<\/p>\n<\/div>\n<\/div>\n<\/div>\n\n\t\t<\/div>\n\t<\/div>\n\n\t<div class=\"wpb_text_column wpb_content_element\" >\n\t\t<div class=\"wpb_wrapper\">\n\t\t\t<div class=\"x11i5rnm xat24cr x1mh8g0r x1vvkbs xtlvy1s\">\n<div class=\"x11i5rnm xat24cr x1mh8g0r x1vvkbs xtlvy1s\">\n<div class=\"x11i5rnm xat24cr x1mh8g0r x1vvkbs xtlvy1s\">\n<p><em><strong>Dieses Event wird auf Deutsch sein.\u00a0 <\/strong><\/em><em>Dieser Workshop ist eine Zusammenarbeit von we are village | queer matters & der Berliner Aidshilfe<\/em><\/p>\n<p><strong>Mit freundlicher Unterst\u00fctzung von<\/strong><br \/>\n<img loading=\"lazy\" decoding=\"async\" class=\"alignnone size-full wp-image-12045\" src=\"https:\/\/wearevillage.org\/wp-content\/uploads\/2023\/10\/Screenshot-2023-12-13-at-12.58.48.png\" alt=\"\" width=\"260\" height=\"43\" srcset=\"https:\/\/wearevillage.org\/wp-content\/uploads\/2023\/10\/Screenshot-2023-12-13-at-12.58.48.png 260w, https:\/\/wearevillage.org\/wp-content\/uploads\/2023\/10\/Screenshot-2023-12-13-at-12.58.48-150x25.png 150w\" sizes=\"auto, (max-width: 260px) 100vw, 260px\" \/><\/p>\n<\/div>\n<\/div>\n<\/div>\n\n\t\t<\/div>\n\t<\/div>\n<\/div><\/div><\/div><\/div>\n<\/div>","protected":false},"excerpt":{"rendered":"<h5><strong>Informationsveranstaltung<br \/>\n<\/strong><strong>Caf\u00e9 Ulrichs<\/strong><br \/>\n19:00 \u2013 21.00<br \/>\nEvent in Englisch<\/h5>\n<p class=\"p1\"><strong>| <span style=\"color: #ec6c23;\">GBTQ men*<\/span>\u00a0|<\/strong><\/p>\n<p><strong>Schritte zu N\u00e4he & Verbundenheit \/ Wissenswertes & praktische F\u00e4higkeiten f\u00fcr die Reise nach dem Chemsex mit Jan Gro\u00dfer und Kai Ehrhardt<br \/>\n<\/strong><br \/>\nIm Rahmen der Gesundheitsf\u00f6rderung bieten die Berliner Aids Hilfein Zusammenarbeit mit Kai Ehrhardt einen 6-Tage Workshop mit 3 Termine zum Thema Chemsex an. Um das Programm und das Team kennen zu lernen und zu entscheiden, ob es das Richtige f\u00fcr dich ist, veranstalten wir am 2. September einen Infoabend.<\/p>\n<p><span class=\"x3nfvp2 x1j61x8r x1fcty0u xdj266r xhhsvwb xat24cr xgzva0m xxymvpz xlup9mm x1kky2od\"><img loading=\"lazy\" decoding=\"async\" src=\"https:\/\/static.xx.fbcdn.net\/images\/emoji.php\/v9\/t2d\/1\/16\/1f4cd.png\" alt=\"\ud83d\udccd\" width=\"16\" height=\"16\" \/><\/span>\u00a0BAH Cafe Ulrich, Karl-Heinrich-Ulrichs-Stra\u00dfe 11, 10787 Berlin<\/p>\n","protected":false},"author":14,"featured_media":1829,"template":"","meta":{"pmpro_default_level":"","inline_featured_image":false},"product_brand":[],"product_cat":[83],"product_tag":[256],"class_list":{"0":"post-8279","1":"product","2":"type-product","3":"status-publish","4":"has-post-thumbnail","6":"product_cat-workshops","7":"product_tag-gbtq-men","8":"pmpro-has-access","10":"first","11":"outofstock","12":"purchasable","13":"product-type-variable"},"wpml_current_locale":"de_DE","wpml_translations":{"en_US":{"locale":"en_US","id":8280,"slug":"steps-toward-intimacy-connection-tools-practical-skills-for-the-journey-after-chemsex-kopie-2","post_title":"Info Event Way out Chemsex: tools & practical skills","href":"https:\/\/wearevillage.org\/en\/shop\/ways-out-of-chemsex\/w36"}},"language":{"code":"de","locale":"","name":"","is_rtl":false},"_links":{"self":[{"href":"https:\/\/wearevillage.org\/wp-json\/wp\/v2\/product\/8279","targetHints":{"allow":["GET"]}}],"collection":[{"href":"https:\/\/wearevillage.org\/wp-json\/wp\/v2\/product"}],"about":[{"href":"https:\/\/wearevillage.org\/wp-json\/wp\/v2\/types\/product"}],"author":[{"embeddable":true,"href":"https:\/\/wearevillage.org\/wp-json\/wp\/v2\/users\/14"}],"wp:featuredmedia":[{"embeddable":true,"href":"https:\/\/wearevillage.org\/wp-json\/wp\/v2\/media\/1829"}],"wp:attachment":[{"href":"https:\/\/wearevillage.org\/wp-json\/wp\/v2\/media?parent=8279"}],"wp:term":[{"taxonomy":"product_brand","embeddable":true,"href":"https:\/\/wearevillage.org\/wp-json\/wp\/v2\/product_brand?post=8279"},{"taxonomy":"product_cat","embeddable":true,"href":"https:\/\/wearevillage.org\/wp-json\/wp\/v2\/product_cat?post=8279"},{"taxonomy":"product_tag","embeddable":true,"href":"https:\/\/wearevillage.org\/wp-json\/wp\/v2\/product_tag?post=8279"}],"curies":[{"name":"wp","href":"https:\/\/api.w.org\/{rel}","templated":true}]}}