{"id":8294,"date":"2023-08-04T16:56:11","date_gmt":"2023-08-04T14:56:11","guid":{"rendered":"https:\/\/wearevillage.org\/?post_type=product&#038;p=8294"},"modified":"2023-09-27T18:04:42","modified_gmt":"2023-09-27T16:04:42","slug":"once-upon-a-shlong","status":"publish","type":"product","link":"https:\/\/wearevillage.org\/shop\/once-upon-a-shlong\/w42\/","title":{"rendered":"Once upon a shlong: The Musical Madness"},"content":{"rendered":"<div class=\"wpb-content-wrapper\"><div class=\"vc_row wpb_row vc_row-fluid\"><div class=\"wpb_column vc_column_container vc_col-sm-2\"><div class=\"vc_column-inner\"><div class=\"wpb_wrapper\"><\/div><\/div><\/div><\/div><div class=\"vc_row wpb_row vc_row-fluid\"><div class=\"wpb_column vc_column_container vc_col-sm-12\"><div class=\"vc_column-inner\"><div class=\"wpb_wrapper\"><h4 style=\"text-align: left\" class=\"vc_custom_heading vc_do_custom_heading\" >Once upon a schlong: The Musical Madness<\/h4><h5 style=\"text-align: left\" class=\"vc_custom_heading vc_do_custom_heading\" >Storytelling Workshop mit ANALI GOLDBERG alias Ariel Nil Levy alias Grandma<\/h5>\n\t<div class=\"wpb_text_column wpb_content_element\" >\n\t\t<div class=\"wpb_wrapper\">\n\t\t\t<div class=\"x11i5rnm xat24cr x1mh8g0r x1vvkbs xtlvy1s\">\n<div class=\"x11i5rnm xat24cr x1mh8g0r x1vvkbs xtlvy1s\">\n<div class=\"x11i5rnm xat24cr x1mh8g0r x1vvkbs xtlvy1s\">\n<p>Bist du ein Musikliebhaber mit einer Vorliebe f\u00fcr schlechten Geschmack?<\/p>\n<p>Wir stellen eine Reihe von vier Workshops vor: \u201eOnce upon a schlong (Super Creative Heroic Legendary Object of Infinite Grandeur): The Musical Madness\u201c<\/p>\n<p>Im Laufe von vier Treffen werden wir unsere kreativen Energien b\u00fcndeln, in dramatische Momente eintauchen, einzigartige Kost\u00fcme und Per\u00fccken anziehen und unsere wildesten Ideen teilen, um ein einzigartiges Musical zu kreieren.<\/p>\n<p>Die Zeit wird zeigen, was passiert wenn wir in unsere Kreativit\u00e4t eintauchen. Unsere Workshops zielen darauf ab, eure Inspiration zu entfachen. In nur vier Sitzungen wagen wir uns in unerforschte Gebiete vor und verschieben die Grenzen der musikalischen Kreation.<\/p>\n<p>Stell dir vor, du k\u00f6nntest in Sekundenschnelle eine komplette Geschichte erschaffen. Gemeinsam nehmen wir diese Herausforderung an und f\u00fchren unsere Kreationen auf, um die Magie des improvisierten Geschichtenerz\u00e4hlens zu feiern.<\/p>\n<p>Bei diesem Workshop geht es nicht nur darum, etwas zu lernen; es ist eine aufregende Reise! Entdecke das verborgene Potenzial deiner Vorstellungskraft, w\u00e4hrend wir uns in die Kreativit\u00e4t vertiefen.<\/p>\n<p>Wir mischen Humor, Exzentrik und Elan, um ein Musical zu kreieren, das sich \u00fcber Konventionen hinwegsetzt und Freude verbreitet. Lasst euch von eurer Liebe f\u00fcr Musicals anstecken und lasst uns gemeinsam Geschichte schreiben!<\/p>\n<p>Vergesst nicht, dass unser musikalisches Meisterwerk w\u00e4hrend unserer vierten Sitzung am 21. Januar um 17 Uhr vorgestellt wird.<\/p>\n<\/div>\n<p>Voranmeldung unter: events@wearevillage.org<\/p>\n<\/div>\n<\/div>\n\n\t\t<\/div>\n\t<\/div>\n\n\t<div class=\"wpb_text_column wpb_content_element\" >\n\t\t<div class=\"wpb_wrapper\">\n\t\t\t\n\t\t<\/div>\n\t<\/div>\n<\/div><\/div><\/div><\/div>\n<\/div>","protected":false},"excerpt":{"rendered":"<h5>14:30 \u2013 17:00<br \/>\nKostenlose Veranstaltung<\/h5>\n<p class=\"p1\"><strong>| <span style=\"color: #ec6c23;\">LGBTQIA+ <\/span>|\u00a0<\/strong><\/p>\n<p>Wir stellen eine Reihe von vier Workshops vor: \u201eOnce upon a schlong (Super Creative Heroic Legendary Object of Infinite Grandeur): The Musical Madness\u201c<\/p>\n<p>Im Laufe von vier Treffen werden wir unsere kreativen Energien b\u00fcndeln, in dramatische Momente eintauchen, einzigartige Kost\u00fcme und Per\u00fccken anziehen und unsere wildesten Ideen teilen, um ein einzigartiges Musical zu kreieren.<\/p>\n<p>Voranmeldung erw\u00fcnscht: <span id=\"wpmt-561075-709610\">events@wearevillage.org<\/span><\/p>\n","protected":false},"author":14,"featured_media":8520,"template":"","meta":{"pmpro_default_level":"","inline_featured_image":false},"product_brand":[],"product_cat":[77,80],"product_tag":[469],"class_list":{"0":"post-8294","1":"product","2":"type-product","3":"status-publish","4":"has-post-thumbnail","6":"product_cat-community-events","7":"product_cat-queer-matters","8":"product_tag-lgbtqiaplus","9":"pmpro-has-access","11":"first","12":"outofstock","13":"purchasable","14":"product-type-variable"},"wpml_current_locale":"de_DE","wpml_translations":{"en_US":{"locale":"en_US","id":8295,"slug":"wearable-quilted-identities-kopie","post_title":"Once upon a shlong: The Musical Madness","href":"https:\/\/wearevillage.org\/en\/shop\/once-upon-a-shlong\/w42"}},"language":{"code":"de","locale":"","name":"","is_rtl":false},"_links":{"self":[{"href":"https:\/\/wearevillage.org\/wp-json\/wp\/v2\/product\/8294","targetHints":{"allow":["GET"]}}],"collection":[{"href":"https:\/\/wearevillage.org\/wp-json\/wp\/v2\/product"}],"about":[{"href":"https:\/\/wearevillage.org\/wp-json\/wp\/v2\/types\/product"}],"author":[{"embeddable":true,"href":"https:\/\/wearevillage.org\/wp-json\/wp\/v2\/users\/14"}],"wp:featuredmedia":[{"embeddable":true,"href":"https:\/\/wearevillage.org\/wp-json\/wp\/v2\/media\/8520"}],"wp:attachment":[{"href":"https:\/\/wearevillage.org\/wp-json\/wp\/v2\/media?parent=8294"}],"wp:term":[{"taxonomy":"product_brand","embeddable":true,"href":"https:\/\/wearevillage.org\/wp-json\/wp\/v2\/product_brand?post=8294"},{"taxonomy":"product_cat","embeddable":true,"href":"https:\/\/wearevillage.org\/wp-json\/wp\/v2\/product_cat?post=8294"},{"taxonomy":"product_tag","embeddable":true,"href":"https:\/\/wearevillage.org\/wp-json\/wp\/v2\/product_tag?post=8294"}],"curies":[{"name":"wp","href":"https:\/\/api.w.org\/{rel}","templated":true}]}}