{"id":8311,"date":"2023-08-08T09:43:53","date_gmt":"2023-08-08T07:43:53","guid":{"rendered":"https:\/\/wearevillage.org\/?post_type=product&#038;p=8311"},"modified":"2024-02-03T10:04:16","modified_gmt":"2024-02-03T09:04:16","slug":"stretch-festival","status":"publish","type":"product","link":"https:\/\/wearevillage.org\/shop\/stretch-festival\/w14\/2024\/","title":{"rendered":"Stretch Festival"},"content":{"rendered":"<div class=\"wpb-content-wrapper\"><div class=\"vc_row wpb_row vc_row-fluid\"><div class=\"wpb_column vc_column_container vc_col-sm-12\"><div class=\"vc_column-inner\"><div class=\"wpb_wrapper\"><h4 style=\"text-align: left\" class=\"vc_custom_heading vc_do_custom_heading\" >Stretch Festival<\/h4><h5 style=\"text-align: left\" class=\"vc_custom_heading vc_do_custom_heading\" >Stretch Festival Team<\/h5>\n\t<div class=\"wpb_text_column wpb_content_element\" >\n\t\t<div class=\"wpb_wrapper\">\n\t\t\t<div class=\"x11i5rnm xat24cr x1mh8g0r x1vvkbs xtlvy1s\">\n<div>Das\u00a0<span class=\"wixui-rich-text__text\">STRETCH FESTIVAL<\/span>\u00a0ist ein Wochenendfestival f\u00fcr schwule, bisexuelle, trans und queere M\u00e4nner* und Menschen, die sich irgendwo auf dem Spektrum von m\u00e4nnlich-fluid bis nicht-bin\u00e4r identifizieren. Wir hei\u00dfen alle K\u00f6rper, Hintergr\u00fcnde und Identit\u00e4ten innerhalb dieses gr\u00f6\u00dferen und nicht so definierbaren Containers von queeren M\u00e4nnlichkeiten willkommen.<\/div>\n<div><\/div>\n<div>Experten, Praktiker, Therapeuten, Heiler, Rebellen und K\u00fcnstler laden euch zu dieser einzigartigen Zusammenkunft ein. Lasst uns eine F\u00fclle von Angeboten aus den Bereichen K\u00f6rperarbeit, Achtsamkeit, Kunst, Bewegung, Sexualit\u00e4t, Psychologie, Spiritualit\u00e4t, Gender, Identit\u00e4t, Ritual, Performance und sozialem Engagement erkunden.<\/div>\n<div><\/div>\n<div>Die Teilnehmer k\u00f6nnen ihre Reise aus 36 Workshops, Vortr\u00e4gen und Erkundungen zusammenstellen, um eine seelenvollere und spielerischere Verbindung zueinander und zum Leben selbst zu erforschen und zu inspirieren.<\/div>\n<div><\/div>\n<div>\n<p>Au\u00dferhalb der Workshops habt ihr die M\u00f6glichkeit, Kontakte zu kn\u00fcpfen, euch zu unterhalten oder den Austausch mit Menschen aus vielen verschiedenen L\u00e4ndern zu vertiefen.<\/p>\n<\/div>\n<div>Wir freuen uns darauf, euch willkommen zu hei\u00dfen!r \u2764\ufe0f \u2764\ufe0f<\/div>\n<\/div>\n\n\t\t<\/div>\n\t<\/div>\n\n\t<div class=\"wpb_text_column wpb_content_element\" >\n\t\t<div class=\"wpb_wrapper\">\n\t\t\t<div class=\"x11i5rnm xat24cr x1mh8g0r x1vvkbs xtlvy1s\"><strong>Teampr\u00e4sentation und detailliertes Programm auf der Festival-Website <a class=\"_ps2id\" href=\"https:\/\/www.stretch.berlin\" data-ps2id-offset=\"\">www.stretch.berlin<\/a><\/strong><\/div>\n<div class=\"x11i5rnm xat24cr x1mh8g0r x1vvkbs xtlvy1s\">\n<p><em>Stretch Festival wird von Teilnehmern aus allen L\u00e4ndern besucht, daher werden die Kurse haupts\u00e4chlich auf Englisch gehalten. <\/em><em>Falls die Sprache ein Problem sein sollte, nimm bitte Kontakt mit uns auf.<\/em><\/p>\n<\/div>\n<p><em>Stretch Festival findet dieses Mal in der <strong><a href=\"https:\/\/www.tanzfabrik-berlin.de\/de\/standorte\">TANZFABRIK<\/a> (Kreuzberg) <\/strong>statt<\/em><\/p>\n\n\t\t<\/div>\n\t<\/div>\n<\/div><\/div><\/div><\/div>\n<\/div>","protected":false},"excerpt":{"rendered":"<p class=\"p1\"><strong>Sensual | Experimental | Spiritual<br \/>\n<a class=\"_ps2id\" href=\"https:\/\/www.stretch.berlin\" data-ps2id-offset=\"\">www.stretch.berlin<\/a><br \/>\n<\/strong><\/p>\n<p><strong>AUSVERKAUFT<\/strong>, du kannst dich der Warteliste mit einer Mail an <strong>events@wearevillage.org<\/strong> anschlie\u00dfen.<\/p>\n<p><strong>| <span style=\"color: #ec6c23;\">GBTQ men*<\/span>\u00a0|<\/strong><\/p>\n<p>Das\u00a0<span class=\"wixui-rich-text__text\">STRETCH FESTIVAL<\/span>\u00a0ist ein Wochenendfestival f\u00fcr schwule, bisexuelle, trans und queere M\u00e4nner* und Menschen, die sich irgendwo auf dem Spektrum von m\u00e4nnlich-fluid bis nicht-bin\u00e4r identifizieren. Wir hei\u00dfen alle K\u00f6rper, Hintergr\u00fcnde und Identit\u00e4ten innerhalb dieses gr\u00f6\u00dferen und nicht so definierbaren Containers von queeren M\u00e4nnlichkeiten willkommen.<\/p>\n","protected":false},"author":14,"featured_media":8349,"template":"","meta":{"pmpro_default_level":"","inline_featured_image":false},"product_brand":[],"product_cat":[78],"product_tag":[256],"class_list":{"0":"post-8311","1":"product","2":"type-product","3":"status-publish","4":"has-post-thumbnail","6":"product_cat-festivals","7":"product_tag-gbtq-men","8":"pmpro-has-access","10":"first","11":"outofstock","12":"purchasable","13":"product-type-variable"},"wpml_current_locale":"de_DE","wpml_translations":{"en_US":{"locale":"en_US","id":8317,"slug":"stretch-festival-imagine-kopie","post_title":"Stretch Festival","href":"https:\/\/wearevillage.org\/en\/shop\/stretch-festival\/w14\/2024"}},"language":{"code":"de","locale":"","name":"","is_rtl":false},"_links":{"self":[{"href":"https:\/\/wearevillage.org\/wp-json\/wp\/v2\/product\/8311","targetHints":{"allow":["GET"]}}],"collection":[{"href":"https:\/\/wearevillage.org\/wp-json\/wp\/v2\/product"}],"about":[{"href":"https:\/\/wearevillage.org\/wp-json\/wp\/v2\/types\/product"}],"author":[{"embeddable":true,"href":"https:\/\/wearevillage.org\/wp-json\/wp\/v2\/users\/14"}],"wp:featuredmedia":[{"embeddable":true,"href":"https:\/\/wearevillage.org\/wp-json\/wp\/v2\/media\/8349"}],"wp:attachment":[{"href":"https:\/\/wearevillage.org\/wp-json\/wp\/v2\/media?parent=8311"}],"wp:term":[{"taxonomy":"product_brand","embeddable":true,"href":"https:\/\/wearevillage.org\/wp-json\/wp\/v2\/product_brand?post=8311"},{"taxonomy":"product_cat","embeddable":true,"href":"https:\/\/wearevillage.org\/wp-json\/wp\/v2\/product_cat?post=8311"},{"taxonomy":"product_tag","embeddable":true,"href":"https:\/\/wearevillage.org\/wp-json\/wp\/v2\/product_tag?post=8311"}],"curies":[{"name":"wp","href":"https:\/\/api.w.org\/{rel}","templated":true}]}}