{"id":8398,"date":"2023-08-15T16:28:34","date_gmt":"2023-08-15T14:28:34","guid":{"rendered":"https:\/\/wearevillage.org\/?post_type=product&#038;p=8398"},"modified":"2023-08-15T16:36:04","modified_gmt":"2023-08-15T14:36:04","slug":"village-book-club-3","status":"publish","type":"product","link":"https:\/\/wearevillage.org\/shop\/book-club\/w41\/","title":{"rendered":"Village Book Club"},"content":{"rendered":"<div class=\"wpb-content-wrapper\"><div class=\"vc_row wpb_row vc_row-fluid\"><div class=\"wpb_column vc_column_container vc_col-sm-10\"><div class=\"vc_column-inner\"><div class=\"wpb_wrapper\"><\/div><\/div><\/div><div class=\"wpb_column vc_column_container vc_col-sm-2\"><div class=\"vc_column-inner\"><div class=\"wpb_wrapper\"><\/div><\/div><\/div><\/div><div class=\"vc_row wpb_row vc_row-fluid\"><div class=\"wpb_column vc_column_container vc_col-sm-12\"><div class=\"vc_column-inner\"><div class=\"wpb_wrapper\"><h4 style=\"text-align: left\" class=\"vc_custom_heading vc_do_custom_heading\" >Village Book Club \u2013 \u201cFabulosa! The Story of Polari, Britain\u2019s Secret Gay Language\u201d \/\/ Paul Baker (2019) <\/h4><h5 style=\"text-align: left\" class=\"vc_custom_heading vc_do_custom_heading\" >Moderator: Marco Astolfi<\/h5>\n\t<div class=\"wpb_text_column wpb_content_element\" >\n\t\t<div class=\"wpb_wrapper\">\n\t\t\t<div class=\"page\" title=\"Page 1\">\n<div class=\"section\">\n<div class=\"layoutArea\">\n<div class=\"column\">\n<div class=\"page\" title=\"Page 1\">\n<div class=\"section\">\n<div class=\"layoutArea\">\n<div class=\"column\">\n<p>\u201c<em>How bona to vada your dolly old eke!<\/em>\u201d\u00a0Polari ist eine Sprache, die in der ersten H\u00e4lfte des zwanzigsten Jahrhunderts vor allem von schwulen M\u00e4nnern verwendet wurde. In einer Zeit, in der Schwulsein strafrechtliche Verfolgung \u2013 oder Schlimmeres \u2013 nach sich ziehen konnte, bot sie ihren Sprechern eine gewisse \u00f6ffentliche Tarnung und ein Mittel zur Identifizierung. Seine Wurzeln sind bunt und vielf\u00e4ltig \u2013 von Diebeskant \u00fcber Lingua Franca bis hin zu Zirkus-, Theater- und Handelsmarine-Slang. Schwule konnten sich damit nicht nur im hellen Tageslicht verstecken, sondern auch \u00fcber ihre eigenen Schw\u00e4chen lachen, aus Trag\u00f6dien Hoffnung sch\u00f6pfen und im Angesicht von Grausamkeiten Humor sehen.<\/p>\n<p>Der Wissenschaftler Paul Baker zeichnet die geschichtlichen Urspr\u00fcnge des Polari nach, beschreibt seine sprachlichen Grundlagen, erforscht die Art und Weise und das Umfeld, in dem es gesprochen wurde, erkl\u00e4rt die Gr\u00fcnde f\u00fcr seinen Niedergang und erz\u00e4hlt von seinem unwahrscheinlichen Wiederauftauchen im einundzwanzigsten Jahrhundert. Das Buch enth\u00e4lt Ausschnitte aus Interviews mit einer Reihe von Polari-Sprechern, Dragqueens, Matrosen und Macho-Klonen.<\/p>\n<p>Viel Freude beim Lesen!<\/p>\n<\/div>\n<\/div>\n<\/div>\n<\/div>\n<\/div>\n<\/div>\n<\/div>\n<\/div>\n\n\t\t<\/div>\n\t<\/div>\n\n\t<div class=\"wpb_text_column wpb_content_element\" >\n\t\t<div class=\"wpb_wrapper\">\n\t\t\t<div class=\"page\" title=\"Page 1\">\n<div class=\"section\">\n<div class=\"layoutArea\">\n<div class=\"column\">\n<div class=\"page\" title=\"Page 1\">\n<div class=\"section\">\n<div class=\"layoutArea\">\n<div class=\"column\">\n<p><strong>\u00dcber den Village Book Club<br \/>\n<\/strong>B\u00fccherliebhaber und Leseratten treffen sich alle zwei Monate, um Literatur und Sachb\u00fccher (Romane, Biografien und Essays) zu besprechen, die sich mit GBTQ-Themen und -Pers\u00f6nlichkeiten befassen oder damit in Zusammenhang stehen.<\/p>\n<p>In Voraussicht auf aufschlussreiche Diskussionen w\u00e4hlen wir das n\u00e4chste Buch zwei Monate im Voraus aus. Die Diskussion am Abend findet in englischer Sprache statt.<\/p>\n<\/div>\n<\/div>\n<\/div>\n<\/div>\n<\/div>\n<\/div>\n<\/div>\n<\/div>\n\n\t\t<\/div>\n\t<\/div>\n<\/div><\/div><\/div><\/div>\n<\/div>","protected":false},"excerpt":{"rendered":"<h5>Dienstags (jeden zweiten Monat)<br \/>\n20:00 \u2013 22:30<br \/>\nEintritt frei<\/h5>\n<p class=\"p1\"><strong>| <span style=\"color: #ec6c23;\">GBTQ men*<\/span>\u00a0|<\/strong><\/p>\n<p>\u201c<em>How bona to vada your dolly old eke!<\/em>\u201d\u00a0Polari ist eine Sprache, die in der ersten H\u00e4lfte des zwanzigsten Jahrhunderts vor allem von schwulen M\u00e4nnern verwendet wurde. In einer Zeit, in der Schwulsein strafrechtliche Verfolgung \u2013 oder Schlimmeres \u2013 nach sich ziehen konnte, bot sie ihren Sprechern eine gewisse \u00f6ffentliche Tarnung und ein Mittel zur Identifizierung.<\/p>\n<p>\u201cFabulosa! The Story of Polari, Britain\u2019s Secret Gay Language\u201d von Paul Baker (2019)<\/p>\n","protected":false},"author":14,"featured_media":8401,"template":"","meta":{"pmpro_default_level":"","inline_featured_image":false},"product_brand":[],"product_cat":[77,79],"product_tag":[256],"class_list":{"0":"post-8398","1":"product","2":"type-product","3":"status-publish","4":"has-post-thumbnail","6":"product_cat-community-events","7":"product_cat-monatliche-events","8":"product_tag-gbtq-men","9":"pmpro-has-access","11":"first","12":"outofstock","13":"purchasable","14":"product-type-variable"},"wpml_current_locale":"de_DE","wpml_translations":{"en_US":{"locale":"en_US","id":8399,"slug":"village-book-club-kopie-2","post_title":"Village Book Club","href":"https:\/\/wearevillage.org\/en\/shop\/book-club\/w41"}},"language":{"code":"de","locale":"","name":"","is_rtl":false},"_links":{"self":[{"href":"https:\/\/wearevillage.org\/wp-json\/wp\/v2\/product\/8398","targetHints":{"allow":["GET"]}}],"collection":[{"href":"https:\/\/wearevillage.org\/wp-json\/wp\/v2\/product"}],"about":[{"href":"https:\/\/wearevillage.org\/wp-json\/wp\/v2\/types\/product"}],"author":[{"embeddable":true,"href":"https:\/\/wearevillage.org\/wp-json\/wp\/v2\/users\/14"}],"wp:featuredmedia":[{"embeddable":true,"href":"https:\/\/wearevillage.org\/wp-json\/wp\/v2\/media\/8401"}],"wp:attachment":[{"href":"https:\/\/wearevillage.org\/wp-json\/wp\/v2\/media?parent=8398"}],"wp:term":[{"taxonomy":"product_brand","embeddable":true,"href":"https:\/\/wearevillage.org\/wp-json\/wp\/v2\/product_brand?post=8398"},{"taxonomy":"product_cat","embeddable":true,"href":"https:\/\/wearevillage.org\/wp-json\/wp\/v2\/product_cat?post=8398"},{"taxonomy":"product_tag","embeddable":true,"href":"https:\/\/wearevillage.org\/wp-json\/wp\/v2\/product_tag?post=8398"}],"curies":[{"name":"wp","href":"https:\/\/api.w.org\/{rel}","templated":true}]}}