{"id":8536,"date":"2023-09-04T18:29:10","date_gmt":"2023-09-04T16:29:10","guid":{"rendered":"https:\/\/wearevillage.org\/?post_type=product&#038;p=8536"},"modified":"2023-09-04T18:29:41","modified_gmt":"2023-09-04T16:29:41","slug":"queer-needlework-circle-8","status":"publish","type":"product","link":"https:\/\/wearevillage.org\/shop\/queer-needlework-circle\/37\/","title":{"rendered":"Queer Needlework Circle"},"content":{"rendered":"<div class=\"wpb-content-wrapper\"><div class=\"vc_row wpb_row vc_row-fluid\"><div class=\"wpb_column vc_column_container vc_col-sm-2\"><div class=\"vc_column-inner\"><div class=\"wpb_wrapper\"><\/div><\/div><\/div><\/div><div class=\"vc_row wpb_row vc_row-fluid\"><div class=\"wpb_column vc_column_container vc_col-sm-12\"><div class=\"vc_column-inner\"><div class=\"wpb_wrapper\"><h4 style=\"text-align: left\" class=\"vc_custom_heading vc_do_custom_heading\" >Queer Needlework Circle<\/h4><h5 style=\"text-align: left\" class=\"vc_custom_heading vc_do_custom_heading\" >Marcel\/ Marci<\/h5>\n\t<div class=\"wpb_text_column wpb_content_element\" >\n\t\t<div class=\"wpb_wrapper\">\n\t\t\t<div class=\"x11i5rnm xat24cr x1mh8g0r x1vvkbs xtlvy1s\">\n<div class=\"x11i5rnm xat24cr x1mh8g0r x1vvkbs xtlvy1s\">\n<div class=\"x11i5rnm xat24cr x1mh8g0r x1vvkbs xtlvy1s\">\n<p>Der Q<s>u<\/s>eer Needlework Circle ist eine unabh\u00e4ngige Gruppe von LGBTQIA+ \u2013 TextilnadelarbeiterInnen, die sich in regelm\u00e4\u00dfig Treffen um gemeinsam verschiedene Techniken aus zu tauschen und kreativ miteinander zu arbeiten.<\/p>\n<p>Anfang 2023 gr\u00fcndete Artist Theodorus Johannes den Queer Needle Circle. Hier entstanden unterschiedliche k\u00fcnstlerische, handwerkliche Projekte.<\/p>\n<p>Dieser Circle wird jetzt weiter gef\u00fchrt mit Unterst\u00fctzung von Marcel\/ Marci.<\/p>\n<p>Trete unserem Circle bei!<\/p>\n<p>Wir treffen uns w\u00f6chentlich, um uns \u00fcber textile Handarbeiten auszutauschen.\u00a0Denk zum Beispiel an Sticken, Stricken, H\u00e4keln, Weben, N\u00e4hen, Quilten oder Patchwork. Und auch andere Treffen sind m\u00f6glich, wenn es um Material Beschaffung geht bei einer gemeinsamen Shopping Tour zb.<\/p>\n<p>Jede\/r, die \/der ein Nadel\u00f6hr einf\u00e4deln kann und sich innerhalb des LGBTQIA+ identifiziert, wird ermutigt, an unseren Veranstaltungen teilzunehmen.\u00a0Die Teilnahme ist kostenlos und uneingeschr\u00e4nkt.\u00a0In jeder Ausgabe des Queer Needlework Circle wird ein\/e TeilnehmerIn gebeten, der Gruppe in Form eines Workshops eine Technik zu vermitteln.\u00a0Du kannst auch ein bestehendes Bastelprojekt mitbringen, um daran weiterzuarbeiten.<\/p>\n<p>Was im Kreis passiert, bleibt im Kreis, gemeinsam arbeiten wir daran, einen sicheren Ort f\u00fcr uns und andere zu schaffen.<\/p>\n<p>M\u00f6chtest du dich anschlie\u00dfen?\u00a0Dann schick uns eine E-Mail, um Zugang zu unserer Telegramm-Gruppe zu erhalten. <a href=\"mailto:events@wearevillage.org\" target=\"_blank\" rel=\"noopener\">events@wearevillage.org<\/a><\/p>\n<\/div>\n<\/div>\n<\/div>\n\n\t\t<\/div>\n\t<\/div>\n\n\t<div class=\"wpb_text_column wpb_content_element\" >\n\t\t<div class=\"wpb_wrapper\">\n\t\t\t<div class=\"x11i5rnm xat24cr x1mh8g0r x1vvkbs xtlvy1s\">\n<div class=\"x11i5rnm xat24cr x1mh8g0r x1vvkbs xtlvy1s\">\n<div class=\"x11i5rnm xat24cr x1mh8g0r x1vvkbs xtlvy1s\">\n<p>Marcels\/Marcies Muttersprache ist Deutsch. Englisch ist willkommen.<\/p>\n<\/div>\n<\/div>\n<\/div>\n\n\t\t<\/div>\n\t<\/div>\n<\/div><\/div><\/div><\/div>\n<\/div>","protected":false},"excerpt":{"rendered":"<h5>Mittwochs<br \/>\n19:30 \u2013 22:00<br \/>\nkostenlos<\/h5>\n<p class=\"p1\"><strong>| <span style=\"color: #ec6c23;\">LGBTQI+ Friends<\/span>|\u00a0<\/strong><\/p>\n<p>Der Queer Needlework Circle ist eine unabh\u00e4ngige Gruppe von LGBTQIA+ \u2013 TextilnadelarbeiterInnen, die sich in regelm\u00e4\u00dfig Treffen um gemeinsam verschiedene Handarbeitstechniken aus zu tauschen und kreativ miteinander zu arbeiten.<\/p>\n","protected":false},"author":14,"featured_media":7898,"template":"","meta":{"pmpro_default_level":"","inline_featured_image":false},"product_brand":[],"product_cat":[77,80],"product_tag":[469],"class_list":{"0":"post-8536","1":"product","2":"type-product","3":"status-publish","4":"has-post-thumbnail","6":"product_cat-community-events","7":"product_cat-queer-matters","8":"product_tag-lgbtqiaplus","9":"pmpro-has-access","11":"first","12":"outofstock","13":"purchasable","14":"product-type-variable"},"wpml_current_locale":"de_DE","wpml_translations":{"en_US":{"locale":"en_US","id":8537,"slug":"queer-needlework-circle-kopie-8","post_title":"Queer Needlework Circle","href":"https:\/\/wearevillage.org\/en\/shop\/queer-needlework-circle\/37"}},"language":{"code":"de","locale":"","name":"","is_rtl":false},"_links":{"self":[{"href":"https:\/\/wearevillage.org\/wp-json\/wp\/v2\/product\/8536","targetHints":{"allow":["GET"]}}],"collection":[{"href":"https:\/\/wearevillage.org\/wp-json\/wp\/v2\/product"}],"about":[{"href":"https:\/\/wearevillage.org\/wp-json\/wp\/v2\/types\/product"}],"author":[{"embeddable":true,"href":"https:\/\/wearevillage.org\/wp-json\/wp\/v2\/users\/14"}],"wp:featuredmedia":[{"embeddable":true,"href":"https:\/\/wearevillage.org\/wp-json\/wp\/v2\/media\/7898"}],"wp:attachment":[{"href":"https:\/\/wearevillage.org\/wp-json\/wp\/v2\/media?parent=8536"}],"wp:term":[{"taxonomy":"product_brand","embeddable":true,"href":"https:\/\/wearevillage.org\/wp-json\/wp\/v2\/product_brand?post=8536"},{"taxonomy":"product_cat","embeddable":true,"href":"https:\/\/wearevillage.org\/wp-json\/wp\/v2\/product_cat?post=8536"},{"taxonomy":"product_tag","embeddable":true,"href":"https:\/\/wearevillage.org\/wp-json\/wp\/v2\/product_tag?post=8536"}],"curies":[{"name":"wp","href":"https:\/\/api.w.org\/{rel}","templated":true}]}}