{"id":8712,"date":"2023-09-26T15:10:17","date_gmt":"2023-09-26T13:10:17","guid":{"rendered":"https:\/\/wearevillage.org\/?post_type=product&#038;p=8712"},"modified":"2023-11-22T13:59:48","modified_gmt":"2023-11-22T12:59:48","slug":"city-tour-berlins-queer-trans-history","status":"publish","type":"product","link":"https:\/\/wearevillage.org\/shop\/village-outdoor\/w45\/","title":{"rendered":"Bike City Tour \u2013 Berlin\u2019s Queer & Trans History"},"content":{"rendered":"<div class=\"wpb-content-wrapper\"><div class=\"vc_row wpb_row vc_row-fluid\"><div class=\"wpb_column vc_column_container vc_col-sm-10\"><div class=\"vc_column-inner\"><div class=\"wpb_wrapper\"><\/div><\/div><\/div><div class=\"wpb_column vc_column_container vc_col-sm-2\"><div class=\"vc_column-inner\"><div class=\"wpb_wrapper\"><\/div><\/div><\/div><\/div><div class=\"vc_row wpb_row vc_row-fluid\"><div class=\"wpb_column vc_column_container vc_col-sm-12\"><div class=\"vc_column-inner\"><div class=\"wpb_wrapper\"><h4 style=\"text-align: left\" class=\"vc_custom_heading vc_do_custom_heading\" >Bike City Tour - Berlin's Queer & Trans History<\/h4><h5 style=\"text-align: left\" class=\"vc_custom_heading vc_do_custom_heading\" >mit Jeff Mannes<\/h5>\n\t<div class=\"wpb_text_column wpb_content_element\" >\n\t\t<div class=\"wpb_wrapper\">\n\t\t\t<div class=\"x11i5rnm xat24cr x1mh8g0r x1vvkbs xtlvy1s\">\n<div class=\"x11i5rnm xat24cr x1mh8g0r x1vvkbs xtlvy1s\">\n<div class=\"x11i5rnm xat24cr x1mh8g0r x1vvkbs xtlvy1s\">\n<div class=\"x11i5rnm xat24cr x1mh8g0r x1vvkbs xtlvy1s\">\n<p>Schon in den 1920er Jahren war Berlin die queere Hauptstadt Europas. Stadtf\u00fchrer Jeff Mannes verr\u00e4t, warum.<\/p>\n<p>Die Urspr\u00fcnge der weltweit modernen LGBTQIA+-Identit\u00e4tsbewegung liegen in Berlin. Verfolge unsere Geschichte zur\u00fcck, um besser zu verstehen, woher wir kommen.<\/p>\n<p>Zu Tode gepr\u00fcgelt. Zu Tode geschwiegen. Queere und trans Geschichte wird oft ignoriert und absichtlich vergessen, und das hat seinen Grund: Menschen, die ihre Geschichte nicht kennen, sind leichter zu diskriminieren. Durchbrich den Kreislauf der Ignoranz und lerne die Geschichte unserer Bewegung kennen.<\/p>\n<p>Erfahre, wer die Begriffe \u201eTransvestit\u201c und \u201eTranssexualismus\u201c gepr\u00e4gt hat. Entdecke die sogenannten \u201eTransvestiten-Zertifikate\u201c und die Geschichte von Lili Elbe, Dora Richter und Karl M. Baer, die weltweit ersten trans Menschen, die sich einer geschlechtsangleichenden Operation unterzogen.<\/p>\n<p>Lerne die Theorie des Sexualwissenschaftlers Magnus Hirschfeld \u00fcber \u201esexuelle Zwischenstufen\u201c kennen und erfahre, warum die Welt heute ganz anders \u00fcber Gender und nicht-bin\u00e4re Identit\u00e4ten denken w\u00fcrde, wenn die Nazis diese junge Bewegung nicht zerst\u00f6rt h\u00e4tten.<\/p>\n<p>Entdecke das pulsierende lesbische Leben in den Wilden Zwanzigern und wie Marlene Dietrich den lesbischen Berliner Modestil international popularisierte. Lerne Deutschlands ber\u00fchmteste lesbische S\u00e4ngerin Claire Waldoff und die Geschichte der bisexuellen Schwarzen T\u00e4nzerin Josephine Baker kennen.<\/p>\n<\/div>\n<\/div>\n<\/div>\n<\/div>\n\n\t\t<\/div>\n\t<\/div>\n\n\t<div class=\"wpb_text_column wpb_content_element\" >\n\t\t<div class=\"wpb_wrapper\">\n\t\t\t<div class=\"x11i5rnm xat24cr x1mh8g0r x1vvkbs xtlvy1s\">\n<div class=\"x11i5rnm xat24cr x1mh8g0r x1vvkbs xtlvy1s\">\n<div class=\"x11i5rnm xat24cr x1mh8g0r x1vvkbs xtlvy1s\">\n<div class=\"x11i5rnm xat24cr x1mh8g0r x1vvkbs xtlvy1s\">\n<p>Fahrrad-Tour, Dauer: ca. 3,5\u00a0 Stunden<br \/>\nBitte bringt eigene Fahrr\u00e4der mit!<\/p>\n<p>Das Event ist kostenfrei.<\/p>\n<\/div>\n<p><strong>Bitte anmelden bis zum 10. November 16:00:<\/strong> Bitte melden Sie sich per E-Mail an <a href=\"mailto:events@wearevillage.org\">events@wearevillage.org<\/a><\/p>\n<p>Der Treffpunkt wird den angemeldeten Teilnehmern mitgeteilt.<\/p>\n<\/div>\n<p>Maximal 15 Teilnehmer*innen.<\/p>\n<\/div>\n<\/div>\n\n\t\t<\/div>\n\t<\/div>\n<\/div><\/div><\/div><\/div>\n<\/div>","protected":false},"excerpt":{"rendered":"<h5>Outdoor Event<br \/>\nBitte bringt eigene Fahrr\u00e4der mit.<\/h5>\n<h5>Anmeldung erforderlich, bis zum 10. November 16:00, unter events@wearevillage.org an, um Ihren Platz zu sichern.<br \/>\nDer Treffpunkt wird den angemeldeten Teilnehmern mitgeteilt.<\/h5>\n<h5>11:00-15:00<\/h5>\n<p class=\"p1\"><strong>| <span style=\"color: #ec6c23;\">LGBTQIA+<\/span>|<\/strong><\/p>\n<div class=\"x11i5rnm xat24cr x1mh8g0r x1vvkbs xtlvy1s\">\n<div class=\"x11i5rnm xat24cr x1mh8g0r x1vvkbs xtlvy1s\">\n<p>Schon in den 1920er Jahren war Berlin die queere Hauptstadt Europas. Auf der Stadtf\u00fchrung \u201eBerlin\u2019s Queer & Trans History\u201c wird dieser unglaubliche und spannende Teil der Berliner Geschichte, durch Autor und Stadtf\u00fchrer Jeff Mannes, wieder lebendig.<\/p>\n<p>Das Event ist kostenfrei.<\/p>\n<\/div>\n<\/div>\n","protected":false},"author":12,"featured_media":9212,"template":"","meta":{"pmpro_default_level":"","inline_featured_image":false},"product_brand":[],"product_cat":[77,769,79],"product_tag":[469],"class_list":{"0":"post-8712","1":"product","2":"type-product","3":"status-publish","4":"has-post-thumbnail","6":"product_cat-community-events","7":"product_cat-kostenloser-zugang","8":"product_cat-monatliche-events","9":"product_tag-lgbtqiaplus","10":"pmpro-has-access","12":"first","13":"outofstock","14":"purchasable","15":"product-type-variable"},"wpml_current_locale":"de_DE","wpml_translations":{"en_US":{"locale":"en_US","id":8713,"slug":"city-tour-berlins-history-of-sex-kopie-2","post_title":"Bike City Tour - Berlin's Queer & Trans History","href":"https:\/\/wearevillage.org\/en\/shop\/village-outdoor\/w45"}},"language":{"code":"de","locale":"","name":"","is_rtl":false},"_links":{"self":[{"href":"https:\/\/wearevillage.org\/wp-json\/wp\/v2\/product\/8712","targetHints":{"allow":["GET"]}}],"collection":[{"href":"https:\/\/wearevillage.org\/wp-json\/wp\/v2\/product"}],"about":[{"href":"https:\/\/wearevillage.org\/wp-json\/wp\/v2\/types\/product"}],"author":[{"embeddable":true,"href":"https:\/\/wearevillage.org\/wp-json\/wp\/v2\/users\/12"}],"wp:featuredmedia":[{"embeddable":true,"href":"https:\/\/wearevillage.org\/wp-json\/wp\/v2\/media\/9212"}],"wp:attachment":[{"href":"https:\/\/wearevillage.org\/wp-json\/wp\/v2\/media?parent=8712"}],"wp:term":[{"taxonomy":"product_brand","embeddable":true,"href":"https:\/\/wearevillage.org\/wp-json\/wp\/v2\/product_brand?post=8712"},{"taxonomy":"product_cat","embeddable":true,"href":"https:\/\/wearevillage.org\/wp-json\/wp\/v2\/product_cat?post=8712"},{"taxonomy":"product_tag","embeddable":true,"href":"https:\/\/wearevillage.org\/wp-json\/wp\/v2\/product_tag?post=8712"}],"curies":[{"name":"wp","href":"https:\/\/api.w.org\/{rel}","templated":true}]}}