{"id":8825,"date":"2023-09-27T13:47:29","date_gmt":"2023-09-27T11:47:29","guid":{"rendered":"https:\/\/wearevillage.org\/?post_type=product&#038;p=8825"},"modified":"2023-11-07T15:38:08","modified_gmt":"2023-11-07T14:38:08","slug":"queer-needlework-circle-14","status":"publish","type":"product","link":"https:\/\/wearevillage.org\/shop\/queer-needlework-circle\/45\/","title":{"rendered":"Queer Needlework Circle"},"content":{"rendered":"<div class=\"wpb-content-wrapper\"><div class=\"vc_row wpb_row vc_row-fluid\"><div class=\"wpb_column vc_column_container vc_col-sm-2\"><div class=\"vc_column-inner\"><div class=\"wpb_wrapper\"><\/div><\/div><\/div><\/div><div class=\"vc_row wpb_row vc_row-fluid\"><div class=\"wpb_column vc_column_container vc_col-sm-12\"><div class=\"vc_column-inner\"><div class=\"wpb_wrapper\"><h4 style=\"text-align: left\" class=\"vc_custom_heading vc_do_custom_heading\" >Queer Needlework Circle<\/h4><h5 style=\"text-align: left\" class=\"vc_custom_heading vc_do_custom_heading\" >QNC-Kollektiv<\/h5>\n\t<div class=\"wpb_text_column wpb_content_element\" >\n\t\t<div class=\"wpb_wrapper\">\n\t\t\t<div class=\"x11i5rnm xat24cr x1mh8g0r x1vvkbs xtlvy1s\">\n<div class=\"x11i5rnm xat24cr x1mh8g0r x1vvkbs xtlvy1s\">\n<div class=\"x11i5rnm xat24cr x1mh8g0r x1vvkbs xtlvy1s\">\n<p>Der Queer Needlework Circle (QNC) ist eine Gruppe von LGBTQIA+ Textilhandwerkern, die sich regelm\u00e4\u00dfig treffen, um verschiedene Techniken auszutauschen und gemeinsam kreativ zu arbeiten.<\/p>\n<p>Die Gruppe trifft sich w\u00f6chentlich, um Ideen f\u00fcr Textilarbeiten auszutauschen, und jedes Mitglied kreiert seine eigenen Kleidungsst\u00fccke. Dabei kann es sich zum Beispiel um Sticken, Stricken, H\u00e4keln, Weben, N\u00e4hen, Quilten oder Patchwork handeln\u2026<\/p>\n<p>Du kannst auch ein bereits bestehendes Projekt mitbringen, an dem Du arbeiten m\u00f6chtest.<\/p>\n<p>Bei jedem Treffen tauschen die Teilnehmer*innen ihre Erfahrungen aus und unterst\u00fctzen sich gegenseitig in ihrem kreativen Prozess. Es werden auch Workshops organisiert, die sich auf eine bestimmte Technik konzentrieren.<\/p>\n<p>Die Gruppe trifft sich auch f\u00fcr andere gemeinsame Momente, wie z. B. gemeinsame Einkaufstouren f\u00fcr den Kauf von Materialien und \u00c4hnlichem.<\/p>\n<p>Jeder, der ein Nadel\u00f6hr hat und sich mit LGBTQIA+ identifiziert, ist eingeladen, an unseren Veranstaltungen teilzunehmen. Was im Kreis passiert, bleibt im Kreis. Gemeinsam arbeiten wir daran, einen sicheren Raum f\u00fcr uns und andere zu schaffen.<\/p>\n<p>Mach mit bei unserem Circle!<\/p>\n<p>Dieses Event wird je nach Teilnehmerbed\u00fcrfnissen auf Deutsch und\/oder\u00a0Englisch sein<\/p>\n<\/div>\n<\/div>\n<\/div>\n\n\t\t<\/div>\n\t<\/div>\n\n\t<div class=\"wpb_text_column wpb_content_element\" >\n\t\t<div class=\"wpb_wrapper\">\n\t\t\t\n\t\t<\/div>\n\t<\/div>\n<\/div><\/div><\/div><\/div>\n<\/div>","protected":false},"excerpt":{"rendered":"<h5>Mittwochs<br \/>\n19:30 \u2013 22:00<br \/>\nkostenlos<\/h5>\n<p class=\"p1\"><strong>| <span style=\"color: #ec6c23;\">LGBTQIA+ <\/span>|\u00a0<\/strong><\/p>\n<p>Der Queer Needlework Circle (QNC) ist eine Gruppe von LGBTQIA+ Textilhandwerkern, die sich regelm\u00e4\u00dfig treffen, um verschiedene Techniken auszutauschen und gemeinsam kreativ zu arbeiten.<\/p>\n","protected":false},"author":14,"featured_media":7898,"template":"","meta":{"pmpro_default_level":"","inline_featured_image":false},"product_brand":[],"product_cat":[77,80],"product_tag":[469],"class_list":{"0":"post-8825","1":"product","2":"type-product","3":"status-publish","4":"has-post-thumbnail","6":"product_cat-community-events","7":"product_cat-queer-matters","8":"product_tag-lgbtqiaplus","9":"pmpro-has-access","11":"first","12":"outofstock","13":"purchasable","14":"product-type-variable"},"wpml_current_locale":"de_DE","wpml_translations":{"en_US":{"locale":"en_US","id":8826,"slug":"queer-needlework-circle-kopie-14","post_title":"Queer Needlework Circle","href":"https:\/\/wearevillage.org\/en\/shop\/queer-needlework-circle\/45"}},"language":{"code":"de","locale":"","name":"","is_rtl":false},"_links":{"self":[{"href":"https:\/\/wearevillage.org\/wp-json\/wp\/v2\/product\/8825","targetHints":{"allow":["GET"]}}],"collection":[{"href":"https:\/\/wearevillage.org\/wp-json\/wp\/v2\/product"}],"about":[{"href":"https:\/\/wearevillage.org\/wp-json\/wp\/v2\/types\/product"}],"author":[{"embeddable":true,"href":"https:\/\/wearevillage.org\/wp-json\/wp\/v2\/users\/14"}],"wp:featuredmedia":[{"embeddable":true,"href":"https:\/\/wearevillage.org\/wp-json\/wp\/v2\/media\/7898"}],"wp:attachment":[{"href":"https:\/\/wearevillage.org\/wp-json\/wp\/v2\/media?parent=8825"}],"wp:term":[{"taxonomy":"product_brand","embeddable":true,"href":"https:\/\/wearevillage.org\/wp-json\/wp\/v2\/product_brand?post=8825"},{"taxonomy":"product_cat","embeddable":true,"href":"https:\/\/wearevillage.org\/wp-json\/wp\/v2\/product_cat?post=8825"},{"taxonomy":"product_tag","embeddable":true,"href":"https:\/\/wearevillage.org\/wp-json\/wp\/v2\/product_tag?post=8825"}],"curies":[{"name":"wp","href":"https:\/\/api.w.org\/{rel}","templated":true}]}}