{"id":9012,"date":"2023-09-30T10:09:38","date_gmt":"2023-09-30T08:09:38","guid":{"rendered":"https:\/\/wearevillage.org\/?post_type=product&#038;p=9012"},"modified":"2023-10-08T17:27:09","modified_gmt":"2023-10-08T15:27:09","slug":"beautiful-weirdos","status":"publish","type":"product","link":"https:\/\/wearevillage.org\/shop\/untertage\/w43\/","title":{"rendered":"Beautiful weirdos \/\/ Stretch Festival Party"},"content":{"rendered":"<div class=\"wpb-content-wrapper\"><div class=\"vc_row wpb_row vc_row-fluid\"><div class=\"wpb_column vc_column_container vc_col-sm-12\"><div class=\"vc_column-inner\"><div class=\"wpb_wrapper\"><h4 style=\"text-align: left\" class=\"vc_custom_heading vc_do_custom_heading\" >Beautiful weirdos \/\/ Stretch Festival Party @unterTage<\/h4><h5 style=\"text-align: left\" class=\"vc_custom_heading vc_do_custom_heading\" >Stretch Festival Party @unterTage<\/h5>\n\t<div class=\"wpb_text_column wpb_content_element\" >\n\t\t<div class=\"wpb_wrapper\">\n\t\t\t<div class=\"x11i5rnm xat24cr x1mh8g0r x1vvkbs xtlvy1s\">\n<p>\ud83c\udf89 Liebe wunderbare Stretch Festival Freunde \ud83c\udf89<\/p>\n<p>Auch in diesem Jahr werden wir wieder einiges auf die Beine stellen und euch zum Tanzen in den au\u00dfergew\u00f6hnlichen Club Untertage einladen, den unser lieber Freund Tim freundlicherweise zur Verf\u00fcgung stellt. Es verspricht ein Abend mit toller Gesellschaft, Tanz und purem Vergn\u00fcgen zu werden.<\/p>\n<p><strong>Und dieses Mal freuen wir uns ganz besonders, ein Konzert der fabelhaften Drag Queen Kaey mit ihrem Pianisten Jos\u00e9 Promis ank\u00fcndigen zu k\u00f6nnen! 22 Uhr beginnt der Auftritt. Macht euch bereit f\u00fcr ein unvergessliches musikalisches Erlebnis.<\/strong><\/p>\n<p><strong>23:00 Uhr: Dj Dickey wird uns durch die Nacht f\u00fchren. Er legt bereits f\u00fcr we.are.village im Jahr 2019 f\u00fcr die Dance for the Future Charity Night auf. Dance your @ out!!!<\/strong><\/p>\n<p>Der Abend ist f\u00fcr die Teilnehmer, Volunteers und Dascilitators des Stretch Festivals reserviert. Es handelt sich nicht um eine kommerzielle und \u00f6ffentliche Veranstaltung. Es ist eine Gelegenheit f\u00fcr uns, uns in einem gem\u00fctlichen und famili\u00e4ren Rahmen zu treffen. Nur f\u00fcr uns!<\/p>\n<p>Ihr k\u00f6nnt gerne eure Family & Friends mitbringen. Eine kleine Spende von 10\u20ac w\u00e4re super, damit wir die Kosten f\u00fcr diesen Abend decken k\u00f6nnen<\/p>\n<p><strong>Club Untertage | Mehringdamm 32, 10961 Berlin<\/strong><\/p>\n<p>Eintritt frei f\u00fcr Stretch Teilnehmer, Volunteers und Facilitators.<br \/>\n10\u20ac an der T\u00fcr f\u00fcr G\u00e4ste. Nur Bargeld.<br \/>\nDie Party wird gegen 2:30 Uhr enden.<br \/>\nGetr\u00e4nke k\u00f6nnt ihr auf eigene Kosten erwerben.<\/p>\n<p>(Bild: Dance for the Future Charity Night 2019 von Rafael Medina)<\/p>\n<\/div>\n\n\t\t<\/div>\n\t<\/div>\n\n\t<div class=\"wpb_text_column wpb_content_element\" >\n\t\t<div class=\"wpb_wrapper\">\n\t\t\t<div class=\"x11i5rnm xat24cr x1mh8g0r x1vvkbs xtlvy1s\">\n<p><em>Wir sind uns bewusst, dass diese Veranstaltung im lebhaften Kontext eines Clubs und einer Party f\u00fcr einige unserer lieben Teilnehmer eine besondere Herausforderung darstellen kann. Wenn du Begleitung oder Unterst\u00fctzung ben\u00f6tigst, z\u00f6gere bitte nicht, unser Awareness-Team zu informieren. Wir sind f\u00fcr dich da, um dir eine angenehme und sichere Erfahrung zu erm\u00f6glichen. Dein Wohlbefinden hat f\u00fcr uns oberste Priorit\u00e4t.<\/em><\/p>\n<\/div>\n\n\t\t<\/div>\n\t<\/div>\n<\/div><\/div><\/div><\/div>\n<\/div>","protected":false},"excerpt":{"rendered":"<h5><strong>Show: 22:00 \u2013 23:00<\/strong><br \/>\n<strong>Party: 23:00 \u2013 02:30<\/strong><\/h5>\n<h5>Eintritt frei f\u00fcr Stretch Teilnehmer, Volunteers und Facilitators.<br \/>\n10\u20ac an der T\u00fcr f\u00fcr G\u00e4ste\/ Freunde\/ Family<\/h5>\n<h5><strong>| <span style=\"color: #ec6c23;\">LGBTQIA+<\/span>\u00a0|<\/strong><\/h5>\n<p>Auch in diesem Jahr werden wir wieder etwas Neues ausprobieren und laden Dich ein, in dem au\u00dfergew\u00f6hnlichen Club unterTage zu tanzen, den unser lieber Freund Tim freundlicherweise zur Verf\u00fcgung stellt. Es verspricht eine Nacht mit gro\u00dfartiger Gesellschaft, Tanz und purem Vergn\u00fcgen zu werden.<\/p>\n<p><strong>22:00 Uhr beginnen wir die Nacht mit einem Konzert von Kaey und Jos\u00e9 Promis<\/strong><br \/>\n<strong>ab 23:00 wird Dj Dickey auflegen.<\/strong><\/p>\n","protected":false},"author":14,"featured_media":8863,"template":"","meta":{"pmpro_default_level":"","inline_featured_image":false},"product_brand":[],"product_cat":[77],"product_tag":[469],"class_list":{"0":"post-9012","1":"product","2":"type-product","3":"status-publish","4":"has-post-thumbnail","6":"product_cat-community-events","7":"product_tag-lgbtqiaplus","8":"pmpro-has-access","10":"first","11":"outofstock","12":"purchasable","13":"product-type-variable"},"wpml_current_locale":"de_DE","wpml_translations":{"en_US":{"locale":"en_US","id":9013,"slug":"village-potluck-kopie-7","post_title":"Beautiful weirdos \/\/ Stretch Festival Party","href":"https:\/\/wearevillage.org\/en\/shop\/untertage\/w43"}},"language":{"code":"de","locale":"","name":"","is_rtl":false},"_links":{"self":[{"href":"https:\/\/wearevillage.org\/wp-json\/wp\/v2\/product\/9012","targetHints":{"allow":["GET"]}}],"collection":[{"href":"https:\/\/wearevillage.org\/wp-json\/wp\/v2\/product"}],"about":[{"href":"https:\/\/wearevillage.org\/wp-json\/wp\/v2\/types\/product"}],"author":[{"embeddable":true,"href":"https:\/\/wearevillage.org\/wp-json\/wp\/v2\/users\/14"}],"wp:featuredmedia":[{"embeddable":true,"href":"https:\/\/wearevillage.org\/wp-json\/wp\/v2\/media\/8863"}],"wp:attachment":[{"href":"https:\/\/wearevillage.org\/wp-json\/wp\/v2\/media?parent=9012"}],"wp:term":[{"taxonomy":"product_brand","embeddable":true,"href":"https:\/\/wearevillage.org\/wp-json\/wp\/v2\/product_brand?post=9012"},{"taxonomy":"product_cat","embeddable":true,"href":"https:\/\/wearevillage.org\/wp-json\/wp\/v2\/product_cat?post=9012"},{"taxonomy":"product_tag","embeddable":true,"href":"https:\/\/wearevillage.org\/wp-json\/wp\/v2\/product_tag?post=9012"}],"curies":[{"name":"wp","href":"https:\/\/api.w.org\/{rel}","templated":true}]}}