{"id":9066,"date":"2023-10-03T12:22:06","date_gmt":"2023-10-03T10:22:06","guid":{"rendered":"https:\/\/wearevillage.org\/?post_type=product&#038;p=9066"},"modified":"2023-11-21T14:22:48","modified_gmt":"2023-11-21T13:22:48","slug":"world-aids-day","status":"publish","type":"product","link":"https:\/\/wearevillage.org\/shop\/village-aids-day\/w48\/","title":{"rendered":"World AIDS Day \/ Day With(out) Art 2023: Everyone I Know Is Sick"},"content":{"rendered":"<div class=\"wpb-content-wrapper\"><div class=\"vc_row wpb_row vc_row-fluid\"><div class=\"wpb_column vc_column_container vc_col-sm-10\"><div class=\"vc_column-inner\"><div class=\"wpb_wrapper\"><\/div><\/div><\/div><div class=\"wpb_column vc_column_container vc_col-sm-2\"><div class=\"vc_column-inner\"><div class=\"wpb_wrapper\"><\/div><\/div><\/div><\/div><div class=\"vc_row wpb_row vc_row-fluid\"><div class=\"wpb_column vc_column_container vc_col-sm-12\"><div class=\"vc_column-inner\"><div class=\"wpb_wrapper\"><h4 style=\"text-align: left\" class=\"vc_custom_heading vc_do_custom_heading\" >World AIDS Day \/ Day With(out) Art 2023: Everyone I Know Is Sick<\/h4><h5 style=\"text-align: left\" class=\"vc_custom_heading vc_do_custom_heading\" >In collaboration with Visual AIDS* & hosted by Marcelo Alves<\/h5>\n\t<div class=\"wpb_text_column wpb_content_element\" >\n\t\t<div class=\"wpb_wrapper\">\n\t\t\t<p>we are village ist stolz darauf, anl\u00e4sslich des Day With(out) Art 2023 mit <a class=\"_ps2id\" href=\"https:\/\/visualaids.org\" data-ps2id-offset=\"\">Visual AIDS<\/a> zusammenzuarbeiten und Everyone I Know Is Sick zu pr\u00e4sentieren, ein Programm mit f\u00fcnf Videos, die Verbindungen zwischen HIV und anderen Formen von Krankheit und Behinderung herstellen.<\/p>\n<p>Das Programm umfasst neue Auftragsarbeiten von Dorothy Cheung (Hongkong), Hiura Fernandes & Lili Nascimento (Brasilien), Beau Gomez (Kanada\/Philippinen), Dolissa Medina & Ananias P. Soria (USA) und Kurt Weston (USA).<\/p>\n<p>Inspiriert von einer Aussage von Cyr\u00e9e Jarelle Johnson in ihrem Buch Black Futures untersucht Everyone I Know Is Sick, wie unsere Gesellschaft behinderte und kranke Menschen ausgrenzt, indem sie eine falsche Dichotomie von Gesundheit und Krankheit aufrechterh\u00e4lt. Das Programm l\u00e4dt dazu ein, Behinderung als allgemeine Erfahrung und nicht als Ausnahme von der Norm zu begreifen, und beleuchtet eine Reihe von Erfahrungen aus den Bereichen HIV, COVID, psychische Gesundheit und Alterung. Die beauftragten K\u00fcnstler stellen das Wissen und die Erfahrung behinderter und kranker Menschen in einer Welt in den Vordergrund, die immer noch mit mehreren Pandemien zu k\u00e4mpfen hat.<\/p>\n<p>Zu Beginn des Abends wird ein Altar aufgebaut, zu dem die Teilnehmer Gegenst\u00e4nde von pers\u00f6nlicher Bedeutung, Briefe und Fotos mitbringen, Geschichten \u00fcber die Pflege erz\u00e4hlen, eine Kerze anz\u00fcnden usw. Vor und nach dem Anschauen der Videos wird es Raum f\u00fcr einen Austausch \u00fcber das Thema geben.<\/p>\n<p>PROGRAM 6pm \u2013 9pm<\/p>\n<p><strong>\u2022 open circle by Marcelo Alves<\/strong><\/p>\n<p><strong>\u2022 Dorothy Cheung, <em>Heart Murmurs<\/em><\/strong><\/p>\n<p><strong> \u2022 Hiura Fernandes and Lili Nascimento, <em>Aquela crian\u00e7a com AID$<\/em> <em>(That Child with AID$)<\/em><\/strong><\/p>\n<p><strong>\u2022 Beau Gomez, <em>This Bed I Made<\/em><\/strong><\/p>\n<p><strong>\u2022 Dolissa Medina and Ananias P. Soria, <em>Viejito\/Enfermito\/Grito (Old Man\/Sick Man\/Shout)<\/em><\/strong><\/p>\n<p><strong>\u2022 Kurt Weston, <em>Losing the Light<\/em><\/strong><\/p>\n<p><strong>\u2022 Closing<\/strong><\/p>\n\n\t\t<\/div>\n\t<\/div>\n\n\t<div class=\"wpb_text_column wpb_content_element\" >\n\t\t<div class=\"wpb_wrapper\">\n\t\t\t\n\t\t<\/div>\n\t<\/div>\n<\/div><\/div><\/div><\/div>\n<\/div>","protected":false},"excerpt":{"rendered":"<h5>World AIDS Day<br \/>\n18:00 \u2013 22:00<br \/>\nEintritt frei<\/h5>\n<p class=\"p1\"><strong>| <span style=\"color: #ec6c23;\">LGBTQIA+<\/span>\u00a0|<\/strong><\/p>\n<p>we are village ist stolz darauf, anl\u00e4sslich des Day With(out) Art 2023 mit <a class=\"_ps2id\" href=\"https:\/\/visualaids.org\" data-ps2id-offset=\"\">Visual AIDS<\/a> zusammenzuarbeiten und Everyone I Know Is Sick zu pr\u00e4sentieren, ein Programm mit f\u00fcnf Videos, die Verbindungen zwischen HIV und anderen Formen von Krankheit und Behinderung herstellen.<\/p>\n","protected":false},"author":12,"featured_media":9069,"template":"","meta":{"pmpro_default_level":"","inline_featured_image":false},"product_brand":[],"product_cat":[77,769,80],"product_tag":[469],"class_list":{"0":"post-9066","1":"product","2":"type-product","3":"status-publish","4":"has-post-thumbnail","6":"product_cat-community-events","7":"product_cat-kostenloser-zugang","8":"product_cat-queer-matters","9":"product_tag-lgbtqiaplus","10":"pmpro-has-access","12":"first","13":"outofstock","14":"purchasable","15":"product-type-variable"},"wpml_current_locale":"de_DE","wpml_translations":{"en_US":{"locale":"en_US","id":9067,"slug":"instinct-14-film-screening-kopie-2","post_title":"World AIDS Day","href":"https:\/\/wearevillage.org\/en\/shop\/village-aids-day\/w48"}},"language":{"code":"de","locale":"","name":"","is_rtl":false},"_links":{"self":[{"href":"https:\/\/wearevillage.org\/wp-json\/wp\/v2\/product\/9066","targetHints":{"allow":["GET"]}}],"collection":[{"href":"https:\/\/wearevillage.org\/wp-json\/wp\/v2\/product"}],"about":[{"href":"https:\/\/wearevillage.org\/wp-json\/wp\/v2\/types\/product"}],"author":[{"embeddable":true,"href":"https:\/\/wearevillage.org\/wp-json\/wp\/v2\/users\/12"}],"wp:featuredmedia":[{"embeddable":true,"href":"https:\/\/wearevillage.org\/wp-json\/wp\/v2\/media\/9069"}],"wp:attachment":[{"href":"https:\/\/wearevillage.org\/wp-json\/wp\/v2\/media?parent=9066"}],"wp:term":[{"taxonomy":"product_brand","embeddable":true,"href":"https:\/\/wearevillage.org\/wp-json\/wp\/v2\/product_brand?post=9066"},{"taxonomy":"product_cat","embeddable":true,"href":"https:\/\/wearevillage.org\/wp-json\/wp\/v2\/product_cat?post=9066"},{"taxonomy":"product_tag","embeddable":true,"href":"https:\/\/wearevillage.org\/wp-json\/wp\/v2\/product_tag?post=9066"}],"curies":[{"name":"wp","href":"https:\/\/api.w.org\/{rel}","templated":true}]}}