{"id":9141,"date":"2023-10-14T13:02:19","date_gmt":"2023-10-14T11:02:19","guid":{"rendered":"https:\/\/wearevillage.org\/?post_type=product&#038;p=9141"},"modified":"2023-12-01T16:02:30","modified_gmt":"2023-12-01T15:02:30","slug":"podiumsdiskussion-einsamkeit-in-der-queeren-community","status":"publish","type":"product","link":"https:\/\/wearevillage.org\/shop\/podiumsdiskussion\/w48\/","title":{"rendered":"Podiumsdiskussion \u201cEinsamkeit in der queeren Community\u201d"},"content":{"rendered":"<div class=\"wpb-content-wrapper\"><div class=\"vc_row wpb_row vc_row-fluid\"><div class=\"wpb_column vc_column_container vc_col-sm-10\"><div class=\"vc_column-inner\"><div class=\"wpb_wrapper\"><\/div><\/div><\/div><div class=\"wpb_column vc_column_container vc_col-sm-2\"><div class=\"vc_column-inner\"><div class=\"wpb_wrapper\"><\/div><\/div><\/div><\/div><div class=\"vc_row wpb_row vc_row-fluid\"><div class=\"wpb_column vc_column_container vc_col-sm-12\"><div class=\"vc_column-inner\"><div class=\"wpb_wrapper\"><h4 style=\"text-align: left\" class=\"vc_custom_heading vc_do_custom_heading\" >Podiumsdiskussion \"Einsamkeit in der queeren Community\"<\/h4><h5 style=\"text-align: left\" class=\"vc_custom_heading vc_do_custom_heading\" >mit Prof. Dr. Anna Steigemann (Moderation), Lilith Raza, Deniz Y\u0131ld\u0131r\u0131m Do\u011fan, Prof. Dr. Mirjam Fischer, Dr. Dr. Dominique Piber<\/h5>\n\t<div class=\"wpb_text_column wpb_content_element\" >\n\t\t<div class=\"wpb_wrapper\">\n\t\t\t<div class=\"x11i5rnm xat24cr x1mh8g0r x1vvkbs xtlvy1s\">\n<div class=\"x11i5rnm xat24cr x1mh8g0r x1vvkbs xtlvy1s\">\n<div class=\"x11i5rnm xat24cr x1mh8g0r x1vvkbs xtlvy1s\">\n<p>Diese Gespr\u00e4chsrunde bietet eine wichtige Gelegenheit, die Herausforderungen der Einsamkeit in der queeren Community zu verstehen und konstruktive Ans\u00e4tze zur Verbesserung zu entwickeln. Wir laden Euch ein, aktiv an dieser Diskussion teilzunehmen, auch im voraus bereits Fragen zu stellen und Ideen auszutauschen.<\/p>\n<p>Wir versammeln wunderbare Pers\u00f6nlichkeiten, die durch ihre Expertise und Erfahrung wertvolle Einblicke in dieses dringende Anliegen bieten k\u00f6nnen. Unsere G\u00e4ste sind:<\/p>\n<p><strong>\u2022 Prof. Dr. Anna Steigemann <\/strong>(Moderation): Stadtforscherin und Soziologin und arbeitet als Professorin an der Universit\u00e4t Regensburg und der TU Berlin. Sie forscht vor allem zu Gender, Migration, Diversit\u00e4t und Stadt, community and neighborhood studies, queer-feministischer Stadtkritik, Raumpraktiken, kritischer Partizipations- und Governanceforschung, sowie qualitativen Raum- und Sozialforschungmethoden.<\/p>\n<p><strong>\u2022 Lilith Raza:<\/strong>\u00a0queer-trans Aktivistin aus Pakistan, die seit 2012 in Deutschland lebt. Sie setzt sich aktiv f\u00fcr die Rechte von LGBTIQ+ Gefl\u00fcchteten ein, arbeitet f\u00fcr das Projekt \u201eQueer Refugees Deutschland\u201c der LSVD (Lesben- und Schwulenverband in Deutschland) und ist in queer Netzwerken in ganz Europa aktiv.<\/p>\n<p><strong>\u2022 Deniz Y\u0131ld\u0131r\u0131m Do\u011fan<\/strong>: Wissenschaftlicher Mitarbeiter und Assistenzarzt an der Klinik f\u00fcr Psychiatrie und Psychotherapie an der Charit\u00e9 \u2013 Universit\u00e4tsmedizin Berlin, wird wertvolle Einblicke in die psychische Gesundheit in der queeren Community bieten.<\/p>\n<p><strong>\u2022 Prof. Dr. Mirjam Fischer<\/strong>: Soziologin f\u00fcr sexuelle und geschlechtliche Vielfalt in Europa. Sie h\u00e4lt derzeit eine Gastprofessur f\u00fcr Gender Studies an der Humboldt-Universit\u00e4t Berlin und ist Forschungsmitarbeiterin am Institut f\u00fcr Empirisch-Analytische Forschung an der Goethe-Universit\u00e4t Frankfurt am Main.<\/p>\n<p><strong>\u2022 Dr. Dirk Sander: <\/strong>Referent f\u00fcr Gesundheitsf\u00f6rderung bei der Deutschen Aids-Hilfe, wird umfassende Einblicke in Gesundheitsaspekte und soziale Unterst\u00fctzung liefern.<\/p>\n<\/div>\n<\/div>\n<p>\u00a0<\/p>\n<p>Mehr Info und auch eine st\u00e4ndige Umfrage zur Einsamkeit und einen Programm\u00fcberblick der kostenlosen Events findet ihr <a href=\"https:\/\/wearevillage.org\/village-quartiere\/addressing-queer-lonliness\">hier<\/a>.\u00a0Fragen im Vorfeld k\u00f6nnt ihr gern unter info(@)wearevillage.org stellen.<\/p>\n<p><em>In Zusammenarbeit mit der Landesstelle f\u00fcr Gleichbehandlung \u2013 gegen Diskriminierung hat sich <strong>we are village | queer matters<\/strong> f\u00fcr das Jahr 2023 zum Ziel gesetzt, das Thema Einsamkeit in der queeren Community anzugehen.<\/em><img loading=\"lazy\" decoding=\"async\" class=\"wp-image-7522 alignright\" src=\"https:\/\/wearevillage.org\/wp-content\/uploads\/2023\/06\/image001.jpg\" alt=\"\" width=\"218\" height=\"37\" srcset=\"https:\/\/wearevillage.org\/wp-content\/uploads\/2023\/06\/image001.jpg 242w, https:\/\/wearevillage.org\/wp-content\/uploads\/2023\/06\/image001-150x25.jpg 150w\" sizes=\"auto, (max-width: 218px) 100vw, 218px\" \/><\/p>\n<\/div>\n\n\t\t<\/div>\n\t<\/div>\n<\/div><\/div><\/div><\/div>\n<\/div>","protected":false},"excerpt":{"rendered":"<h5>Podiumsdiskussion<br \/>\n19:00-21:00<\/h5>\n<h5><strong style=\"font-size: 16px;\">| <span style=\"color: #ec6c23;\">LGBTQIA+ <\/span>|<\/strong><\/h5>\n<div class=\"x11i5rnm xat24cr x1mh8g0r x1vvkbs xtlvy1s\">\n<div class=\"x11i5rnm xat24cr x1mh8g0r x1vvkbs xtlvy1s\">\n<p>Diese Gespr\u00e4chsrunde bietet eine wichtige Gelegenheit, die Herausforderungen der Einsamkeit in der queeren Community zu verstehen und konstruktive Ans\u00e4tze zur Verbesserung zu entwickeln. Wir laden Euch ein, aktiv an dieser Diskussion teilzunehmen, auch im voraus bereits Fragen zu stellen und Ideen auszutauschen.<\/p>\n<\/div>\n<\/div>\n","protected":false},"author":12,"featured_media":6484,"template":"","meta":{"pmpro_default_level":"","inline_featured_image":false},"product_brand":[],"product_cat":[134,769,80],"product_tag":[469],"class_list":{"0":"post-9141","1":"product","2":"type-product","3":"status-publish","4":"has-post-thumbnail","6":"product_cat-einmalige-events","7":"product_cat-kostenloser-zugang","8":"product_cat-queer-matters","9":"product_tag-lgbtqiaplus","10":"pmpro-has-access","12":"first","13":"outofstock","14":"purchasable","15":"product-type-variable"},"wpml_current_locale":"de_DE","wpml_translations":{"en_US":{"locale":"en_US","id":9142,"slug":"village-salon-loneliness-and-lgbtqia-health-kopie-2","post_title":"Panel Discussion \"Loneliness in the Queer Community.\"","href":"https:\/\/wearevillage.org\/en\/shop\/podiumsdiskussion\/w48"}},"language":{"code":"de","locale":"","name":"","is_rtl":false},"_links":{"self":[{"href":"https:\/\/wearevillage.org\/wp-json\/wp\/v2\/product\/9141","targetHints":{"allow":["GET"]}}],"collection":[{"href":"https:\/\/wearevillage.org\/wp-json\/wp\/v2\/product"}],"about":[{"href":"https:\/\/wearevillage.org\/wp-json\/wp\/v2\/types\/product"}],"author":[{"embeddable":true,"href":"https:\/\/wearevillage.org\/wp-json\/wp\/v2\/users\/12"}],"wp:featuredmedia":[{"embeddable":true,"href":"https:\/\/wearevillage.org\/wp-json\/wp\/v2\/media\/6484"}],"wp:attachment":[{"href":"https:\/\/wearevillage.org\/wp-json\/wp\/v2\/media?parent=9141"}],"wp:term":[{"taxonomy":"product_brand","embeddable":true,"href":"https:\/\/wearevillage.org\/wp-json\/wp\/v2\/product_brand?post=9141"},{"taxonomy":"product_cat","embeddable":true,"href":"https:\/\/wearevillage.org\/wp-json\/wp\/v2\/product_cat?post=9141"},{"taxonomy":"product_tag","embeddable":true,"href":"https:\/\/wearevillage.org\/wp-json\/wp\/v2\/product_tag?post=9141"}],"curies":[{"name":"wp","href":"https:\/\/api.w.org\/{rel}","templated":true}]}}