{"id":9157,"date":"2023-10-16T15:11:17","date_gmt":"2023-10-16T13:11:17","guid":{"rendered":"https:\/\/wearevillage.org\/?post_type=product&#038;p=9157"},"modified":"2023-12-04T13:43:39","modified_gmt":"2023-12-04T12:43:39","slug":"building-bridges-of-belonging-strategien-im-umgang-mit-einsamkeit-gestalten-2","status":"publish","type":"product","link":"https:\/\/wearevillage.org\/shop\/building-bridges-of-belonging\/w50\/","title":{"rendered":"Building bridges of belonging \u2013  Mit Einsamkeit umgehen. Verbindungen schaffen"},"content":{"rendered":"<div class=\"wpb-content-wrapper\"><div class=\"vc_row wpb_row vc_row-fluid\"><div class=\"wpb_column vc_column_container vc_col-sm-10\"><div class=\"vc_column-inner\"><div class=\"wpb_wrapper\"><\/div><\/div><\/div><div class=\"wpb_column vc_column_container vc_col-sm-2\"><div class=\"vc_column-inner\"><div class=\"wpb_wrapper\"><\/div><\/div><\/div><\/div><div class=\"vc_row wpb_row vc_row-fluid\"><div class=\"wpb_column vc_column_container vc_col-sm-12\"><div class=\"vc_column-inner\"><div class=\"wpb_wrapper\"><h4 style=\"text-align: left\" class=\"vc_custom_heading vc_do_custom_heading\" >Building bridges of belonging \u2013 Mit Einsamkeit umgehen. Verbindungen schaffen<\/h4><h5 style=\"text-align: left\" class=\"vc_custom_heading vc_do_custom_heading\" >mit Jochen Kleres<\/h5>\n\t<div class=\"wpb_text_column wpb_content_element\" >\n\t\t<div class=\"wpb_wrapper\">\n\t\t\t<div class=\"x11i5rnm xat24cr x1mh8g0r x1vvkbs xtlvy1s\">\n<div class=\"x11i5rnm xat24cr x1mh8g0r x1vvkbs xtlvy1s\">\n<div class=\"x11i5rnm xat24cr x1mh8g0r x1vvkbs xtlvy1s\">\n<p>Einsamkeit kann so viele Gesichter haben. Manche finden es schwer, \u00fcberhaupt Kontakte zu finden, gerade auch in einer Stadt wie Berlin mit ihren vielen sozialen M\u00f6glichkeiten. Manche m\u00f6gen Menschen um sich haben, aber f\u00fchlen sich dennoch bisweilen einsam, nicht zuletzt auch in Beziehungen. Andere sehnen sich nach Beziehungen, aber finden es schwierig, welche zu finden.<\/p>\n<p>Diese Gruppe bietet einen angeleiteten Raum, um Gef\u00fchle der Einsamkeit und was sie mit uns machen zu erkunden. Gemeinsam werden wir einander darin unterst\u00fctzen, Wege zu suchen und mit ihnen zu experimentieren, wie wir mit Einsamkeit umgehen und erf\u00fcllende Verbindungen kn\u00fcpfen k\u00f6nnen. Daf\u00fcr nutzen wir Methoden aus den Kreativtherapien.<\/p>\n<p>Wenn du deine eigenen Einsamkeitsgef\u00fchle verstehen und bew\u00e4ltigen willst und dich danach sehnst, tiefere Beziehungen zu anderen zu kn\u00fcpfen, laden wir dich zu diesem Workshop ein.<\/p>\n<\/div>\n<\/div>\n<\/div>\n\n\t\t<\/div>\n\t<\/div>\n\n\t<div class=\"wpb_text_column wpb_content_element\" >\n\t\t<div class=\"wpb_wrapper\">\n\t\t\t<p>Dieses Event wird je nach Teilnehmerbed\u00fcrfnissen auf Deutsch und\/oder Englisch sein.<\/p>\n<p>Voranmeldung unter: events@wearevillage.org<\/p>\n<p>Max. 20 Teilnehmer*innen<\/p>\n<p><strong>Leider ist der Workshop bereits ausgebucht. Ihr habt die M\u00f6glichkeit f\u00fcr den n\u00e4chsten am 23. Januar an zu melden. Anmedung unter: events@wearevillage.org<\/strong><\/p>\n\n\t\t<\/div>\n\t<\/div>\n<\/div><\/div><\/div><\/div>\n<\/div>","protected":false},"excerpt":{"rendered":"<h5>kostenfreier Workshop<br \/>\n19:00-21:30<\/h5>\n<h5><strong style=\"font-size: 16px;\">| <span style=\"color: #ec6c23;\">LGBTQIA+<\/span>|<\/strong><\/h5>\n<div class=\"x11i5rnm xat24cr x1mh8g0r x1vvkbs xtlvy1s\">\n<div class=\"x11i5rnm xat24cr x1mh8g0r x1vvkbs xtlvy1s\">\n<p>Einsamkeit kann ganz unterschiedliche Gesichter haben. In dieser Gruppe nutzen wir Methoden aus den Kreativtherapien um Wege zu suchen und mit ihnen zu experimentieren, wie wir mit Einsamkeit umgehen und erf\u00fcllende Beziehungen kn\u00fcpfen k\u00f6nnen.<\/p>\n<\/div>\n<p><strong>Leider ist der Workshop bereits ausgebucht. Ihr habt die M\u00f6glichkeit f\u00fcr den n\u00e4chsten am 23. Januar an zu melden. Anmedung unter: events@wearevillage.org<\/strong><\/p>\n<\/div>\n","protected":false},"author":12,"featured_media":9155,"template":"","meta":{"pmpro_default_level":"","inline_featured_image":false},"product_brand":[],"product_cat":[77,769],"product_tag":[469],"class_list":{"0":"post-9157","1":"product","2":"type-product","3":"status-publish","4":"has-post-thumbnail","6":"product_cat-community-events","7":"product_cat-kostenloser-zugang","8":"product_tag-lgbtqiaplus","9":"pmpro-has-access","11":"first","12":"outofstock","13":"purchasable","14":"product-type-variable"},"wpml_current_locale":"de_DE","wpml_translations":{"en_US":{"locale":"en_US","id":9158,"slug":"building-bridges-of-belonging-creating-strategies-in-dealing-with-lonliness-kopie","post_title":"Building bridges of belonging \u2013 Creating strategies in dealing with loneliness","href":"https:\/\/wearevillage.org\/en\/shop\/building-bridges-of-belonging\/w50"}},"language":{"code":"de","locale":"","name":"","is_rtl":false},"_links":{"self":[{"href":"https:\/\/wearevillage.org\/wp-json\/wp\/v2\/product\/9157","targetHints":{"allow":["GET"]}}],"collection":[{"href":"https:\/\/wearevillage.org\/wp-json\/wp\/v2\/product"}],"about":[{"href":"https:\/\/wearevillage.org\/wp-json\/wp\/v2\/types\/product"}],"author":[{"embeddable":true,"href":"https:\/\/wearevillage.org\/wp-json\/wp\/v2\/users\/12"}],"wp:featuredmedia":[{"embeddable":true,"href":"https:\/\/wearevillage.org\/wp-json\/wp\/v2\/media\/9155"}],"wp:attachment":[{"href":"https:\/\/wearevillage.org\/wp-json\/wp\/v2\/media?parent=9157"}],"wp:term":[{"taxonomy":"product_brand","embeddable":true,"href":"https:\/\/wearevillage.org\/wp-json\/wp\/v2\/product_brand?post=9157"},{"taxonomy":"product_cat","embeddable":true,"href":"https:\/\/wearevillage.org\/wp-json\/wp\/v2\/product_cat?post=9157"},{"taxonomy":"product_tag","embeddable":true,"href":"https:\/\/wearevillage.org\/wp-json\/wp\/v2\/product_tag?post=9157"}],"curies":[{"name":"wp","href":"https:\/\/api.w.org\/{rel}","templated":true}]}}