{"id":9178,"date":"2023-10-16T17:35:00","date_gmt":"2023-10-16T15:35:00","guid":{"rendered":"https:\/\/wearevillage.org\/?post_type=product&#038;p=9178"},"modified":"2023-11-21T14:53:28","modified_gmt":"2023-11-21T13:53:28","slug":"libreverse-empowering-queer-voices","status":"publish","type":"product","link":"https:\/\/wearevillage.org\/shop\/libreverse\/w47\/","title":{"rendered":"LibreVerse: Empowering Queer Voices"},"content":{"rendered":"<div class=\"wpb-content-wrapper\"><div class=\"vc_row wpb_row vc_row-fluid\"><div class=\"wpb_column vc_column_container vc_col-sm-10\"><div class=\"vc_column-inner\"><div class=\"wpb_wrapper\"><div class=\"vc_row wpb_row vc_inner vc_row-fluid\"><div class=\"wpb_column vc_column_container vc_col-sm-2\"><div class=\"vc_column-inner\"><div class=\"wpb_wrapper\"><\/div><\/div><\/div><\/div><\/div><\/div><\/div><div class=\"wpb_column vc_column_container vc_col-sm-2\"><div class=\"vc_column-inner\"><div class=\"wpb_wrapper\"><\/div><\/div><\/div><\/div><div class=\"vc_row wpb_row vc_row-fluid\"><div class=\"wpb_column vc_column_container vc_col-sm-12\"><div class=\"vc_column-inner\"><div class=\"wpb_wrapper\"><h4 style=\"text-align: left\" class=\"vc_custom_heading vc_do_custom_heading\" >LibreVerse<\/h4><h5 style=\"text-align: left\" class=\"vc_custom_heading vc_do_custom_heading\" >Nicky Miller<\/h5>\n\t<div class=\"wpb_text_column wpb_content_element\" >\n\t\t<div class=\"wpb_wrapper\">\n\t\t\t<div class=\"x11i5rnm xat24cr x1mh8g0r x1vvkbs xtlvy1s\">\n<div class=\"x11i5rnm xat24cr x1mh8g0r x1vvkbs xtlvy1s\">\n<div class=\"x11i5rnm xat24cr x1mh8g0r x1vvkbs xtlvy1s\">\n<p>\u201eLibreVerse\u201c ist ein zweieinhalbst\u00fcndiger Workshop, der das transformative Potenzial des automatischen Schreibens(Automatic writting) innerhalb der queeren Community erforscht. Die Teilnehmer werden in die Tiefen ihres Unterbewusstseins eintauchen und bewusste Filter umgehen, um einen authentischen und ungefilterten Selbstausdruck zu erm\u00f6glichen.<\/p>\n<p>Durch angeleitete \u00dcbungen und Gruppendiskussionen finden die Teilnehmer*innen einen sicheren Raum f\u00fcr Selbstreflexion, Healing und Empowerment. Dieser Workshop bietet die M\u00f6glichkeit, Emotionen, Trauma\u00a0und Herausforderungen im Zusammenhang mit queeren Identit\u00e4ten zu verarbeiten und f\u00f6rdert das Gemeinschaftsgef\u00fchl und das Verst\u00e4ndnis unter den Teilnehmer*innen.<\/p>\n<\/div>\n<p>\u201eLibreVerse\u201c ermutigt die Teilnehmenden, ihre pers\u00f6nlichen Geschichten zu erz\u00e4hlen und sich f\u00fcr die Rechte und die Sichtbarkeit von Queer zu engagieren. Durch die Bereitstellung einer Plattform f\u00fcr Einzelpersonen, um ihre eigenen Geschichten zu erz\u00e4hlen, zielt dieser Workshop darauf ab, dominante Erz\u00e4hlungen in Frage zu stellen und queere Stimmen zu st\u00e4rken.<\/p>\n<p>Durch \u201eLibreVerse\u201c werden die Teilnehmer ein gr\u00f6\u00dferes Selbstvertrauen und eine gr\u00f6\u00dfere Widerstandsf\u00e4higkeit entwickeln, um sich in einer Welt zurechtzufinden, in der queere Menschen oft mit Diskriminierung und Widrigkeiten konfrontiert sind. Der Workshop l\u00e4dt auch zur kreativen Erkundung ein und erm\u00f6glicht es den Teilnehmern, das automatische Schreiben auf verschiedene k\u00fcnstlerische Ausdrucksformen anzuwenden, von Poesie und Prosa bis hin zur bildenden Kunst.<\/p>\n<p>Letztendlich will \u201eLibreVerse\u201c queere Menschen dazu bef\u00e4higen, ihr authentisches Selbst anzunehmen und ein Gef\u00fchl der Zugeh\u00f6rigkeit und der Verantwortung\u00a0bei der Gestaltung ihrer eigenen Geschichten zu f\u00f6rdern.<\/p>\n<\/div>\n<\/div>\n\n\t\t<\/div>\n\t<\/div>\n\n\t<div class=\"wpb_text_column wpb_content_element\" >\n\t\t<div class=\"wpb_wrapper\">\n\t\t\t<div class=\"x11i5rnm xat24cr x1mh8g0r x1vvkbs xtlvy1s\">\n<div class=\"x11i5rnm xat24cr x1mh8g0r x1vvkbs xtlvy1s\">\n<div class=\"x11i5rnm xat24cr x1mh8g0r x1vvkbs xtlvy1s\">\n<p><em>Dieses Event wird auf Englisch sein.<br \/>\n<\/em><\/p>\n<\/div>\n<\/div>\n<\/div>\n\n\t\t<\/div>\n\t<\/div>\n<\/div><\/div><\/div><\/div>\n<\/div>","protected":false},"excerpt":{"rendered":"<h5>19:30 \u2013 22:00<br \/>\nkostenfreier Workshop<\/h5>\n<p class=\"p1\"><strong>| <span style=\"color: #ec6c23;\">LGBTIQA+<\/span>\u00a0|<\/strong><\/p>\n<p>\u201eLibreVerse\u201c ist ein zweieinhalbst\u00fcndiger Workshop, der das transformative Potenzial des automatischen Schreibens innerhalb der queeren Community erforscht.<\/p>\n<p>Voranmeldung erw\u00fcnscht: events@wearevillage.org<\/p>\n","protected":false},"author":12,"featured_media":9181,"template":"","meta":{"pmpro_default_level":"","inline_featured_image":false},"product_brand":[],"product_cat":[77,769,83],"product_tag":[469],"class_list":{"0":"post-9178","1":"product","2":"type-product","3":"status-publish","4":"has-post-thumbnail","6":"product_cat-community-events","7":"product_cat-kostenloser-zugang","8":"product_cat-workshops","9":"product_tag-lgbtqiaplus","10":"pmpro-has-access","12":"first","13":"outofstock","14":"purchasable","15":"product-type-variable"},"wpml_current_locale":"de_DE","wpml_translations":{"en_US":{"locale":"en_US","id":9179,"slug":"queer-flirting-kopie","post_title":"LibreVerse: Empowering Queer Voices","href":"https:\/\/wearevillage.org\/en\/shop\/libreverse\/w47"}},"language":{"code":"de","locale":"","name":"","is_rtl":false},"_links":{"self":[{"href":"https:\/\/wearevillage.org\/wp-json\/wp\/v2\/product\/9178","targetHints":{"allow":["GET"]}}],"collection":[{"href":"https:\/\/wearevillage.org\/wp-json\/wp\/v2\/product"}],"about":[{"href":"https:\/\/wearevillage.org\/wp-json\/wp\/v2\/types\/product"}],"author":[{"embeddable":true,"href":"https:\/\/wearevillage.org\/wp-json\/wp\/v2\/users\/12"}],"wp:featuredmedia":[{"embeddable":true,"href":"https:\/\/wearevillage.org\/wp-json\/wp\/v2\/media\/9181"}],"wp:attachment":[{"href":"https:\/\/wearevillage.org\/wp-json\/wp\/v2\/media?parent=9178"}],"wp:term":[{"taxonomy":"product_brand","embeddable":true,"href":"https:\/\/wearevillage.org\/wp-json\/wp\/v2\/product_brand?post=9178"},{"taxonomy":"product_cat","embeddable":true,"href":"https:\/\/wearevillage.org\/wp-json\/wp\/v2\/product_cat?post=9178"},{"taxonomy":"product_tag","embeddable":true,"href":"https:\/\/wearevillage.org\/wp-json\/wp\/v2\/product_tag?post=9178"}],"curies":[{"name":"wp","href":"https:\/\/api.w.org\/{rel}","templated":true}]}}