{"id":9220,"date":"2023-10-18T12:37:40","date_gmt":"2023-10-18T10:37:40","guid":{"rendered":"https:\/\/wearevillage.org\/?post_type=product&#038;p=9220"},"modified":"2023-11-21T14:18:09","modified_gmt":"2023-11-21T13:18:09","slug":"captain-faggotron-saves-the-universe","status":"publish","type":"product","link":"https:\/\/wearevillage.org\/shop\/captain-faggotron\/w47\/","title":{"rendered":"Captain Faggotron Saves the Universe"},"content":{"rendered":"<div class=\"wpb-content-wrapper\"><div class=\"vc_row wpb_row vc_row-fluid\"><div class=\"wpb_column vc_column_container vc_col-sm-10\"><div class=\"vc_column-inner\"><div class=\"wpb_wrapper\"><\/div><\/div><\/div><div class=\"wpb_column vc_column_container vc_col-sm-2\"><div class=\"vc_column-inner\"><div class=\"wpb_wrapper\"><\/div><\/div><\/div><\/div><div class=\"vc_row wpb_row vc_row-fluid\"><div class=\"wpb_column vc_column_container vc_col-sm-12\"><div class=\"vc_column-inner\"><div class=\"wpb_wrapper\"><h4 style=\"text-align: left\" class=\"vc_custom_heading vc_do_custom_heading\" >Captain Faggotron Saves the Universe, Harvey Rabbit, 2023 - 72 mins, Englisch mit deutschen Untertiteln<\/h4><h5 style=\"text-align: left\" class=\"vc_custom_heading vc_do_custom_heading\" >Harvey Rabbit & David Le Guillermic<\/h5>\n\t<div class=\"wpb_text_column wpb_content_element\" >\n\t\t<div class=\"wpb_wrapper\">\n\t\t\t<p>Father Gaylord versucht, als Priester seine Homosexualit\u00e4t zu unterdr\u00fccken \u2013 und scheitert kl\u00e4glich. W\u00e4hrenddessen hat sein au\u00dferirdischer Ex-Lover Queen Bitch den k\u00fchnen Plan, die Erde mit kosmischen Zauber in einen queeren Planeten zu verwandeln. Superheld Captain Faggotron eilt zur Hilfe. Der gro\u00dfe Knall, inklusive intergalaktischer D\u00e4monenorgie, steht kurz bevor!<\/p>\n<p>Harvey Rabbits herrlich trashiger Fantasy-Film \u00fcber die Angst vor einem queeren Planeten ist eine direkte Antwort auf den Anschlag von Orlando, das Erstarken des Rechtspopulismus in den\u00a0USA, die Verfolgung von queeren Menschen in Russland und die noch immer allgegenw\u00e4rtige queer-feindliche Gewalt. \u201eCaptain Faggotron Saves the Universe\u201c folgt dabei einer Strategie, die tief in der Geschichte queeren \u00dcberlebens verwurzelt ist: Camp ist eine Waffe des freudigen Widerstands und ein Werkzeug zur Dekonstruktion der heteronormativen \u00d6dnis!<\/p>\n<p>Im Anschlu\u00df an das Filmscreening folgt in Q&A mit Regisseur Harvey Rabbit und David Le Guillermic, Co-Kurator der Village Film Night.<\/p>\n\n\t\t<\/div>\n\t<\/div>\n<\/div><\/div><\/div><\/div>\n<\/div>","protected":false},"excerpt":{"rendered":"<h5>19:30 \u2013 22:30<br \/>\nEintritt frei<\/h5>\n<p class=\"p1\"><strong>| <span style=\"color: #ec6c23;\">LGBTQI+<\/span>|<\/strong><\/p>\n<p>Harvey Rabbits herrlich trashiger Fantasy-Film \u201eCaptain Faggotron Saves the Universe\u201c ist ein Film \u00fcber die Angst vor einem queeren Planeten und eine direkte Antwort auf den Anschlag von Orlando, das Erstarken des Rechtspopulismus in den\u00a0USA, die Verfolgung von queeren Menschen in Russland und die noch immer allgegenw\u00e4rtige queer-feindliche Gewalt.<\/p>\n","protected":false},"author":12,"featured_media":9223,"template":"","meta":{"pmpro_default_level":"","inline_featured_image":false},"product_brand":[],"product_cat":[77,769,79],"product_tag":[469],"class_list":{"0":"post-9220","1":"product","2":"type-product","3":"status-publish","4":"has-post-thumbnail","6":"product_cat-community-events","7":"product_cat-kostenloser-zugang","8":"product_cat-monatliche-events","9":"product_tag-lgbtqiaplus","10":"pmpro-has-access","12":"first","13":"outofstock","14":"purchasable","15":"product-type-variable"},"wpml_current_locale":"de_DE","wpml_translations":{"en_US":{"locale":"en_US","id":9221,"slug":"village-film-night-les-rencontres-dapres-minuit-kopie","post_title":"Captain Faggotron Saves the Universe","href":"https:\/\/wearevillage.org\/en\/shop\/captain-faggotron\/w47"}},"language":{"code":"de","locale":"","name":"","is_rtl":false},"_links":{"self":[{"href":"https:\/\/wearevillage.org\/wp-json\/wp\/v2\/product\/9220","targetHints":{"allow":["GET"]}}],"collection":[{"href":"https:\/\/wearevillage.org\/wp-json\/wp\/v2\/product"}],"about":[{"href":"https:\/\/wearevillage.org\/wp-json\/wp\/v2\/types\/product"}],"author":[{"embeddable":true,"href":"https:\/\/wearevillage.org\/wp-json\/wp\/v2\/users\/12"}],"wp:featuredmedia":[{"embeddable":true,"href":"https:\/\/wearevillage.org\/wp-json\/wp\/v2\/media\/9223"}],"wp:attachment":[{"href":"https:\/\/wearevillage.org\/wp-json\/wp\/v2\/media?parent=9220"}],"wp:term":[{"taxonomy":"product_brand","embeddable":true,"href":"https:\/\/wearevillage.org\/wp-json\/wp\/v2\/product_brand?post=9220"},{"taxonomy":"product_cat","embeddable":true,"href":"https:\/\/wearevillage.org\/wp-json\/wp\/v2\/product_cat?post=9220"},{"taxonomy":"product_tag","embeddable":true,"href":"https:\/\/wearevillage.org\/wp-json\/wp\/v2\/product_tag?post=9220"}],"curies":[{"name":"wp","href":"https:\/\/api.w.org\/{rel}","templated":true}]}}