{"id":9295,"date":"2023-10-24T14:23:09","date_gmt":"2023-10-24T12:23:09","guid":{"rendered":"https:\/\/wearevillage.org\/?post_type=product&#038;p=9295"},"modified":"2023-11-21T14:45:00","modified_gmt":"2023-11-21T13:45:00","slug":"trans-generation-meetup-2","status":"publish","type":"product","link":"https:\/\/wearevillage.org\/shop\/trans-generation-meetup\/w47\/","title":{"rendered":"Trans* Generation Meetup"},"content":{"rendered":"<div class=\"wpb-content-wrapper\"><div class=\"vc_row wpb_row vc_row-fluid\"><div class=\"wpb_column vc_column_container vc_col-sm-12\"><div class=\"vc_column-inner\"><div class=\"wpb_wrapper\"><h4 style=\"text-align: left\" class=\"vc_custom_heading vc_do_custom_heading\" >Trans* Generation Meetup<\/h4><h5 style=\"text-align: left\" class=\"vc_custom_heading vc_do_custom_heading\" >mit Kaey<\/h5>\n\t<div class=\"wpb_text_column wpb_content_element\" >\n\t\t<div class=\"wpb_wrapper\">\n\t\t\t<div class=\"x11i5rnm xat24cr x1mh8g0r x1vvkbs xtlvy1s\">\n<div class=\"x11i5rnm xat24cr x1mh8g0r x1vvkbs xtlvy1s\">\n<div class=\"x11i5rnm xat24cr x1mh8g0r x1vvkbs xtlvy1s\">\n<p>Gast: Artist Debra Kate<br \/>\nHost: Kaey<\/p>\n<p>Bei diesem Treffen m\u00f6chten\u00a0wir es trans* Menschen unterschiedlicher Generationen erm\u00f6glichen sich zu begegnen.<\/p>\n<p>Berlin gilt allgemein als queere Hauptstadt mit unendlichen M\u00f6glichkeiten. Doch welche M\u00f6glichkeiten gibt es dabei sich zu begegnen wenn man aus unterschiedlichen Generationen stammt?<\/p>\n<p>Wie kann ich als \u00e4ltere Transperson Gleichgesinnte kennenlernen ohne Facebook-Profil, Instagram-Account und TikTok-Kanal?<\/p>\n<p>Wo kann ich als junge Transperson \u00e4ltere Transmenschen treffen die ihre Geschichten teilen und uns beibringen wie man fr\u00fcher als Transmensch durchs Leben gegangen ist?<\/p>\n<p>Wie k\u00f6nnen sich Aktivist*innen unterschiedlicher Generationen miteinander Vernetzen?<\/p>\n<p>Das Trans* Generation Meetup ist eine lockeres Kennelern-Event. Es gibt eine*n G\u00e4st*in die aus ihrem Leben erz\u00e4hlt und mit der man sich austauschen kann.<\/p>\n<p>Alle k\u00f6nnen Snacks und Getr\u00e4nke mitbringen und sich in entspannter Atmosph\u00e4re unterhalten.<\/p>\n<p><strong>Unsere\u00a0 G\u00e4st*in:\u00a0<\/strong>Debra Kate kreiert interdisziplin\u00e4re Kunst und und kommt aus Amerika. Seit mehr als 2 Jahrzehnten bereichert Debra die Berliner Community durch Performances in unterschiedlichster Form. Debra ist ein SchwuZ-Urgestein und war auf Festivals wie Go Drag! und Wigst\u00f6ckel zu sehen.<\/p>\n<p>Das Event ist offen f\u00fcr alle Menschen die sich mit dem Begriff trans identifizieren k\u00f6nnen. Es ist eine inklusive Veranstaltung. Allies welcome.<\/p>\n<\/div>\n<\/div>\n<\/div>\n\n\t\t<\/div>\n\t<\/div>\n\n\t<div class=\"wpb_text_column wpb_content_element\" >\n\t\t<div class=\"wpb_wrapper\">\n\t\t\t<p>Dieses Event wird je nach Teilnehmerbed\u00fcrfnissen auf Deutsch und\/oder Englisch sein.<\/p>\n<p>Foto: (c) Paula Winkler<\/p>\n\n\t\t<\/div>\n\t<\/div>\n<\/div><\/div><\/div><\/div>\n<\/div>","protected":false},"excerpt":{"rendered":"<h5>Sonntag<br \/>\n18:00-21:00<br \/>\nEintritt frei<\/h5>\n<h5><strong style=\"font-size: 16px;\">| <span style=\"color: #ec6c23;\">TIN & friends<\/span>\u00a0|<\/strong><\/h5>\n<div class=\"x11i5rnm xat24cr x1mh8g0r x1vvkbs xtlvy1s\">\n<div class=\"x11i5rnm xat24cr x1mh8g0r x1vvkbs xtlvy1s\">\n<p>Berlin gilt allgemein als queere Hauptstadt mit unendlichen M\u00f6glichkeiten. Doch welche M\u00f6glichkeiten gibt es dabei sich zu begegnen wenn man aus unterschiedlichen Generationen stammt? Das Trans* Generation Meetup ist eine lockeres Kennelern-Event. Es gibt eine*n G\u00e4st*in die aus ihrem Leben erz\u00e4hlt und mit der man sich austauschen kann.<\/p>\n<p>Foto: (c) Paula Winkler<\/p>\n<\/div>\n<\/div>\n","protected":false},"author":12,"featured_media":9432,"template":"","meta":{"pmpro_default_level":"","inline_featured_image":false},"product_brand":[],"product_cat":[77,769,80],"product_tag":[],"class_list":{"0":"post-9295","1":"product","2":"type-product","3":"status-publish","4":"has-post-thumbnail","6":"product_cat-community-events","7":"product_cat-kostenloser-zugang","8":"product_cat-queer-matters","9":"pmpro-has-access","11":"first","12":"outofstock","13":"purchasable","14":"product-type-variable"},"wpml_current_locale":"de_DE","wpml_translations":{"en_US":{"locale":"en_US","id":9296,"slug":"trans-generation-meetup-kopie","post_title":"Trans* Generation Meetup","href":"https:\/\/wearevillage.org\/en\/shop\/trans-generation-meetup\/w47"}},"language":{"code":"de","locale":"","name":"","is_rtl":false},"_links":{"self":[{"href":"https:\/\/wearevillage.org\/wp-json\/wp\/v2\/product\/9295","targetHints":{"allow":["GET"]}}],"collection":[{"href":"https:\/\/wearevillage.org\/wp-json\/wp\/v2\/product"}],"about":[{"href":"https:\/\/wearevillage.org\/wp-json\/wp\/v2\/types\/product"}],"author":[{"embeddable":true,"href":"https:\/\/wearevillage.org\/wp-json\/wp\/v2\/users\/12"}],"wp:featuredmedia":[{"embeddable":true,"href":"https:\/\/wearevillage.org\/wp-json\/wp\/v2\/media\/9432"}],"wp:attachment":[{"href":"https:\/\/wearevillage.org\/wp-json\/wp\/v2\/media?parent=9295"}],"wp:term":[{"taxonomy":"product_brand","embeddable":true,"href":"https:\/\/wearevillage.org\/wp-json\/wp\/v2\/product_brand?post=9295"},{"taxonomy":"product_cat","embeddable":true,"href":"https:\/\/wearevillage.org\/wp-json\/wp\/v2\/product_cat?post=9295"},{"taxonomy":"product_tag","embeddable":true,"href":"https:\/\/wearevillage.org\/wp-json\/wp\/v2\/product_tag?post=9295"}],"curies":[{"name":"wp","href":"https:\/\/api.w.org\/{rel}","templated":true}]}}