{"id":9301,"date":"2023-10-25T14:50:14","date_gmt":"2023-10-25T12:50:14","guid":{"rendered":"https:\/\/wearevillage.org\/?post_type=product&#038;p=9301"},"modified":"2023-11-21T14:38:39","modified_gmt":"2023-11-21T13:38:39","slug":"village-book-club-4","status":"publish","type":"product","link":"https:\/\/wearevillage.org\/shop\/book-club\/w50\/","title":{"rendered":"Village Book Club"},"content":{"rendered":"<div class=\"wpb-content-wrapper\"><div class=\"vc_row wpb_row vc_row-fluid\"><div class=\"wpb_column vc_column_container vc_col-sm-10\"><div class=\"vc_column-inner\"><div class=\"wpb_wrapper\"><\/div><\/div><\/div><div class=\"wpb_column vc_column_container vc_col-sm-2\"><div class=\"vc_column-inner\"><div class=\"wpb_wrapper\"><\/div><\/div><\/div><\/div><div class=\"vc_row wpb_row vc_row-fluid\"><div class=\"wpb_column vc_column_container vc_col-sm-12\"><div class=\"vc_column-inner\"><div class=\"wpb_wrapper\"><h4 style=\"text-align: left\" class=\"vc_custom_heading vc_do_custom_heading\" >Village Book Club \u2013 \"London Triptych\" \/\/ Jonathan Kemp (2013)<\/h4><h5 style=\"text-align: left\" class=\"vc_custom_heading vc_do_custom_heading\" >Moderator: Marco Astolfi<\/h5>\n\t<div class=\"wpb_text_column wpb_content_element\" >\n\t\t<div class=\"wpb_wrapper\">\n\t\t\t<div class=\"page\" title=\"Page 1\">\n<div class=\"section\">\n<div class=\"layoutArea\">\n<div class=\"column\">\n<div class=\"page\" title=\"Page 1\">\n<div class=\"section\">\n<div class=\"layoutArea\">\n<div class=\"column\">\n<p>\u201eIch wollte ein verborgenes London darstellen, eine geheime und sehr sexuelle Kartographie der Stadt, die oft verdeckt, marginalisiert und ignoriert wird\u201c, erkl\u00e4rt der Autor. Der Roman handelt von drei verschiedenen Londons, erz\u00e4hlt aus der Perspektive von drei schwulen M\u00e4nnern. Das viktorianische London, in dem die m\u00e4nnliche Prostitution die M\u00f6glichkeit bietet, die \u00fcbel riechenden, von Armut gezeichneten Viertel zu verlassen und die Freuden der High Society zu genie\u00dfen, kurz bevor der skandal\u00f6se Prozess gegen Oscar Wilde alles ver\u00e4ndern wird. Das London der Nachkriegszeit in den 1950er Jahren, mit seiner Tr\u00fcmmerlandschaft und den zerbombten Geb\u00e4uden, wo es in einer Zeit der Unterdr\u00fcckung und der Feindseligkeit gegen\u00fcber Homosexualit\u00e4t besser ist, im Verborgenen zu bleiben und das Verlangen zu sublimieren. Und das London am Ende des 20. Jahrhunderts, die Party-Hauptstadt mit ihrer hedonistischen Club-Szene, als Ort, an den man fliehen und sich neu erfinden kann, wo aber Anonymit\u00e4t, Unsichtbarkeit und fehlende Intimit\u00e4t den Einzelnen zu verschlingen drohen.<\/p>\n<p>Das Buch ist auf Englisch und Deutsch. Die Diskussion werden wir auf Englisch f\u00fchren (mit \u00dcbersetzung vom und ins Deutsche, wenn n\u00f6tig).<\/p>\n<p>Viel Freude beim Lesen!<\/p>\n<\/div>\n<\/div>\n<\/div>\n<\/div>\n<\/div>\n<\/div>\n<\/div>\n<\/div>\n\n\t\t<\/div>\n\t<\/div>\n\n\t<div class=\"wpb_text_column wpb_content_element\" >\n\t\t<div class=\"wpb_wrapper\">\n\t\t\t<div class=\"page\" title=\"Page 1\">\n<div class=\"section\">\n<div class=\"layoutArea\">\n<div class=\"column\">\n<div class=\"page\" title=\"Page 1\">\n<div class=\"section\">\n<div class=\"layoutArea\">\n<div class=\"column\">\n<p><strong>\u00dcber den Village Book Club<br \/>\n<\/strong>B\u00fccherliebhaber und Leseratten treffen sich alle zwei Monate, um Literatur und Sachb\u00fccher (Romane, Biografien und Essays) zu besprechen, die sich mit LGBTQIA+-Themen und -Pers\u00f6nlichkeiten befassen oder damit in Zusammenhang stehen.<\/p>\n<p>In Voraussicht auf aufschlussreiche Diskussionen w\u00e4hlen wir das n\u00e4chste Buch zwei Monate im Voraus aus.<\/p>\n<\/div>\n<\/div>\n<\/div>\n<\/div>\n<\/div>\n<\/div>\n<\/div>\n<\/div>\n\n\t\t<\/div>\n\t<\/div>\n<\/div><\/div><\/div><\/div>\n<\/div>","protected":false},"excerpt":{"rendered":"<h5>Montag<br \/>\n20:00 \u2013 22:30<br \/>\nEintritt frei<\/h5>\n<p class=\"p1\"><strong>| <span style=\"color: #ec6c23;\">LGBTQIA+<\/span>\u00a0|<\/strong><\/p>\n<p>Der Roman \u201eLondon Triptych\u201c handelt von drei verschiedenen Londons, erz\u00e4hlt aus der Perspektive von drei schwulen M\u00e4nnern. Ich wollte ein verborgenes London darstellen, eine geheime und sehr sexuelle Kartographie der Stadt, die oft verdeckt, marginalisiert und ignoriert wird\u201c, erkl\u00e4rt der Autor.<\/p>\n<p>\u201eLondon Triptych\u201c \/\/ Jonathan Kemp (2013)<\/p>\n","protected":false},"author":12,"featured_media":9304,"template":"","meta":{"pmpro_default_level":"","inline_featured_image":false},"product_brand":[],"product_cat":[77,769,79],"product_tag":[469],"class_list":{"0":"post-9301","1":"product","2":"type-product","3":"status-publish","4":"has-post-thumbnail","6":"product_cat-community-events","7":"product_cat-kostenloser-zugang","8":"product_cat-monatliche-events","9":"product_tag-lgbtqiaplus","10":"pmpro-has-access","12":"first","13":"outofstock","14":"purchasable","15":"product-type-variable"},"wpml_current_locale":"de_DE","wpml_translations":{"en_US":{"locale":"en_US","id":9302,"slug":"village-book-club-kopie-3","post_title":"Village Book Club","href":"https:\/\/wearevillage.org\/en\/shop\/book-club\/w50"}},"language":{"code":"de","locale":"","name":"","is_rtl":false},"_links":{"self":[{"href":"https:\/\/wearevillage.org\/wp-json\/wp\/v2\/product\/9301","targetHints":{"allow":["GET"]}}],"collection":[{"href":"https:\/\/wearevillage.org\/wp-json\/wp\/v2\/product"}],"about":[{"href":"https:\/\/wearevillage.org\/wp-json\/wp\/v2\/types\/product"}],"author":[{"embeddable":true,"href":"https:\/\/wearevillage.org\/wp-json\/wp\/v2\/users\/12"}],"wp:featuredmedia":[{"embeddable":true,"href":"https:\/\/wearevillage.org\/wp-json\/wp\/v2\/media\/9304"}],"wp:attachment":[{"href":"https:\/\/wearevillage.org\/wp-json\/wp\/v2\/media?parent=9301"}],"wp:term":[{"taxonomy":"product_brand","embeddable":true,"href":"https:\/\/wearevillage.org\/wp-json\/wp\/v2\/product_brand?post=9301"},{"taxonomy":"product_cat","embeddable":true,"href":"https:\/\/wearevillage.org\/wp-json\/wp\/v2\/product_cat?post=9301"},{"taxonomy":"product_tag","embeddable":true,"href":"https:\/\/wearevillage.org\/wp-json\/wp\/v2\/product_tag?post=9301"}],"curies":[{"name":"wp","href":"https:\/\/api.w.org\/{rel}","templated":true}]}}