{"id":9376,"date":"2023-10-30T15:06:05","date_gmt":"2023-10-30T14:06:05","guid":{"rendered":"https:\/\/wearevillage.org\/?post_type=product&#038;p=9376"},"modified":"2023-11-22T14:18:34","modified_gmt":"2023-11-22T13:18:34","slug":"village-outdoor-queer-plant-stories-tour-durch-den-botanischen-garten","status":"publish","type":"product","link":"https:\/\/wearevillage.org\/shop\/village-outdoor-w46\/","title":{"rendered":"Village Outdoor \u2013 Queer Plant Stories \u2013 Tour durch den Botanischen Garten"},"content":{"rendered":"<div class=\"wpb-content-wrapper\"><div class=\"vc_row wpb_row vc_row-fluid\"><div class=\"wpb_column vc_column_container vc_col-sm-10\"><div class=\"vc_column-inner\"><div class=\"wpb_wrapper\"><\/div><\/div><\/div><div class=\"wpb_column vc_column_container vc_col-sm-2\"><div class=\"vc_column-inner\"><div class=\"wpb_wrapper\"><\/div><\/div><\/div><\/div><div class=\"vc_row wpb_row vc_row-fluid\"><div class=\"wpb_column vc_column_container vc_col-sm-12\"><div class=\"vc_column-inner\"><div class=\"wpb_wrapper\"><h4 style=\"text-align: left\" class=\"vc_custom_heading vc_do_custom_heading\" >Village Outdoor \u2013 Queer Plant Stories \u2013 Tour durch den Botanischen Garten<\/h4><h5 style=\"text-align: left\" class=\"vc_custom_heading vc_do_custom_heading\" >with Bence G\u00e1sp\u00e1r<\/h5>\n\t<div class=\"wpb_text_column wpb_content_element\" >\n\t\t<div class=\"wpb_wrapper\">\n\t\t\t<div class=\"x11i5rnm xat24cr x1mh8g0r x1vvkbs xtlvy1s\">\n<div class=\"x11i5rnm xat24cr x1mh8g0r x1vvkbs xtlvy1s\">\n<div class=\"x11i5rnm xat24cr x1mh8g0r x1vvkbs xtlvy1s\">\n<div class=\"x11i5rnm xat24cr x1mh8g0r x1vvkbs xtlvy1s\">\n<p>Wenn du in der kalten Jahreszeit nach W\u00e4rme suchst, dann laden wir dich zu einem Rundgang durch einen echten Biodiversit\u00e4ts-Hotspot in der Stadt Berlin ein. In rund 15 verschiedenen Gew\u00e4chsh\u00e4usern k\u00f6nnen wir diese gr\u00fcne Oase bei tropischen Temperaturen entdecken.<\/p>\n<p>Im Mittelpunkt steht die \u00fcbermenschliche Intelligenz der Pflanzen und die Frage, wie wir Menschen uns einen Reim auf das machen k\u00f6nnen, was wir in ihrer verbl\u00fcffenden Vielfalt an Formen und Gestalten sehen. Welche Geschichten erz\u00e4hlen wir uns \u00fcber Pflanzen und welche L\u00f6sungen finden sie f\u00fcr die gleichen Herausforderungen \u2013 \u00dcberleben, Fortpflanzung, Leben in Gemeinschaft -, die auch wir Menschen bew\u00e4ltigen m\u00fcssen. Vielleicht k\u00f6nnen wir alle etwas von ihnen lernen.<\/p>\n<p>Begleitet werden wir von unserem eigenen Village-Community-Member und Reiseleiter, Bence G\u00e1sp\u00e1r (Doktor der Evolutions\u00f6kologie der Pflanzen).<\/p>\n<h5>Der Treffpunkt wird den angemeldeten Teilnehmern mitgeteilt.<\/h5>\n<p>Dieses Event ist kostenfrei in Bezug auf Organisation und Teilnahme. Sollten Eintritts- oder Nutzungskosten anfallen, k\u00f6nnen wir diese \u00fcber Privatspenden tragen, um so f\u00fcr alle 100%ige Zug\u00e4nglichkeit zu gew\u00e4hrleisten. Bitte la\u00df uns per Email vorher wissen, ob du dieses Angebot in Anspruch nehmen m\u00f6chtest. Die Information wird vertraulich behandelt.<\/p>\n<p>Unser Abenteuer wird insgesamt etwa 4 Stunden dauern, mit einer Kaffee-Kuchen-Pause in der Mitte.<\/p>\n<p>Der Garten ist mit der BVG begehbar.<\/p>\n<p>Hei\u00dfe Getr\u00e4nke und Kuchen sind sehr willkommen.<\/p>\n<\/div>\n<p>max. 20 Teilnehmer*innen<\/p>\n<\/div>\n<p>Voranmeldung erw\u00fcnscht: events@wearevillage.org<\/p>\n<div class=\"x11i5rnm xat24cr x1mh8g0r x1vvkbs xtlvy1s\">\n<div class=\"x11i5rnm xat24cr x1mh8g0r x1vvkbs xtlvy1s\">\n<p>Wir freuen uns auf Euch! <span class=\"x3nfvp2 x1j61x8r x1fcty0u xdj266r xhhsvwb xat24cr xgzva0m xxymvpz xlup9mm x1kky2od\"><img loading=\"lazy\" decoding=\"async\" src=\"https:\/\/static.xx.fbcdn.net\/images\/emoji.php\/v9\/t6c\/1\/16\/2764.png\" alt=\"\u2764\ufe0f\" width=\"16\" height=\"16\" \/><\/span><\/p>\n<\/div>\n<\/div>\n<\/div>\n<\/div>\n\n\t\t<\/div>\n\t<\/div>\n<\/div><\/div><\/div><\/div>\n<\/div>","protected":false},"excerpt":{"rendered":"<h5>Outdoor Event<br \/>\n12:00 \u2013 15:00<br \/>\nDer Treffpunkt wird den angemeldeten Teilnehmern mitgeteilt.<\/h5>\n<p class=\"p1\"><strong>| <span style=\"color: #ec6c23;\">LGBTQIA+\u00a0<\/span>|<\/strong><\/p>\n<div class=\"x11i5rnm xat24cr x1mh8g0r x1vvkbs xtlvy1s\">\n<div class=\"x11i5rnm xat24cr x1mh8g0r x1vvkbs xtlvy1s\">\n<p>Wenn du in der kalten Jahreszeit nach W\u00e4rme suchst, dann laden wir dich zu einem Rundgang durch einen echten Biodiversit\u00e4ts-Hotspot in der Stadt Berlin ein. In rund 15 verschiedenen Gew\u00e4chsh\u00e4usern k\u00f6nnen wir diese gr\u00fcne Oase bei tropischen Temperaturen entdecken.<\/p>\n<\/div>\n<\/div>\n","protected":false},"author":12,"featured_media":9604,"template":"","meta":{"pmpro_default_level":"","inline_featured_image":false},"product_brand":[],"product_cat":[77,769,79],"product_tag":[469],"class_list":{"0":"post-9376","1":"product","2":"type-product","3":"status-publish","4":"has-post-thumbnail","6":"product_cat-community-events","7":"product_cat-kostenloser-zugang","8":"product_cat-monatliche-events","9":"product_tag-lgbtqiaplus","10":"pmpro-has-access","12":"first","13":"outofstock","14":"purchasable","15":"product-type-variable"},"wpml_current_locale":"de_DE","wpml_translations":{"en_US":{"locale":"en_US","id":9377,"slug":"village-outdoor-along-the-shore-of-the-panke-kopie","post_title":"Village Outdoor \u2013 Queer Plant Stories \u2013 Tour in the Botanical Garden\u2019s Greenhouses","href":"https:\/\/wearevillage.org\/en\/shop\/village-outdoor-w46"}},"language":{"code":"de","locale":"","name":"","is_rtl":false},"_links":{"self":[{"href":"https:\/\/wearevillage.org\/wp-json\/wp\/v2\/product\/9376","targetHints":{"allow":["GET"]}}],"collection":[{"href":"https:\/\/wearevillage.org\/wp-json\/wp\/v2\/product"}],"about":[{"href":"https:\/\/wearevillage.org\/wp-json\/wp\/v2\/types\/product"}],"author":[{"embeddable":true,"href":"https:\/\/wearevillage.org\/wp-json\/wp\/v2\/users\/12"}],"wp:featuredmedia":[{"embeddable":true,"href":"https:\/\/wearevillage.org\/wp-json\/wp\/v2\/media\/9604"}],"wp:attachment":[{"href":"https:\/\/wearevillage.org\/wp-json\/wp\/v2\/media?parent=9376"}],"wp:term":[{"taxonomy":"product_brand","embeddable":true,"href":"https:\/\/wearevillage.org\/wp-json\/wp\/v2\/product_brand?post=9376"},{"taxonomy":"product_cat","embeddable":true,"href":"https:\/\/wearevillage.org\/wp-json\/wp\/v2\/product_cat?post=9376"},{"taxonomy":"product_tag","embeddable":true,"href":"https:\/\/wearevillage.org\/wp-json\/wp\/v2\/product_tag?post=9376"}],"curies":[{"name":"wp","href":"https:\/\/api.w.org\/{rel}","templated":true}]}}