{"id":9587,"date":"2023-11-14T17:10:05","date_gmt":"2023-11-14T16:10:05","guid":{"rendered":"https:\/\/wearevillage.org\/?post_type=product&#038;p=9587"},"modified":"2023-11-21T14:18:01","modified_gmt":"2023-11-21T13:18:01","slug":"village-film-night-hedwig-and-the-angry-inch","status":"publish","type":"product","link":"https:\/\/wearevillage.org\/shop\/village-film\/w51\/","title":{"rendered":"Village Film Night \u2013 Hedwig and the Angry Inch"},"content":{"rendered":"<div class=\"wpb-content-wrapper\"><div class=\"vc_row wpb_row vc_row-fluid\"><div class=\"wpb_column vc_column_container vc_col-sm-10\"><div class=\"vc_column-inner\"><div class=\"wpb_wrapper\"><\/div><\/div><\/div><div class=\"wpb_column vc_column_container vc_col-sm-2\"><div class=\"vc_column-inner\"><div class=\"wpb_wrapper\"><\/div><\/div><\/div><\/div><div class=\"vc_row wpb_row vc_row-fluid\"><div class=\"wpb_column vc_column_container vc_col-sm-12\"><div class=\"vc_column-inner\"><div class=\"wpb_wrapper\"><h4 style=\"text-align: left\" class=\"vc_custom_heading vc_do_custom_heading\" >Village Film Night \u2013 Hedwig and the Angry Inch<\/h4><h5 style=\"text-align: left\" class=\"vc_custom_heading vc_do_custom_heading\" >David Le Guillermic und Pierre Em\u00f6<\/h5>\n\t<div class=\"wpb_text_column wpb_content_element\" >\n\t\t<div class=\"wpb_wrapper\">\n\t\t\t<p>Village Film Night \u2013 Hedwig and the Angry Inch, John Cameron Mitchell, 2001 \u2013 92 mins, Englisch mit englischen Untertiteln<\/p>\n<p>Als Junge in Ostberlin aufgewachsen, macht Hedwig eine traumatische pers\u00f6nliche Verwandlung durch, um in die USA auszuwandern, wo sie sich als \u201einternational ignorierte\u201c, aber g\u00f6ttlich talentierte Rockdiva neu erfindet. Der Film erz\u00e4hlt Hedwigs Leben durch ihre Musik, eine eklektische Mischung aus originellen Punk-Hymnen und Power-Balladen, die mit einem freilaufenden filmischen Mosaik aus Musikvideo-Phantasien, animierten Einlagen und Momenten von erfrischendem emotionalem Realismus kombiniert werden. Hedwig and the Angry Inch ist ein mitrei\u00dfender Songzyklus und eine z\u00e4rtliche Charakterstudie, eine Hommage an die transzendente Kraft des Rock \u2019n\u2018 Roll.<\/p>\n<p>Die monatliche Filmnacht von Village.Berlin hat sich zu einem Muss f\u00fcr Cineasten entwickelt, die eine Auswahl an beliebten Klassikern genie\u00dfen wollen. Das Programm umfasst eine breite Erkundung queerer und nicht-normativer Perspektiven in verschiedenen Genres und k\u00fcnstlerischen Stilen, die \u00fcber LGBTQI+Themen hinausgehen. Nach jeder Vorf\u00fchrung werden die G\u00e4ste zum Verweilen und zur Teilnahme an entspannten Gruppendiskussionen \u00fcber die Filme und damit verbundene Themen eingeladen.<\/p>\n\n\t\t<\/div>\n\t<\/div>\n<\/div><\/div><\/div><\/div>\n<\/div>","protected":false},"excerpt":{"rendered":"<h5>Donnerstag<br \/>\n19:30 \u2013 22:30<br \/>\nEintritt frei<\/h5>\n<p class=\"p1\"><strong>| <span style=\"color: #ec6c23;\">LGBTQIA+<\/span>|<\/strong><\/p>\n<p>Als Junge in Ostberlin aufgewachsen, macht Hedwig eine traumatische pers\u00f6nliche Verwandlung durch, um in die USA auszuwandern, wo sie sich als \u201einternational ignorierte\u201c, aber g\u00f6ttlich talentierte Rockdiva neu erfindet.<\/p>\n","protected":false},"author":12,"featured_media":9590,"template":"","meta":{"pmpro_default_level":"","inline_featured_image":false},"product_brand":[],"product_cat":[77,769,79],"product_tag":[469],"class_list":{"0":"post-9587","1":"product","2":"type-product","3":"status-publish","4":"has-post-thumbnail","6":"product_cat-community-events","7":"product_cat-kostenloser-zugang","8":"product_cat-monatliche-events","9":"product_tag-lgbtqiaplus","10":"pmpro-has-access","12":"first","13":"outofstock","14":"purchasable","15":"product-type-variable"},"wpml_current_locale":"de_DE","wpml_translations":{"en_US":{"locale":"en_US","id":9588,"slug":"village-film-night-linconnu-du-lac-kopie","post_title":"Village Film Night \u2013 Hedwig and the Angry Inch","href":"https:\/\/wearevillage.org\/en\/shop\/village-film\/w51"}},"language":{"code":"de","locale":"","name":"","is_rtl":false},"_links":{"self":[{"href":"https:\/\/wearevillage.org\/wp-json\/wp\/v2\/product\/9587","targetHints":{"allow":["GET"]}}],"collection":[{"href":"https:\/\/wearevillage.org\/wp-json\/wp\/v2\/product"}],"about":[{"href":"https:\/\/wearevillage.org\/wp-json\/wp\/v2\/types\/product"}],"author":[{"embeddable":true,"href":"https:\/\/wearevillage.org\/wp-json\/wp\/v2\/users\/12"}],"wp:featuredmedia":[{"embeddable":true,"href":"https:\/\/wearevillage.org\/wp-json\/wp\/v2\/media\/9590"}],"wp:attachment":[{"href":"https:\/\/wearevillage.org\/wp-json\/wp\/v2\/media?parent=9587"}],"wp:term":[{"taxonomy":"product_brand","embeddable":true,"href":"https:\/\/wearevillage.org\/wp-json\/wp\/v2\/product_brand?post=9587"},{"taxonomy":"product_cat","embeddable":true,"href":"https:\/\/wearevillage.org\/wp-json\/wp\/v2\/product_cat?post=9587"},{"taxonomy":"product_tag","embeddable":true,"href":"https:\/\/wearevillage.org\/wp-json\/wp\/v2\/product_tag?post=9587"}],"curies":[{"name":"wp","href":"https:\/\/api.w.org\/{rel}","templated":true}]}}