{"id":7567,"date":"2023-06-25T11:35:37","date_gmt":"2023-06-25T09:35:37","guid":{"rendered":"https:\/\/wearevillage.org\/?post_type=product&#038;p=7567"},"modified":"2024-10-30T15:43:42","modified_gmt":"2024-10-30T14:43:42","slug":"eros-new-years-retreat","status":"publish","type":"product","link":"https:\/\/wearevillage.org\/shop\/new-year-retreat\/w52\/","title":{"rendered":"New Year\u2019s Retreat 2023"},"content":{"rendered":"<div class=\"wpb-content-wrapper\"><div class=\"vc_row wpb_row vc_row-fluid\"><div class=\"wpb_column vc_column_container vc_col-sm-12\"><div class=\"vc_column-inner\"><div class=\"wpb_wrapper\"><h4 style=\"text-align: left\" class=\"vc_custom_heading vc_do_custom_heading\" >Neujahrsretreat<\/h4><h4 style=\"text-align: left\" class=\"vc_custom_heading vc_do_custom_heading\" >Tauch ein in eine Reise der Begegnung, des Feierns und der starken Rituale!<\/h4><h5 style=\"text-align: left\" class=\"vc_custom_heading vc_do_custom_heading\" >Michael Rolnick & Jochen Stechmann<\/h5>\n\t<div class=\"wpb_text_column wpb_content_element\" >\n\t\t<div class=\"wpb_wrapper\">\n\t\t\t<div class=\"x11i5rnm xat24cr x1mh8g0r x1vvkbs xtlvy1s\">\n<div class=\"x11i5rnm xat24cr x1mh8g0r x1vvkbs xtlvy1s\">\n<div class=\"x11i5rnm xat24cr x1mh8g0r x1vvkbs xtlvy1s\">\n<p>Mache eine au\u00dfergew\u00f6hnliche 5-t\u00e4gige Erfahrung, die eine bewusste und verbundene Art und Weise bietet, das Jahr 2023 zu verabschieden und die Ankunft des Jahres 2024 zu begr\u00fc\u00dfen.<\/p>\n<p>Tauche ein in eine transformative Reise mit bedeutsamen Connections, kraftvollenRitualen und genussvollem Feiern. Lasse das vergangene Jahr Revue passieren und denke \u00fcber die Ziele nach, die du im neuen Jahr manifestieren oder anziehen m\u00f6chtest.<\/p>\n<p>Finde dich in einer Gruppe von Menschen wieder, die den Austausch in der Gegenwart, Engagement und pers\u00f6nliches Wachstum zu sch\u00e4tzen wissen. Nimm dir Zeit, deineEnergiereserven wieder aufzuladen, Achtsamkeit und erdende somatische Praktiken zu erforschen. Lasse dich auf die Kraft der Ber\u00fchrung, auf einvernehmliche Intimit\u00e4t und sinnliche Verbindungen ein.<\/p>\n<p><strong>Dieses Retreat bietet eine bereichernde M\u00f6glichkeit, deine Sexualit\u00e4t aus verschiedenen Blickwinkeln zu erforschen und darunterliegende Motivationen zu erkennen.<\/strong><\/p>\n<p>Begleite uns in einer sicheren und ruhigen Atmosph\u00e4re, die auf Vertrauen und gegenseitigem Einverst\u00e4ndnis beruht, und in der du neue Beziehungen kn\u00fcpfen oder bestehende st\u00e4rken kannst.<\/p>\n<p>Erlauben dir, so zu kommen, wie du bist. Erforsche Sanftes und Ungez\u00e4hmtes in dir. Singe, tanze und lasse dich von deinem Herzen tragen!<\/p>\n<\/div>\n<\/div>\n<\/div>\n\n\t\t<\/div>\n\t<\/div>\n\n\t<div class=\"wpb_text_column wpb_content_element\" >\n\t\t<div class=\"wpb_wrapper\">\n\t\t\t<div class=\"x11i5rnm xat24cr x1mh8g0r x1vvkbs xtlvy1s\">\n<div class=\"x11i5rnm xat24cr x1mh8g0r x1vvkbs xtlvy1s\">\n<div class=\"x11i5rnm xat24cr x1mh8g0r x1vvkbs xtlvy1s\">\n<p><strong>Unser Programm umfasst eine Vielzahl von Aktivit\u00e4ten, darunter:<\/strong><\/p>\n<ul>\n<li>Er\u00f6ffnungskreis: Ein Begr\u00fc\u00dfungstreffen zu Beginn unserer gemeinsamen Zeit.Pers\u00f6nliche W\u00fcnsche erforschen: Wir reflektieren dar\u00fcber, was wir in diese Erfahrung mitbringen und was wir uns davon erhoffen.<\/li>\n<li>Intentionen und Grenzen setzen: Wir legen unsere individuellen Absichten und Grenzen fest und schaffen einen sicheren Raum f\u00fcr alle Teilnehmer*.<\/li>\n<li>Praxis am Morgen: Praktiken wie Meditation, Bewegung und Achtsamkeit, um den Tag mit Klarheit und Achtsamkeit zu beginnen.<\/li>\n<li>Partnerschafts- und Ber\u00fchrungs\u00fcbungen: Spielerische \u00dcbungen zur Vertiefung von Beziehungen und zur Erforschung einvernehmlicher Ber\u00fchrungen.<\/li>\n<li>\u00dcber das Jahr 2023 nachdenken: Wir nehmen uns Zeit, das vergangene Jahr Revue passieren zu lassen und aus den Erfahrungen zu lernen.<\/li>\n<li>Einstimmung auf 2024: Ein Gef\u00fchl der Vorfreude und Empf\u00e4nglichkeit f\u00fcr die M\u00f6glichkeiten, die das neue Jahr bietet, kultivieren.<\/li>\n<li>Bewusste Sexualit\u00e4t erforschen: Spielerische und erhellende Aktivit\u00e4ten, die verschiedene Perspektiven auf bewusste sexuelle Erfahrungen bieten.<\/li>\n<li>Dynamische Freiraumstruktur: Bereitstellung eines flexiblen Rahmens, der es den Teilnehmern erm\u00f6glicht, sich an Aktivit\u00e4ten ihrer Wahl zu beteiligen.<\/li>\n<li>Neujahrsessen, Ritual und Party: Das neue Jahr wird gefeiert.<\/li>\n<li>Kein-Talent-Show: Eine heitere Gelegenheit f\u00fcr die Teilnehmer*, ihre einzigartigen Talente zu zeigen oder sich einfach an den verschiedenen Talenten anderer zu erfreuen.<\/li>\n<li>Integration und Abschluss: Wir schlie\u00dfen unsere gemeinsame Zeit ab, indem wir unsere Erfahrungen integrieren und ein Gef\u00fchl des Abschlusses schaffen.<\/li>\n<\/ul>\n<\/div>\n<\/div>\n<\/div>\n\n\t\t<\/div>\n\t<\/div>\n\n\t<div class=\"wpb_text_column wpb_content_element\" >\n\t\t<div class=\"wpb_wrapper\">\n\t\t\t<div class=\"x11i5rnm xat24cr x1mh8g0r x1vvkbs xtlvy1s\">\n<div class=\"x11i5rnm xat24cr x1mh8g0r x1vvkbs xtlvy1s\">\n<div class=\"x11i5rnm xat24cr x1mh8g0r x1vvkbs xtlvy1s\">\n<p><em>>> Die Teilnahme an allen angebotenen Aktivit\u00e4ten ist freiwillig, was Dir die Freiheit gibt, so teilzunehmen, wie Du es f\u00fcr richtig h\u00e4ltst.<br \/>\n<\/em><em>>> Bitte beachte, dass das Programm geringf\u00fcgig angepasst und erg\u00e4nzt werden kann, um allen Teilnehmern<span lang=\"DE\">*<\/span>\u00a0ein reichhaltiges und erf\u00fcllendes Erlebnis zu bieten.<br \/>\n<\/em><em>>> f\u00fcr schwule, bi, trans und queere M\u00e4nner* und Menschen, die ihre Identit\u00e4t auf dem genderfluiden Spektrum zwischen m\u00e4nnlich und nonbin\u00e4r verorten<span lang=\"DE\">.<br \/>\n<\/span><\/em><em>>> Dieses Event wird je nach Teilnehmerbed\u00fcrfnissen auf Deutsch und\/oder Englisch sein.<\/em><\/p>\n<section class=\"related products\"><\/section>\n<\/div>\n<\/div>\n<\/div>\n\n\t\t<\/div>\n\t<\/div>\n\n\t<div class=\"wpb_text_column wpb_content_element\" >\n\t\t<div class=\"wpb_wrapper\">\n\t\t\t<div class=\"x11i5rnm xat24cr x1mh8g0r x1vvkbs xtlvy1s\">\n<div class=\"x11i5rnm xat24cr x1mh8g0r x1vvkbs xtlvy1s\">\n<div class=\"x11i5rnm xat24cr x1mh8g0r x1vvkbs xtlvy1s\">\n<blockquote><p>\n<em>> Mahlzeiten und \u00dcbernachtungen sind nicht in der Teilnahmegeb\u00fchr enthalten. Die Unterkunft (\u00dcbernachtung im Gruppenraum) kostet 80\u20ac und der Verpflegungspreis betr\u00e4gt 230\u20ac.\u00a0 Zu zahlen in bar bei der Ankunft.<\/em><br \/>\n<em>>> Vegetarisches Essen<span lang=\"DE\">\u00a0(<\/span>gluten- und milchfreie Optionen<span lang=\"DE\">) \/ <\/span>3 Mahlzeiten pro Tag (inkl. Abendessen am 28. Dezember und Mittagessen am 1. Januar) \/ Der Verpflegungsbetrag ist auch f\u00e4llig bei Stornierungen nach dem 20. Dezember.<\/em><br \/>\n<em>>> Die Unterkunft am 27. Dezember und\/oder 1. Januar kann f\u00fcr einen Aufpreis von 20 \u20ac pro Nacht gebucht werden.<br \/>\n>> Start: Donnerstag 28. Dezember 14:00 \/ Ende: Montag 1. Januar: 16:00<br \/>\n<\/em><\/p>\n<p>Dieses Event wird je nach Teilnehmerbed\u00fcrfnissen auf Deutsch und\/oder Englisch sein.\n<\/p><\/blockquote>\n<section class=\"related products\"><\/section>\n<\/div>\n<\/div>\n<\/div>\n\n\t\t<\/div>\n\t<\/div>\n<\/div><\/div><\/div><\/div>\n<\/div>","protected":false},"excerpt":{"rendered":"<h5>5 Tage Retreat<\/h5>\n<p><strong><a href=\"https:\/\/wearevillage.org\/shop\/new-year-retreat\/w52-2024\" target=\"_blank\" rel=\"noopener\">Hier zum New Year\u2019s Retreat 2024!<\/a><\/strong><\/p>\n<h5><strong>| <span style=\"color: #ec6c23;\">GBTQ men*<\/span>\u00a0|<\/strong><\/h5>\n<p>Mache eine au\u00dfergew\u00f6hnliche 5-t\u00e4gige Erfahrung, die eine bewusste und verbundene Art und Weise bietet, das Jahr 2023 zu verabschieden und die Ankunft des Jahres 2024 zu begr\u00fc\u00dfen. <strong>Tauche ein in eine transformative Reise mit bedeutsamen Connections, kraftvollenRitualen und genussvollem Feiern.<\/strong> Lasse das vergangene Jahr Revue passieren und denke \u00fcber die Ziele nach, die du im neuen Jahr manifestieren oder anziehen m\u00f6chtest.<\/p>\n","protected":false},"author":14,"featured_media":9263,"template":"","meta":{"pmpro_default_level":"","inline_featured_image":false},"product_brand":[],"product_cat":[83],"product_tag":[256],"class_list":{"0":"post-7567","1":"product","2":"type-product","3":"status-publish","4":"has-post-thumbnail","6":"product_cat-workshops","7":"product_tag-gbtq-men","8":"pmpro-has-access","10":"first","11":"outofstock","12":"product-type-variable"},"wpml_current_locale":"de_DE","wpml_translations":{"en_US":{"locale":"en_US","id":9665,"slug":"new-years-retreat","post_title":"New Year's Retreat 2023","href":"https:\/\/wearevillage.org\/en\/shop\/new-year-retreat\/w52"}},"language":{"code":"de","locale":"","name":"","is_rtl":false},"_links":{"self":[{"href":"https:\/\/wearevillage.org\/wp-json\/wp\/v2\/product\/7567","targetHints":{"allow":["GET"]}}],"collection":[{"href":"https:\/\/wearevillage.org\/wp-json\/wp\/v2\/product"}],"about":[{"href":"https:\/\/wearevillage.org\/wp-json\/wp\/v2\/types\/product"}],"author":[{"embeddable":true,"href":"https:\/\/wearevillage.org\/wp-json\/wp\/v2\/users\/14"}],"wp:featuredmedia":[{"embeddable":true,"href":"https:\/\/wearevillage.org\/wp-json\/wp\/v2\/media\/9263"}],"wp:attachment":[{"href":"https:\/\/wearevillage.org\/wp-json\/wp\/v2\/media?parent=7567"}],"wp:term":[{"taxonomy":"product_brand","embeddable":true,"href":"https:\/\/wearevillage.org\/wp-json\/wp\/v2\/product_brand?post=7567"},{"taxonomy":"product_cat","embeddable":true,"href":"https:\/\/wearevillage.org\/wp-json\/wp\/v2\/product_cat?post=7567"},{"taxonomy":"product_tag","embeddable":true,"href":"https:\/\/wearevillage.org\/wp-json\/wp\/v2\/product_tag?post=7567"}],"curies":[{"name":"wp","href":"https:\/\/api.w.org\/{rel}","templated":true}]}}