{"id":9850,"date":"2023-11-22T08:50:21","date_gmt":"2023-11-22T07:50:21","guid":{"rendered":"https:\/\/wearevillage.org\/?post_type=product&#038;p=9850"},"modified":"2023-12-06T11:32:55","modified_gmt":"2023-12-06T10:32:55","slug":"village-film-night-hedwig-and-the-angry-inch-kopie","status":"publish","type":"product","link":"https:\/\/wearevillage.org\/shop\/village-film\/w5-2024\/","title":{"rendered":"Village Film Night \u2013 Passages"},"content":{"rendered":"<div class=\"wpb-content-wrapper\"><div class=\"vc_row wpb_row vc_row-fluid\"><div class=\"wpb_column vc_column_container vc_col-sm-10\"><div class=\"vc_column-inner\"><div class=\"wpb_wrapper\"><\/div><\/div><\/div><div class=\"wpb_column vc_column_container vc_col-sm-2\"><div class=\"vc_column-inner\"><div class=\"wpb_wrapper\"><\/div><\/div><\/div><\/div><div class=\"vc_row wpb_row vc_row-fluid\"><div class=\"wpb_column vc_column_container vc_col-sm-12\"><div class=\"vc_column-inner\"><div class=\"wpb_wrapper\"><h4 style=\"text-align: left\" class=\"vc_custom_heading vc_do_custom_heading\" >Village Film Night \u2013 Passages by Ira Sachs (2023)<\/h4><h5 style=\"text-align: left\" class=\"vc_custom_heading vc_do_custom_heading\" >Host: Marcelo Alves<\/h5>\n\t<div class=\"wpb_text_column wpb_content_element\" >\n\t\t<div class=\"wpb_wrapper\">\n\t\t\t<p>\u201ePassages\u201c, \u00a0Ira Sachs, 2023, 92 min, OV Franz\u00f6sisch und Englisch mit deutschen Untertiteln<\/p>\n<p>Tomas und Martin sind ein schwules Paar in Paris, dessen Ehe in eine Krise ger\u00e4t, als Tomas impulsiv eine leidenschaftliche Aff\u00e4re mit der jungen Lehrerin Agathe beginnt. Als Martin jedoch selbst eine Aff\u00e4re beginnt, muss sich Tomas mit Lebensentscheidungen auseinandersetzen, auf die er vielleicht nicht vorbereitet ist \u2013 oder die er nicht treffen will. \u2013 MUBI<\/p>\n<p>In Ira Sachs\u2018 und Mauricio Zacharias\u2018 neuester Kollaboration, die im Paris der Gegenwart spielt, werden wir in ein auf den ersten Blick idyllisches, sexy urbanes Boho-Chic-Leben hineingeworfen, das dann zu einem chaotischen Zerw\u00fcrfnis zwischen Liebenden f\u00fchrt. Bei diesem Screening werden wir einige der Reize offener Beziehungen, unerwartete Entwicklungen, die sich daraus ergeben, und die Bedeutung des freien Willens in einer solchen Dynamik untersuchen. Auch die Rolle der Kost\u00fcme bei der Charakterentwicklung wird im Rahmen der Diskussion beleuchtet.<\/p>\n<p>Die monatliche Filmnacht von Village.Berlin hat sich zu einem Muss f\u00fcr Cineasten entwickelt, die eine Auswahl an beliebten Klassikern genie\u00dfen wollen. Das Programm umfasst eine breite Erkundung queerer und nicht-normativer Perspektiven in verschiedenen Genres und k\u00fcnstlerischen Stilen, die \u00fcber LGBTQI+Themen hinausgehen. Nach jeder Vorf\u00fchrung werden die G\u00e4ste zum Verweilen und zur Teilnahme an entspannten Gruppendiskussionen \u00fcber die Filme und damit verbundene Themen eingeladen.<\/p>\n\n\t\t<\/div>\n\t<\/div>\n<\/div><\/div><\/div><\/div>\n<\/div>","protected":false},"excerpt":{"rendered":"<h5>Dienstag<br \/>\n19:30 \u2013 22:30<br \/>\nEintritt frei<\/h5>\n<p class=\"p1\"><strong>| <span style=\"color: #ec6c23;\">LGBTQIA+<\/span>|<\/strong><\/p>\n<p>\u201ePassages\u201c: Tomas und Martin sind ein schwules Paar in Paris, dessen Ehe in eine Krise ger\u00e4t, als Tomas impulsiv eine leidenschaftliche Aff\u00e4re mit der jungen Lehrerin Agathe beginnt.<\/p>\n","protected":false},"author":12,"featured_media":9870,"template":"","meta":{"pmpro_default_level":"","inline_featured_image":false},"product_brand":[],"product_cat":[77,769,79],"product_tag":[469],"class_list":{"0":"post-9850","1":"product","2":"type-product","3":"status-publish","4":"has-post-thumbnail","6":"product_cat-community-events","7":"product_cat-kostenloser-zugang","8":"product_cat-monatliche-events","9":"product_tag-lgbtqiaplus","10":"pmpro-has-access","12":"first","13":"outofstock","14":"purchasable","15":"product-type-variable"},"wpml_current_locale":"de_DE","wpml_translations":{"en_US":{"locale":"en_US","id":9851,"slug":"village-film-night-hedwig-and-the-angry-inch-kopie","post_title":"Village Film Night \u2013 Passages","href":"https:\/\/wearevillage.org\/en\/shop\/village-film\/w5-2024"}},"language":{"code":"de","locale":"","name":"","is_rtl":false},"_links":{"self":[{"href":"https:\/\/wearevillage.org\/wp-json\/wp\/v2\/product\/9850","targetHints":{"allow":["GET"]}}],"collection":[{"href":"https:\/\/wearevillage.org\/wp-json\/wp\/v2\/product"}],"about":[{"href":"https:\/\/wearevillage.org\/wp-json\/wp\/v2\/types\/product"}],"author":[{"embeddable":true,"href":"https:\/\/wearevillage.org\/wp-json\/wp\/v2\/users\/12"}],"wp:featuredmedia":[{"embeddable":true,"href":"https:\/\/wearevillage.org\/wp-json\/wp\/v2\/media\/9870"}],"wp:attachment":[{"href":"https:\/\/wearevillage.org\/wp-json\/wp\/v2\/media?parent=9850"}],"wp:term":[{"taxonomy":"product_brand","embeddable":true,"href":"https:\/\/wearevillage.org\/wp-json\/wp\/v2\/product_brand?post=9850"},{"taxonomy":"product_cat","embeddable":true,"href":"https:\/\/wearevillage.org\/wp-json\/wp\/v2\/product_cat?post=9850"},{"taxonomy":"product_tag","embeddable":true,"href":"https:\/\/wearevillage.org\/wp-json\/wp\/v2\/product_tag?post=9850"}],"curies":[{"name":"wp","href":"https:\/\/api.w.org\/{rel}","templated":true}]}}