{"id":9914,"date":"2023-11-23T19:24:55","date_gmt":"2023-11-23T18:24:55","guid":{"rendered":"https:\/\/wearevillage.org\/?post_type=product&#038;p=9914"},"modified":"2023-12-08T19:51:36","modified_gmt":"2023-12-08T18:51:36","slug":"village-potluck-kopie","status":"publish","type":"product","link":"https:\/\/wearevillage.org\/shop\/potluck\/w2-2024\/","title":{"rendered":"Village Potluck"},"content":{"rendered":"<div class=\"wpb-content-wrapper\"><div class=\"vc_row wpb_row vc_row-fluid\"><div class=\"wpb_column vc_column_container vc_col-sm-12\"><div class=\"vc_column-inner\"><div class=\"wpb_wrapper\"><h4 style=\"text-align: left\" class=\"vc_custom_heading vc_do_custom_heading\" >Village Potluck<\/h4><h5 style=\"text-align: left\" class=\"vc_custom_heading vc_do_custom_heading\" >vom Volunteer Team organisiert<\/h5>\n\t<div class=\"wpb_text_column wpb_content_element\" >\n\t\t<div class=\"wpb_wrapper\">\n\t\t\t<div class=\"x11i5rnm xat24cr x1mh8g0r x1vvkbs xtlvy1s\">\n<p>Gemeinsam Zeit verbringen! In diesem Sinne l\u00e4dt dich das Village dazu ein, an diesem kostenlosen Event teilzunehmen, zu genie\u00dfen, zu lachen und neue Freundschaften zu schlie\u00dfen. Bring einfach etwas zu Essen deiner Wahl mit (wenn m\u00f6glich)\u00a0und wir essen & trinken zusammen in gem\u00fctlicher, lockerer Runde. Gerne kannst du auch deine Freunde dazu einladen \u2013 eine gute Gelegenheit zusammen eine tolle Zeit im Village zu verbringen \u2013 drinnen und im Garten.<\/p>\n<\/div>\n\n\t\t<\/div>\n\t<\/div>\n\n\t<div class=\"wpb_text_column wpb_content_element\" >\n\t\t<div class=\"wpb_wrapper\">\n\t\t\t<div class=\"x11i5rnm xat24cr x1mh8g0r x1vvkbs xtlvy1s\"><em>Dieses Event wird je nach Teilnehmerbed\u00fcrfnissen auf Deutsch und\/oder Englisch sein.<\/em><\/div>\n\n\t\t<\/div>\n\t<\/div>\n<\/div><\/div><\/div><\/div>\n<\/div>","protected":false},"excerpt":{"rendered":"<h5>Samstag (einmal im Monat)<br \/>\n19:30 \u2013 23:00<br \/>\nEintritt frei<\/h5>\n<p class=\"p1\"><strong>| <span style=\"color: #ec6c23;\">LGBTQIA+\u00a0<\/span>|<\/strong><\/p>\n<p>Gemeinsam Zeit verbringen! In diesem Sinne l\u00e4dt dich das Village dazu ein, an diesem kostenlosen Event teilzunehmen, zu genie\u00dfen, zu lachen und neue Freundschaften zu schlie\u00dfen. Bring einfach etwas zu Essen deiner Wahl mit (wenn m\u00f6glich)\u00a0und wir essen & trinken zusammen in gem\u00fctlicher, lockerer Runde.<\/p>\n","protected":false},"author":12,"featured_media":1828,"template":"","meta":{"pmpro_default_level":"","inline_featured_image":false},"product_brand":[],"product_cat":[77,769,79],"product_tag":[469],"class_list":{"0":"post-9914","1":"product","2":"type-product","3":"status-publish","4":"has-post-thumbnail","6":"product_cat-community-events","7":"product_cat-kostenloser-zugang","8":"product_cat-monatliche-events","9":"product_tag-lgbtqiaplus","10":"pmpro-has-access","12":"first","13":"outofstock","14":"purchasable","15":"product-type-variable"},"wpml_current_locale":"de_DE","wpml_translations":{"en_US":{"locale":"en_US","id":9915,"slug":"village-potluck-kopie-8","post_title":"Village Potluck","href":"https:\/\/wearevillage.org\/en\/shop\/potluck\/w2-2024"}},"language":{"code":"de","locale":"","name":"","is_rtl":false},"_links":{"self":[{"href":"https:\/\/wearevillage.org\/wp-json\/wp\/v2\/product\/9914","targetHints":{"allow":["GET"]}}],"collection":[{"href":"https:\/\/wearevillage.org\/wp-json\/wp\/v2\/product"}],"about":[{"href":"https:\/\/wearevillage.org\/wp-json\/wp\/v2\/types\/product"}],"author":[{"embeddable":true,"href":"https:\/\/wearevillage.org\/wp-json\/wp\/v2\/users\/12"}],"wp:featuredmedia":[{"embeddable":true,"href":"https:\/\/wearevillage.org\/wp-json\/wp\/v2\/media\/1828"}],"wp:attachment":[{"href":"https:\/\/wearevillage.org\/wp-json\/wp\/v2\/media?parent=9914"}],"wp:term":[{"taxonomy":"product_brand","embeddable":true,"href":"https:\/\/wearevillage.org\/wp-json\/wp\/v2\/product_brand?post=9914"},{"taxonomy":"product_cat","embeddable":true,"href":"https:\/\/wearevillage.org\/wp-json\/wp\/v2\/product_cat?post=9914"},{"taxonomy":"product_tag","embeddable":true,"href":"https:\/\/wearevillage.org\/wp-json\/wp\/v2\/product_tag?post=9914"}],"curies":[{"name":"wp","href":"https:\/\/api.w.org\/{rel}","templated":true}]}}